{"id":1008543,"date":"2025-03-03T12:16:45","date_gmt":"2025-03-03T11:16:45","guid":{"rendered":"https:\/\/www.claret.cat\/llibre\/roma-soy-yo-serie-julio-cesar-1-9788413149288\/"},"modified":"2026-01-05T18:30:07","modified_gmt":"2026-01-05T17:30:07","slug":"roma-soy-yo-serie-julio-cesar-1-9788413149288","status":"publish","type":"product","link":"https:\/\/www.claret.cat\/es\/libro\/roma-soy-yo-serie-julio-cesar-1-9788413149288\/","title":{"rendered":"ROMA SOY YO (SERIE JULIO C\u00c9SAR 1)"},"content":{"rendered":"<p>LA NOVELA M\u00c1S VENDIDA DEL A\u00d1O.  DESPU\u00c9S DE JULIO C\u00c9SAR, EL MUNDO NUNCA VOLVI\u00d3 A SER EL MISMO. Si alguna vez hubo un hombre nacido para cambiar el curso de la Historia, ese fue Julio C\u00e9sar. Su leyenda, veinte siglos despu\u00e9s, sigue m\u00e1s viva que nunca. Roma, a\u00f1o 77 a.C. El cruel senador Dolabela va a ser juzgado por corrupci\u00f3n, pero ha contratado a los mejores abogados, ha comprado al jurado y, adem\u00e1s, es conocido por usar la violencia contra todos los que se enfrentan a \u00e9l. Nadie se atreve a ser el fiscal, hasta que de pronto, contra todo pron\u00f3stico, un joven patricio de tan solo veintitr\u00e9s a\u00f1os acepta llevar la acusaci\u00f3n, defender al pueblo de Roma y desafiar el poder de las \u00e9lites. El nombre del desconocido abogado es Cayo Julio C\u00e9sar. Combinando con maestr\u00eda un exhaustivo rigor hist\u00f3rico y una capacidad narrativa extraordinaria, Santiago Posteguillo logra sumergir al lector en el fragor de las batallas, hacerle caminar por las calles m\u00e1s peligrosas mientras los sicarios de los senadores acechan en cualquier esquina, vivir la gran historia de amor de Julio C\u00e9sar con Cornelia, su primera esposa, y comprender, en definitiva, c\u00f3mo fueron los or\u00edgenes del hombre tras el mito. Hay personajes que cambian la historia del mundo, pero tambi\u00e9n hay momentos que cambian la vida de esos personajes. Roma soy yo es el relato de los extraordinarios sucesos que marcaron el destino de C\u00e9sar.<\/p>\n","protected":false},"excerpt":{"rendered":"<p>POSTEGUILLO, SANTIAGO<\/p>\n","protected":false},"featured_media":1008718,"template":"","meta":{"_acf_changed":false,"om_disable_all_campaigns":false,"rs_blank_template":"","rs_page_bg_color":"","slide_template_v7":"","inline_featured_image":false,"_monsterinsights_skip_tracking":false,"_monsterinsights_sitenote_active":false,"_monsterinsights_sitenote_note":"","_monsterinsights_sitenote_category":0},"product_brand":[],"product_cat":[130,360],"product_tag":[],"class_list":{"0":"post-1008543","1":"product","2":"type-product","3":"status-publish","4":"has-post-thumbnail","6":"product_cat-novella-historica-i-ficcio","7":"product_cat-novela-historica-y-ficcion","9":"first","10":"instock","11":"taxable","12":"shipping-taxable","13":"purchasable","14":"product-type-simple"},"acf":{"autor":"POSTEGUILLO, SANTIAGO","codart":"841314928","libros-coleccion":"","ediciones":"1","encuadernacion":"R\u00fastica","fecha_de_publicacion":"01\/03\/2025","novedad":"1","paginas":"750","subtitulo":"LA VERDADERA HISTORIA DE JULIO C\u00c9SAR","orden":"0","portada":"0","idioma":"spa","editorial":[{"ID":6137,"post_author":"3","post_date":"2022-07-28 17:45:41","post_date_gmt":"2022-07-28 15:45:41","post_content":"","post_title":"B de Bolsillo","post_excerpt":"","post_status":"publish","comment_status":"closed","ping_status":"closed","post_password":"","post_name":"b-de-bolsillo","to_ping":"","pinged":"","post_modified":"2022-07-28 17:45:41","post_modified_gmt":"2022-07-28 15:45:41","post_content_filtered":"","post_parent":0,"guid":"http:\/\/dev.claret.cat\/editorial\/b-de-bolsillo\/","menu_order":0,"post_type":"editorial","post_mime_type":"","comment_count":"0","filter":"raw"}],"booktrailer":"","resenas":""},"aioseo_notices":[],"_links":{"self":[{"href":"https:\/\/www.claret.cat\/es\/wp-json\/wp\/v2\/product\/1008543","targetHints":{"allow":["GET"]}}],"collection":[{"href":"https:\/\/www.claret.cat\/es\/wp-json\/wp\/v2\/product"}],"about":[{"href":"https:\/\/www.claret.cat\/es\/wp-json\/wp\/v2\/types\/product"}],"wp:featuredmedia":[{"embeddable":true,"href":"https:\/\/www.claret.cat\/es\/wp-json\/wp\/v2\/media\/1008718"}],"wp:attachment":[{"href":"https:\/\/www.claret.cat\/es\/wp-json\/wp\/v2\/media?parent=1008543"}],"wp:term":[{"taxonomy":"product_brand","embeddable":true,"href":"https:\/\/www.claret.cat\/es\/wp-json\/wp\/v2\/product_brand?post=1008543"},{"taxonomy":"product_cat","embeddable":true,"href":"https:\/\/www.claret.cat\/es\/wp-json\/wp\/v2\/product_cat?post=1008543"},{"taxonomy":"product_tag","embeddable":true,"href":"https:\/\/www.claret.cat\/es\/wp-json\/wp\/v2\/product_tag?post=1008543"}],"curies":[{"name":"wp","href":"https:\/\/api.w.org\/{rel}","templated":true}]}}