{"id":1008599,"date":"2025-03-03T12:55:56","date_gmt":"2025-03-03T11:55:56","guid":{"rendered":"https:\/\/www.claret.cat\/llibre\/mi-primer-mortadelo-y-filemon-inventos-menudos-experimentos-9788402430434\/"},"modified":"2025-04-28T10:45:06","modified_gmt":"2025-04-28T08:45:06","slug":"mi-primer-mortadelo-y-filemon-inventos-menudos-experimentos-9788402430434","status":"publish","type":"product","link":"https:\/\/www.claret.cat\/es\/libro\/mi-primer-mortadelo-y-filemon-inventos-menudos-experimentos-9788402430434\/","title":{"rendered":"MI PRIMER MORTADELO Y FILEM\u00d3N &#8211; INVENTOS, \u00a1MENUDOS EXPERIMENTOS!"},"content":{"rendered":"<p>Descubre las aventuras de Mortadelo y Filem\u00f3n en la nueva recopilaci\u00f3n de historietas, con p\u00e1ginas de actividades y juegos extra para pasarlo en grande. Mi primer Mortadelo y Filem\u00f3n es una nueva colecci\u00f3n que recopila las historietas m\u00e1s famosas de estos ic\u00f3nicos personajes para que nuevos lectores los descubran y acompa\u00f1en en el salto definitivo a la lectura. En este volumen: en Los inventos del profesor Bacterio, Mortadelo y Filem\u00f3n ser\u00e1n obligados a probar todos los inventos, p\u00f3cimas y experimentos que el nuevo cient\u00edfico de la TIA ha hecho para ayudar a los agentes en su lucha contra el crimen. En La m\u00e1quina de copiar gente, un malhechor se ha hecho con el \u00faltimo invento del profesor Bacterio, una m\u00e1quina capaz de copiar a las personas y dotarles de un cerebro distinto. \u00a1Deben encontrarlo antes de que ocurra una calamidad! \u00bfQu\u00e9 encontrar\u00e1s en este libro? *Dos desternillantes historietas cl\u00e1sicas de Mortadelo y Filem\u00f3n sobre los animales m\u00e1s locos de la ciudad. *Actividades y pasatiempos para demostrar que eres el mejor agente de la T.I.A. *P\u00e1gina de personajes, curiosidades y detalles interesant\u00edsimos que quiz\u00e1 te hayas perdido mientras le\u00edas.<\/p>\n","protected":false},"excerpt":{"rendered":"<p>IB\u00c1\u00d1EZ, FRANCISCO<\/p>\n","protected":false},"featured_media":1008600,"template":"","meta":{"_acf_changed":false,"om_disable_all_campaigns":false,"rs_blank_template":"","rs_page_bg_color":"","slide_template_v7":"","inline_featured_image":false,"_monsterinsights_skip_tracking":false,"_monsterinsights_sitenote_active":false,"_monsterinsights_sitenote_note":"","_monsterinsights_sitenote_category":0},"product_brand":[],"product_cat":[558,108],"product_tag":[],"class_list":{"0":"post-1008599","1":"product","2":"type-product","3":"status-publish","4":"has-post-thumbnail","6":"product_cat-comic-3_infantil-juvenil-spa-spa","7":"product_cat-comic","9":"first","10":"instock","11":"taxable","12":"shipping-taxable","13":"purchasable","14":"product-type-simple"},"acf":{"autor":"IB\u00c1\u00d1EZ, FRANCISCO","codart":"840243043","libros-coleccion":"Bruguera Cl\u00e1sica","ediciones":"1","encuadernacion":"Carton\u00e9","fecha_de_publicacion":"01\/03\/2025","novedad":"1","paginas":"120","subtitulo":"\u00a1CON ACTIVIDADES Y JUEGOS PARA PASARLO EN GRANDE!","orden":"0","portada":"0","idioma":"spa","editorial":[{"ID":6253,"post_author":"3","post_date":"2022-07-28 17:48:14","post_date_gmt":"2022-07-28 15:48:14","post_content":"","post_title":"Facultat Teologia de Catalunya","post_excerpt":"","post_status":"publish","comment_status":"closed","ping_status":"closed","post_password":"","post_name":"facultat-teologia-de-catalunya","to_ping":"","pinged":"","post_modified":"2022-07-28 17:48:14","post_modified_gmt":"2022-07-28 15:48:14","post_content_filtered":"","post_parent":0,"guid":"http:\/\/dev.claret.cat\/editorial\/facultat-teologia-de-catalunya\/","menu_order":0,"post_type":"editorial","post_mime_type":"","comment_count":"0","filter":"raw"}],"booktrailer":"","resenas":""},"aioseo_notices":[],"_links":{"self":[{"href":"https:\/\/www.claret.cat\/es\/wp-json\/wp\/v2\/product\/1008599","targetHints":{"allow":["GET"]}}],"collection":[{"href":"https:\/\/www.claret.cat\/es\/wp-json\/wp\/v2\/product"}],"about":[{"href":"https:\/\/www.claret.cat\/es\/wp-json\/wp\/v2\/types\/product"}],"wp:featuredmedia":[{"embeddable":true,"href":"https:\/\/www.claret.cat\/es\/wp-json\/wp\/v2\/media\/1008600"}],"wp:attachment":[{"href":"https:\/\/www.claret.cat\/es\/wp-json\/wp\/v2\/media?parent=1008599"}],"wp:term":[{"taxonomy":"product_brand","embeddable":true,"href":"https:\/\/www.claret.cat\/es\/wp-json\/wp\/v2\/product_brand?post=1008599"},{"taxonomy":"product_cat","embeddable":true,"href":"https:\/\/www.claret.cat\/es\/wp-json\/wp\/v2\/product_cat?post=1008599"},{"taxonomy":"product_tag","embeddable":true,"href":"https:\/\/www.claret.cat\/es\/wp-json\/wp\/v2\/product_tag?post=1008599"}],"curies":[{"name":"wp","href":"https:\/\/api.w.org\/{rel}","templated":true}]}}