{"id":1008623,"date":"2025-03-03T13:05:16","date_gmt":"2025-03-03T12:05:16","guid":{"rendered":"https:\/\/www.claret.cat\/llibre\/mortadelo-y-filemon-rapto-tremendo-magos-del-humor-99-9788402430458\/"},"modified":"2025-03-03T13:20:29","modified_gmt":"2025-03-03T12:20:29","slug":"mortadelo-y-filemon-rapto-tremendo-magos-del-humor-99-9788402430458","status":"publish","type":"product","link":"https:\/\/www.claret.cat\/es\/libro\/mortadelo-y-filemon-rapto-tremendo-magos-del-humor-99-9788402430458\/","title":{"rendered":"MORTADELO Y FILEM\u00d3N. \u00a1RAPTO TREMENDO! (MAGOS DEL HUMOR 99)"},"content":{"rendered":"<p>N\u00famero 99 de la colecci\u00f3n Magos del Humor En esta aventura de 2004 Mortadelo y Filem\u00f3n tendr\u00e1n que dar con el paradero del dibujante de sus aventuras. \u00a1El mism\u00edsimo Francisco Ib\u00e1\u00f1ez ha sido raptado! La T.I.A. toma cartas en el asunto y pone a investigar a sus agentes que, en esta historia, contar\u00e1n con la valiosa colaboraci\u00f3n de Rompetechos, el \u00fanico testigo que hay de la desaparici\u00f3n de Ib\u00e1\u00f1ez. Sobre la colecci\u00f3n: La colecci\u00f3n Magos del Humor naci\u00f3 en la editorial Bruguera en el a\u00f1o 1984 recuperando t\u00edtulos que ya hab\u00edan sido publicados en su antecesora Ases del Humor (1969). Debido al cierre de Bruguera en 1986, en esta etapa solo llegaron a ver la luz los primeros 12 vol\u00famenes de la serie, pero en 1987 Ediciones B retom\u00f3 la publicaci\u00f3n de la colecci\u00f3n desde su primer n\u00famero hasta la actualidad. Magos del Humor, con su formato coleccionista en tapa dura de 210 x 290 mm, es la colecci\u00f3n en la que aparecen por primera vez las aventuras in\u00e9ditas de Mortadelo y Filem\u00f3n y de Superl\u00f3pez, aunque tambi\u00e9n puede encontrarse material de grandes personajes de Bruguera como Zipi y Zape de Escobar, 13, Rue del Percebe, Pepe Gotera y Otilio, El botones Sacarino, La familia Trapisonda y Rompetechos de Ib\u00e1\u00f1ez, Los cuentos de t\u00edo V\u00e1zquez o La familia Cebolleta de Manuel V\u00e1zquez, entre otros.<\/p>\n","protected":false},"excerpt":{"rendered":"<p>IB\u00c1\u00d1EZ, FRANCISCO<\/p>\n","protected":false},"featured_media":1008624,"template":"","meta":{"_acf_changed":false,"om_disable_all_campaigns":false,"rs_blank_template":"","rs_page_bg_color":"","slide_template_v7":"","inline_featured_image":false,"_monsterinsights_skip_tracking":false,"_monsterinsights_sitenote_active":false,"_monsterinsights_sitenote_note":"","_monsterinsights_sitenote_category":0},"product_brand":[],"product_cat":[108,558],"product_tag":[],"class_list":{"0":"post-1008623","1":"product","2":"type-product","3":"status-publish","4":"has-post-thumbnail","6":"product_cat-comic","7":"product_cat-comic-3_infantil-juvenil-spa-spa","9":"first","10":"instock","11":"taxable","12":"shipping-taxable","13":"purchasable","14":"product-type-simple"},"acf":{"autor":"IB\u00c1\u00d1EZ, FRANCISCO","codart":"840243045","libros-coleccion":"Cl\u00e1sica","ediciones":"1","encuadernacion":"Carton\u00e9","fecha_de_publicacion":"01\/03\/2025","novedad":"1","paginas":"46","subtitulo":"","orden":"0","portada":"0","idioma":"spa","editorial":[{"ID":6253,"post_author":"3","post_date":"2022-07-28 17:48:14","post_date_gmt":"2022-07-28 15:48:14","post_content":"","post_title":"Facultat Teologia de Catalunya","post_excerpt":"","post_status":"publish","comment_status":"closed","ping_status":"closed","post_password":"","post_name":"facultat-teologia-de-catalunya","to_ping":"","pinged":"","post_modified":"2022-07-28 17:48:14","post_modified_gmt":"2022-07-28 15:48:14","post_content_filtered":"","post_parent":0,"guid":"http:\/\/dev.claret.cat\/editorial\/facultat-teologia-de-catalunya\/","menu_order":0,"post_type":"editorial","post_mime_type":"","comment_count":"0","filter":"raw"}]},"aioseo_notices":[],"_links":{"self":[{"href":"https:\/\/www.claret.cat\/es\/wp-json\/wp\/v2\/product\/1008623","targetHints":{"allow":["GET"]}}],"collection":[{"href":"https:\/\/www.claret.cat\/es\/wp-json\/wp\/v2\/product"}],"about":[{"href":"https:\/\/www.claret.cat\/es\/wp-json\/wp\/v2\/types\/product"}],"wp:featuredmedia":[{"embeddable":true,"href":"https:\/\/www.claret.cat\/es\/wp-json\/wp\/v2\/media\/1008624"}],"wp:attachment":[{"href":"https:\/\/www.claret.cat\/es\/wp-json\/wp\/v2\/media?parent=1008623"}],"wp:term":[{"taxonomy":"product_brand","embeddable":true,"href":"https:\/\/www.claret.cat\/es\/wp-json\/wp\/v2\/product_brand?post=1008623"},{"taxonomy":"product_cat","embeddable":true,"href":"https:\/\/www.claret.cat\/es\/wp-json\/wp\/v2\/product_cat?post=1008623"},{"taxonomy":"product_tag","embeddable":true,"href":"https:\/\/www.claret.cat\/es\/wp-json\/wp\/v2\/product_tag?post=1008623"}],"curies":[{"name":"wp","href":"https:\/\/api.w.org\/{rel}","templated":true}]}}