{"id":1008650,"date":"2025-03-03T13:11:59","date_gmt":"2025-03-03T12:11:59","guid":{"rendered":"https:\/\/www.claret.cat\/llibre\/las-golondrinas-de-kabul-9788420683751\/"},"modified":"2025-03-18T16:51:02","modified_gmt":"2025-03-18T15:51:02","slug":"las-golondrinas-de-kabul-9788420683751","status":"publish","type":"product","link":"https:\/\/www.claret.cat\/es\/libro\/las-golondrinas-de-kabul-9788420683751\/","title":{"rendered":"LAS GOLONDRINAS DE KABUL"},"content":{"rendered":"<p>En un Kabul miserable en el que ya no se oye a las golondrinas sino los graznidos de los cuervos y los aullidos de los lobos, diversos personajes se muestran incapaces de sobreponerse a un destino marcado por sus miserias, cobard\u00edas y desencantos, impuestos por la irracionalidad del integrismo isl\u00e1mico. La represi\u00f3n social y religiosa en el Afganist\u00e1n gobernado por los talibanes tiene como principales manifestaciones la banalizaci\u00f3n del mal, la histeria de las masas, las humillaciones, las ejecuciones en forma de lapidaci\u00f3n y la soledad cuando sobreviene la tragedia.<\/p>\n","protected":false},"excerpt":{"rendered":"<p>KHADRA, YASMINA<\/p>\n","protected":false},"featured_media":1008748,"template":"","meta":{"_acf_changed":false,"om_disable_all_campaigns":false,"rs_blank_template":"","rs_page_bg_color":"","slide_template_v7":"","inline_featured_image":false,"_monsterinsights_skip_tracking":false,"_monsterinsights_sitenote_active":false,"_monsterinsights_sitenote_note":"","_monsterinsights_sitenote_category":0},"product_brand":[],"product_cat":[127,357],"product_tag":[],"class_list":{"0":"post-1008650","1":"product","2":"type-product","3":"status-publish","4":"has-post-thumbnail","6":"product_cat-novella-contemporania","7":"product_cat-novela-contemporanea","9":"first","10":"instock","11":"taxable","12":"shipping-taxable","13":"purchasable","14":"product-type-simple"},"acf":{"autor":"KHADRA, YASMINA","codart":"842068375","libros-coleccion":"13\/20","ediciones":"1","encuadernacion":"R\u00fastica","fecha_de_publicacion":"01\/03\/2014","novedad":"1","paginas":"190","subtitulo":"","orden":"0","portada":"0","idioma":"spa","editorial":[{"ID":147703,"post_author":"3","post_date":"2022-10-14 11:52:36","post_date_gmt":"2022-10-14 09:52:36","post_content":"","post_title":"DELAGRAVE","post_excerpt":"","post_status":"publish","comment_status":"closed","ping_status":"closed","post_password":"","post_name":"delagrave","to_ping":"","pinged":"","post_modified":"2022-10-14 11:52:36","post_modified_gmt":"2022-10-14 09:52:36","post_content_filtered":"","post_parent":0,"guid":"http:\/\/dev.claret.cat\/editorial\/delagrave\/","menu_order":0,"post_type":"editorial","post_mime_type":"","comment_count":"0","filter":"raw"}]},"aioseo_notices":[],"_links":{"self":[{"href":"https:\/\/www.claret.cat\/es\/wp-json\/wp\/v2\/product\/1008650","targetHints":{"allow":["GET"]}}],"collection":[{"href":"https:\/\/www.claret.cat\/es\/wp-json\/wp\/v2\/product"}],"about":[{"href":"https:\/\/www.claret.cat\/es\/wp-json\/wp\/v2\/types\/product"}],"wp:featuredmedia":[{"embeddable":true,"href":"https:\/\/www.claret.cat\/es\/wp-json\/wp\/v2\/media\/1008748"}],"wp:attachment":[{"href":"https:\/\/www.claret.cat\/es\/wp-json\/wp\/v2\/media?parent=1008650"}],"wp:term":[{"taxonomy":"product_brand","embeddable":true,"href":"https:\/\/www.claret.cat\/es\/wp-json\/wp\/v2\/product_brand?post=1008650"},{"taxonomy":"product_cat","embeddable":true,"href":"https:\/\/www.claret.cat\/es\/wp-json\/wp\/v2\/product_cat?post=1008650"},{"taxonomy":"product_tag","embeddable":true,"href":"https:\/\/www.claret.cat\/es\/wp-json\/wp\/v2\/product_tag?post=1008650"}],"curies":[{"name":"wp","href":"https:\/\/api.w.org\/{rel}","templated":true}]}}