{"id":1008667,"date":"2025-03-03T13:16:23","date_gmt":"2025-03-03T12:16:23","guid":{"rendered":"https:\/\/www.claret.cat\/llibre\/la-vida-secreta-de-tu-gato-9788441551183\/"},"modified":"2025-04-23T18:51:16","modified_gmt":"2025-04-23T16:51:16","slug":"la-vida-secreta-de-tu-gato-9788441551183","status":"publish","type":"product","link":"https:\/\/www.claret.cat\/es\/libro\/la-vida-secreta-de-tu-gato-9788441551183\/","title":{"rendered":"LA VIDA SECRETA DE TU GATO"},"content":{"rendered":"<p>\u00bfTe has preguntado alguna vez c\u00f3mo ve el mundo tu gato o c\u00f3mo se comportar\u00eda si t\u00fa no estuvieras? Este fascinante libro desvela la verdad sobre por qu\u00e9 los gatos se comportan como lo hacen.Vicky Halls, autora de varios \u00e9xitos literarios, desvela los secretos de la vida de tu gato en este, su primer libro completamente ilustrado. En \u00e9l se explican todos los aspectos de su vida, desde los misterios que se esconden tras sus juegos como gatitos y sus encuentros con otros gatos, hasta ad\u00f3nde va al anochecer y qu\u00e9 se trae entre manos. Repleto de fotograf\u00edas, historias reales y los amables y expertos consejos de Vicky, te ayudar\u00e1 a ver el mundo con ojos felinos y te explicar\u00e1 todo lo que influye en el car\u00e1cter de tu gato, desde su anatom\u00eda hasta su comportamiento cotidiano.Con este libro como gu\u00eda, podr\u00e1s adentrarte en la mente de tu mascota y descubrir qu\u00e9 es lo que le motiva.<\/p>\n","protected":false},"excerpt":{"rendered":"<p>HALLS, VICKY<\/p>\n","protected":false},"featured_media":1008742,"template":"","meta":{"_acf_changed":false,"om_disable_all_campaigns":false,"rs_blank_template":"","rs_page_bg_color":"","slide_template_v7":"","inline_featured_image":false,"_monsterinsights_skip_tracking":false,"_monsterinsights_sitenote_active":false,"_monsterinsights_sitenote_note":"","_monsterinsights_sitenote_category":0},"product_brand":[],"product_cat":[90,540],"product_tag":[],"class_list":{"0":"post-1008667","1":"product","2":"type-product","3":"status-publish","4":"has-post-thumbnail","6":"product_cat-altres","7":"product_cat-otros","9":"first","10":"instock","11":"taxable","12":"shipping-taxable","13":"purchasable","14":"product-type-simple"},"acf":{"autor":"HALLS, VICKY","codart":"844155118","libros-coleccion":"Libros Singulares","ediciones":"1","encuadernacion":"R\u00fastica","fecha_de_publicacion":"01\/02\/2025","novedad":"1","paginas":"208","subtitulo":"DESCUBRE LOS MISTERIOS DE SU COMPORTAMIENTO","orden":"0","portada":"0","idioma":"spa","editorial":[{"ID":147434,"post_author":"3","post_date":"2022-10-14 11:50:33","post_date_gmt":"2022-10-14 09:50:33","post_content":"","post_title":"ANAYA MULTIMEDIA","post_excerpt":"","post_status":"publish","comment_status":"closed","ping_status":"closed","post_password":"","post_name":"anaya-multimedia","to_ping":"","pinged":"","post_modified":"2022-10-14 11:50:33","post_modified_gmt":"2022-10-14 09:50:33","post_content_filtered":"","post_parent":0,"guid":"http:\/\/dev.claret.cat\/editorial\/anaya-multimedia\/","menu_order":0,"post_type":"editorial","post_mime_type":"","comment_count":"0","filter":"raw"}],"booktrailer":"","resenas":""},"aioseo_notices":[],"_links":{"self":[{"href":"https:\/\/www.claret.cat\/es\/wp-json\/wp\/v2\/product\/1008667","targetHints":{"allow":["GET"]}}],"collection":[{"href":"https:\/\/www.claret.cat\/es\/wp-json\/wp\/v2\/product"}],"about":[{"href":"https:\/\/www.claret.cat\/es\/wp-json\/wp\/v2\/types\/product"}],"wp:featuredmedia":[{"embeddable":true,"href":"https:\/\/www.claret.cat\/es\/wp-json\/wp\/v2\/media\/1008742"}],"wp:attachment":[{"href":"https:\/\/www.claret.cat\/es\/wp-json\/wp\/v2\/media?parent=1008667"}],"wp:term":[{"taxonomy":"product_brand","embeddable":true,"href":"https:\/\/www.claret.cat\/es\/wp-json\/wp\/v2\/product_brand?post=1008667"},{"taxonomy":"product_cat","embeddable":true,"href":"https:\/\/www.claret.cat\/es\/wp-json\/wp\/v2\/product_cat?post=1008667"},{"taxonomy":"product_tag","embeddable":true,"href":"https:\/\/www.claret.cat\/es\/wp-json\/wp\/v2\/product_tag?post=1008667"}],"curies":[{"name":"wp","href":"https:\/\/api.w.org\/{rel}","templated":true}]}}