{"id":1008857,"date":"2025-03-04T12:40:32","date_gmt":"2025-03-04T11:40:32","guid":{"rendered":"https:\/\/www.claret.cat\/llibre\/caballeros-esto-no-es-una-casa-de-banos-9788419958518\/"},"modified":"2025-03-04T16:40:23","modified_gmt":"2025-03-04T15:40:23","slug":"caballeros-esto-no-es-una-casa-de-banos-9788419958518","status":"publish","type":"product","link":"https:\/\/www.claret.cat\/es\/libro\/caballeros-esto-no-es-una-casa-de-banos-9788419958518\/","title":{"rendered":"\u00abCABALLEROS, ESTO NO ES UNA CASA DE BA\u00d1OS\u00bb"},"content":{"rendered":"<p>David Hilbert fue un adelantado a su tiempo capaz de reconocer el valor de Emmy Noether, madre del \u00e1lgebra abstracta, hacerlo valer frente a sus condescendientes compa\u00f1eros universitarios y desempe\u00f1ar un papel fundamental en el desarrollo de la ciencia moderna. En su persona convergen casi todos los proyectos de investigaci\u00f3n que, de la mano de figuras como Einstein, Bohr, Heisenberg, G\u00f6del y Turing, dar\u00edan inicio a una nueva era. En este fascinante ensayo, Georg von Wallwitz rescata del olvido al matem\u00e1tico m\u00e1s prestigioso de la primera mitad del siglo xx, que abri\u00f3 el camino a los grandes cient\u00edficos de nuestro tiempo, y nos muestra que en el mundo de las ideas tambi\u00e9n hay vida, y rebasar los l\u00edmites que nos impone la realidad objetiva puede ser una experiencia fabulosa.<\/p>\n","protected":false},"excerpt":{"rendered":"<p>VON WALLWITZ, GEORG<\/p>\n","protected":false},"featured_media":1009146,"template":"","meta":{"_acf_changed":false,"om_disable_all_campaigns":false,"rs_blank_template":"","rs_page_bg_color":"","slide_template_v7":"","inline_featured_image":false,"_monsterinsights_skip_tracking":false,"_monsterinsights_sitenote_active":false,"_monsterinsights_sitenote_note":"","_monsterinsights_sitenote_category":0},"product_brand":[],"product_cat":[104,554],"product_tag":[],"class_list":{"0":"post-1008857","1":"product","2":"type-product","3":"status-publish","4":"has-post-thumbnail","6":"product_cat-ciencia","7":"product_cat-ciencia-5_otras-spa","9":"first","10":"instock","11":"taxable","12":"shipping-taxable","13":"purchasable","14":"product-type-simple"},"acf":{"autor":"VON WALLWITZ, GEORG","codart":"841995851","libros-coleccion":"El Acantilado","ediciones":"1","encuadernacion":"R\u00fastica","fecha_de_publicacion":"01\/03\/2025","novedad":"1","paginas":"269","subtitulo":"","orden":"0","portada":"0","idioma":"spa","editorial":[{"ID":6111,"post_author":"3","post_date":"2022-07-28 17:45:08","post_date_gmt":"2022-07-28 15:45:08","post_content":"","post_title":"ACANTILADO","post_excerpt":"","post_status":"publish","comment_status":"closed","ping_status":"closed","post_password":"","post_name":"acantilado","to_ping":"","pinged":"","post_modified":"2022-07-28 17:45:08","post_modified_gmt":"2022-07-28 15:45:08","post_content_filtered":"","post_parent":0,"guid":"http:\/\/dev.claret.cat\/editorial\/acantilado\/","menu_order":0,"post_type":"editorial","post_mime_type":"","comment_count":"0","filter":"raw"}]},"aioseo_notices":[],"_links":{"self":[{"href":"https:\/\/www.claret.cat\/es\/wp-json\/wp\/v2\/product\/1008857","targetHints":{"allow":["GET"]}}],"collection":[{"href":"https:\/\/www.claret.cat\/es\/wp-json\/wp\/v2\/product"}],"about":[{"href":"https:\/\/www.claret.cat\/es\/wp-json\/wp\/v2\/types\/product"}],"wp:featuredmedia":[{"embeddable":true,"href":"https:\/\/www.claret.cat\/es\/wp-json\/wp\/v2\/media\/1009146"}],"wp:attachment":[{"href":"https:\/\/www.claret.cat\/es\/wp-json\/wp\/v2\/media?parent=1008857"}],"wp:term":[{"taxonomy":"product_brand","embeddable":true,"href":"https:\/\/www.claret.cat\/es\/wp-json\/wp\/v2\/product_brand?post=1008857"},{"taxonomy":"product_cat","embeddable":true,"href":"https:\/\/www.claret.cat\/es\/wp-json\/wp\/v2\/product_cat?post=1008857"},{"taxonomy":"product_tag","embeddable":true,"href":"https:\/\/www.claret.cat\/es\/wp-json\/wp\/v2\/product_tag?post=1008857"}],"curies":[{"name":"wp","href":"https:\/\/api.w.org\/{rel}","templated":true}]}}