{"id":1008875,"date":"2025-03-04T12:46:10","date_gmt":"2025-03-04T11:46:10","guid":{"rendered":"https:\/\/www.claret.cat\/llibre\/la-vuelta-al-mundo-en-80-dias-9788411325547\/"},"modified":"2025-07-04T12:40:46","modified_gmt":"2025-07-04T10:40:46","slug":"la-vuelta-al-mundo-en-80-dias-9788411325547","status":"publish","type":"product","link":"https:\/\/www.claret.cat\/es\/libro\/la-vuelta-al-mundo-en-80-dias-9788411325547\/","title":{"rendered":"LA VUELTA AL MUNDO EN 80 D\u00cdAS"},"content":{"rendered":"<p>EDICI\u00d3N ESPECIAL 120 ANIVERSARIO\u00a0\u00bfAlguna vez te han dicho que algo es imposible? \u00a1Eso es exactamente lo que le pasa a Phileas Fogg! Todos pensaban que estaba loco cuando dijo que podr\u00eda dar la vuelta al mundo en 80 d\u00edas,\u00a0pero junto a su fiel compa\u00f1ero Passepartout emprende esa gran aventura. Juntos cruzan oc\u00e9anos,\u00a0viajan en trenes veloces por paisajes sorprendentes y \u00a1hasta montan en elefante!\u00a0Con la ayuda de nuevos amigos y mucho coraje, \u00a1ver\u00e1n que nada es imposible si se tiene un gran sue\u00f1o y se persigue con determinaci\u00f3n! \u00bfLograr\u00e1n cumplir su misi\u00f3n a tiempo?\u00a0\u00a1Prep\u00e1rate para un viaje inolvidable!<\/p>\n","protected":false},"excerpt":{"rendered":"<p>VERNE, JULIO<\/p>\n","protected":false},"featured_media":1008876,"template":"","meta":{"_acf_changed":false,"om_disable_all_campaigns":false,"rs_blank_template":"","rs_page_bg_color":"","slide_template_v7":"","inline_featured_image":false,"_monsterinsights_skip_tracking":false,"_monsterinsights_sitenote_active":false,"_monsterinsights_sitenote_note":"","_monsterinsights_sitenote_category":0},"product_brand":[],"product_cat":[132,362],"product_tag":[],"class_list":{"0":"post-1008875","1":"product","2":"type-product","3":"status-publish","4":"has-post-thumbnail","6":"product_cat-lectures-per-preadolescents-6-12-anys","7":"product_cat-libros-preadolescentes-6-12-anos","9":"first","10":"instock","11":"taxable","12":"shipping-taxable","13":"purchasable","14":"product-type-simple"},"acf":{"autor":"VERNE, JULIO","codart":"841132554","libros-coleccion":"INFANTIL","ediciones":"1","encuadernacion":"Carton\u00e9","fecha_de_publicacion":"01\/03\/2025","novedad":"1","paginas":"138","subtitulo":"","orden":"0","portada":"0","idioma":"spa","editorial":[{"ID":148737,"post_author":"3","post_date":"2022-10-14 12:00:35","post_date_gmt":"2022-10-14 10:00:35","post_content":"","post_title":"RBA Libros","post_excerpt":"","post_status":"publish","comment_status":"closed","ping_status":"closed","post_password":"","post_name":"rba-libros","to_ping":"","pinged":"","post_modified":"2022-10-14 12:00:35","post_modified_gmt":"2022-10-14 10:00:35","post_content_filtered":"","post_parent":0,"guid":"http:\/\/dev.claret.cat\/editorial\/rba-libros\/","menu_order":0,"post_type":"editorial","post_mime_type":"","comment_count":"0","filter":"raw"}],"booktrailer":"","resenas":""},"aioseo_notices":[],"_links":{"self":[{"href":"https:\/\/www.claret.cat\/es\/wp-json\/wp\/v2\/product\/1008875","targetHints":{"allow":["GET"]}}],"collection":[{"href":"https:\/\/www.claret.cat\/es\/wp-json\/wp\/v2\/product"}],"about":[{"href":"https:\/\/www.claret.cat\/es\/wp-json\/wp\/v2\/types\/product"}],"wp:featuredmedia":[{"embeddable":true,"href":"https:\/\/www.claret.cat\/es\/wp-json\/wp\/v2\/media\/1008876"}],"wp:attachment":[{"href":"https:\/\/www.claret.cat\/es\/wp-json\/wp\/v2\/media?parent=1008875"}],"wp:term":[{"taxonomy":"product_brand","embeddable":true,"href":"https:\/\/www.claret.cat\/es\/wp-json\/wp\/v2\/product_brand?post=1008875"},{"taxonomy":"product_cat","embeddable":true,"href":"https:\/\/www.claret.cat\/es\/wp-json\/wp\/v2\/product_cat?post=1008875"},{"taxonomy":"product_tag","embeddable":true,"href":"https:\/\/www.claret.cat\/es\/wp-json\/wp\/v2\/product_tag?post=1008875"}],"curies":[{"name":"wp","href":"https:\/\/api.w.org\/{rel}","templated":true}]}}