{"id":1009036,"date":"2025-03-04T14:00:18","date_gmt":"2025-03-04T13:00:18","guid":{"rendered":"https:\/\/www.claret.cat\/llibre\/la-chica-del-verano-9788448042455\/"},"modified":"2025-03-04T17:50:19","modified_gmt":"2025-03-04T16:50:19","slug":"la-chica-del-verano-9788448042455","status":"publish","type":"product","link":"https:\/\/www.claret.cat\/es\/libro\/la-chica-del-verano-9788448042455\/","title":{"rendered":"LA CHICA DEL VERANO"},"content":{"rendered":"<p><em>La Vecina Rubia<\/em>, el fen\u00f3meno editorial que arrasa en librer\u00edas, cierra su inolvidable saga con una historia de madurez, amistad y valent\u00eda.<\/p>\n<p><strong>Los finales felices son para los valientes.<\/strong><\/p>\n<p>A lo largo de la vida, aprendemos que cada etapa tiene su final y que saber cerrarlas es parte del crecimiento. <strong>La madurez nos sorprendi\u00f3 sin avisar<\/strong>, con la enfermedad de Luc\u00eda, los sue\u00f1os que se escapan, <strong>los secretos que pesan y decisiones que lo cambian todo<\/strong>.<\/p>\n<p><strong>\u00bfSeguir un sue\u00f1o o renunciar a \u00e9l? \u00bfSer madre o elegir el amor? \u00bfPuede el anonimato sostenerse para siempre?<\/strong><\/p>\n<p>En este emotivo desenlace, la adolescente rubia de 16 a\u00f1os se convierte en una mujer que debe afrontar su destino: ser, para siempre, <strong>La Vecina Rubia<\/strong>.<\/p>\n","protected":false},"excerpt":{"rendered":"<p>LA VECINA RUBIA<\/p>\n","protected":false},"featured_media":1009172,"template":"","meta":{"_acf_changed":false,"om_disable_all_campaigns":false,"rs_blank_template":"","rs_page_bg_color":"","slide_template_v7":"","inline_featured_image":false,"_monsterinsights_skip_tracking":false,"_monsterinsights_sitenote_active":false,"_monsterinsights_sitenote_note":"","_monsterinsights_sitenote_category":0},"product_brand":[],"product_cat":[127,357],"product_tag":[],"class_list":{"0":"post-1009036","1":"product","2":"type-product","3":"status-publish","4":"has-post-thumbnail","6":"product_cat-novella-contemporania","7":"product_cat-novela-contemporanea","9":"first","10":"instock","11":"taxable","12":"shipping-taxable","13":"purchasable","14":"product-type-simple"},"acf":{"autor":"LA VECINA RUBIA","codart":"844804245","libros-coleccion":"Novela","ediciones":"1","encuadernacion":"R\u00fastica","fecha_de_publicacion":"01\/03\/2025","novedad":"1","paginas":"430","subtitulo":"SAGA VERANO","orden":"0","portada":"0","idioma":"spa","editorial":[{"ID":148426,"post_author":"3","post_date":"2022-10-14 11:58:09","post_date_gmt":"2022-10-14 09:58:09","post_content":"","post_title":"LIBROS C\u00daPULA","post_excerpt":"","post_status":"publish","comment_status":"closed","ping_status":"closed","post_password":"","post_name":"libros-cupula","to_ping":"","pinged":"","post_modified":"2022-10-14 11:58:09","post_modified_gmt":"2022-10-14 09:58:09","post_content_filtered":"","post_parent":0,"guid":"http:\/\/dev.claret.cat\/editorial\/libros-cupula\/","menu_order":0,"post_type":"editorial","post_mime_type":"","comment_count":"0","filter":"raw"}]},"aioseo_notices":[],"_links":{"self":[{"href":"https:\/\/www.claret.cat\/es\/wp-json\/wp\/v2\/product\/1009036","targetHints":{"allow":["GET"]}}],"collection":[{"href":"https:\/\/www.claret.cat\/es\/wp-json\/wp\/v2\/product"}],"about":[{"href":"https:\/\/www.claret.cat\/es\/wp-json\/wp\/v2\/types\/product"}],"wp:featuredmedia":[{"embeddable":true,"href":"https:\/\/www.claret.cat\/es\/wp-json\/wp\/v2\/media\/1009172"}],"wp:attachment":[{"href":"https:\/\/www.claret.cat\/es\/wp-json\/wp\/v2\/media?parent=1009036"}],"wp:term":[{"taxonomy":"product_brand","embeddable":true,"href":"https:\/\/www.claret.cat\/es\/wp-json\/wp\/v2\/product_brand?post=1009036"},{"taxonomy":"product_cat","embeddable":true,"href":"https:\/\/www.claret.cat\/es\/wp-json\/wp\/v2\/product_cat?post=1009036"},{"taxonomy":"product_tag","embeddable":true,"href":"https:\/\/www.claret.cat\/es\/wp-json\/wp\/v2\/product_tag?post=1009036"}],"curies":[{"name":"wp","href":"https:\/\/api.w.org\/{rel}","templated":true}]}}