{"id":1009039,"date":"2025-03-04T14:00:51","date_gmt":"2025-03-04T13:00:51","guid":{"rendered":"https:\/\/www.claret.cat\/llibre\/la-historia-universal-de-nosotros-9788491997276\/"},"modified":"2025-07-07T11:35:37","modified_gmt":"2025-07-07T09:35:37","slug":"la-historia-universal-de-nosotros-9788491997276","status":"publish","type":"product","link":"https:\/\/www.claret.cat\/es\/libro\/la-historia-universal-de-nosotros-9788491997276\/","title":{"rendered":"LA HISTORIA UNIVERSAL DE NOSOTROS"},"content":{"rendered":"<p>Es la historia de ti, de m\u00ed y de todo lo que nos rodea, de c\u00f3mo llegamos a ser. En resumen, es la historia m\u00e1s grandiosa jam\u00e1s contada.\u00bfAlguna vez te has preguntado por qu\u00e9 existes? \u00bfQu\u00e9 tuvo que suceder para que t\u00fa, y toda la vida en la Tierra, llegara a existir? \u00bfCu\u00e1l es la verdadera respuesta a la pregunta definitiva sobre la vida, el universo y todo lo dem\u00e1s?<br \/> En La Historia Universal de Nosotros, Tim Coulson, profesor de Zoolog\u00eda en Oxford, nos lleva de regreso al principio de todo: el Big Bang, hace 13.800 millones de a\u00f1os. A partir de ah\u00ed, nos gu\u00eda paso a paso por el camino hacia lo m\u00e1s asombroso que hemos encontrado hasta ahora: la incre\u00edble complejidad de la mente humana moderna.<br \/> Abordando temas como la f\u00edsica, la astronom\u00eda, la qu\u00edmica, la geolog\u00eda, el surgimiento de la vida, la evoluci\u00f3n, la consciencia y el ascenso de la humanidad, pero escrito para ser comprendido por cualquier persona con curiosidad, este libro trata de la historia m\u00e1s grande de todas y la cuenta de manera simple, apasionante y, sobre todo, entretenida.<br \/> Es la historia de ti, de m\u00ed y de todo lo que nos rodea, de c\u00f3mo llegamos a ser. En resumen, es la historia m\u00e1s grandiosa jam\u00e1s contada.<\/p>\n","protected":false},"excerpt":{"rendered":"<p>COULSON, TIM<\/p>\n","protected":false},"featured_media":1009120,"template":"","meta":{"_acf_changed":false,"om_disable_all_campaigns":false,"rs_blank_template":"","rs_page_bg_color":"","slide_template_v7":"","inline_featured_image":false,"_monsterinsights_skip_tracking":false,"_monsterinsights_sitenote_active":false,"_monsterinsights_sitenote_note":"","_monsterinsights_sitenote_category":0},"product_brand":[],"product_cat":[104,554],"product_tag":[],"class_list":{"0":"post-1009039","1":"product","2":"type-product","3":"status-publish","4":"has-post-thumbnail","6":"product_cat-ciencia","7":"product_cat-ciencia-5_otras-spa","9":"first","10":"instock","11":"taxable","12":"shipping-taxable","13":"purchasable","14":"product-type-simple"},"acf":{"autor":"COULSON, TIM","codart":"849199727","libros-coleccion":"Drakontos","ediciones":"1","encuadernacion":"Carton\u00e9","fecha_de_publicacion":"01\/03\/2025","novedad":"1","paginas":"462","subtitulo":"UN VIAJE DE 13.800 MILLONES DE A\u00d1OS, DESDE EL BIG BANG HASTA TI","orden":"0","portada":"0","idioma":"spa","editorial":[{"ID":6174,"post_author":"3","post_date":"2022-07-28 17:46:29","post_date_gmt":"2022-07-28 15:46:29","post_content":"","post_title":"CRITICA","post_excerpt":"","post_status":"publish","comment_status":"closed","ping_status":"closed","post_password":"","post_name":"critica","to_ping":"","pinged":"","post_modified":"2022-07-28 17:46:29","post_modified_gmt":"2022-07-28 15:46:29","post_content_filtered":"","post_parent":0,"guid":"http:\/\/dev.claret.cat\/editorial\/critica\/","menu_order":0,"post_type":"editorial","post_mime_type":"","comment_count":"0","filter":"raw"}],"booktrailer":"","resenas":""},"aioseo_notices":[],"_links":{"self":[{"href":"https:\/\/www.claret.cat\/es\/wp-json\/wp\/v2\/product\/1009039","targetHints":{"allow":["GET"]}}],"collection":[{"href":"https:\/\/www.claret.cat\/es\/wp-json\/wp\/v2\/product"}],"about":[{"href":"https:\/\/www.claret.cat\/es\/wp-json\/wp\/v2\/types\/product"}],"wp:featuredmedia":[{"embeddable":true,"href":"https:\/\/www.claret.cat\/es\/wp-json\/wp\/v2\/media\/1009120"}],"wp:attachment":[{"href":"https:\/\/www.claret.cat\/es\/wp-json\/wp\/v2\/media?parent=1009039"}],"wp:term":[{"taxonomy":"product_brand","embeddable":true,"href":"https:\/\/www.claret.cat\/es\/wp-json\/wp\/v2\/product_brand?post=1009039"},{"taxonomy":"product_cat","embeddable":true,"href":"https:\/\/www.claret.cat\/es\/wp-json\/wp\/v2\/product_cat?post=1009039"},{"taxonomy":"product_tag","embeddable":true,"href":"https:\/\/www.claret.cat\/es\/wp-json\/wp\/v2\/product_tag?post=1009039"}],"curies":[{"name":"wp","href":"https:\/\/api.w.org\/{rel}","templated":true}]}}