{"id":1009070,"date":"2025-03-04T14:21:10","date_gmt":"2025-03-04T13:21:10","guid":{"rendered":"https:\/\/www.claret.cat\/llibre\/todo-lo-que-quieres-saber-sobre-la-salud-mental-de-tus-hijos-pero-dudas-a-quien-9788408299301\/"},"modified":"2025-03-04T16:05:25","modified_gmt":"2025-03-04T15:05:25","slug":"todo-lo-que-quieres-saber-sobre-la-salud-mental-de-tus-hijos-pero-dudas-a-quien-9788408299301","status":"publish","type":"product","link":"https:\/\/www.claret.cat\/es\/libro\/todo-lo-que-quieres-saber-sobre-la-salud-mental-de-tus-hijos-pero-dudas-a-quien-9788408299301\/","title":{"rendered":"TODO LO QUE QUIERES SABER SOBRE LA SALUD MENTAL DE TUS HIJOS (PERO DUDAS A QUI\u00c9N"},"content":{"rendered":"<p>La gu\u00eda definitiva para ayudar a tus hijos a manejar sus altibajos emocionales (mientras tambi\u00e9n gestionas los tuyos).\u00bfQuieres saber c\u00f3mo apoyar a tu hijo en momentos de ansiedad o entender mejor los cambios en su comportamiento? Este libro es una gu\u00eda imprescindible para comprender y acompa\u00f1ar a tus hijos &#x2014;ya sean peque\u00f1os, adolescentes o j\u00f3venes adultos&#x2014; en su salud mental.<br \/> Con un enfoque pr\u00e1ctico y esperanzador, ofrece herramientas efectivas, ejercicios r\u00e1pidos y estudios de caso que te ayudar\u00e1n a interpretar lo que tu hijo est\u00e1 viviendo y a actuar con confianza. Y no solo te da las claves para proteger y fortalecer la salud mental de tus hijos, sino que tambi\u00e9n te brinda la seguridad de estar contribuyendo a su bienestar emocional en cada etapa de su desarrollo. Con la experiencia y los valiosos consejos de la psic\u00f3loga Beth Mosley, encontrar\u00e1s una aliada excepcional para acompa\u00f1ar a tus hijos en su camino desde la infancia hacia una adultez plena e independiente.<\/p>\n","protected":false},"excerpt":{"rendered":"<p>MOSLEY, BETH<\/p>\n","protected":false},"featured_media":1009124,"template":"","meta":{"_acf_changed":false,"om_disable_all_campaigns":false,"rs_blank_template":"","rs_page_bg_color":"","slide_template_v7":"","inline_featured_image":false,"_monsterinsights_skip_tracking":false,"_monsterinsights_sitenote_active":false,"_monsterinsights_sitenote_note":"","_monsterinsights_sitenote_category":0},"product_brand":[],"product_cat":[179,377],"product_tag":[],"class_list":{"0":"post-1009070","1":"product","2":"type-product","3":"status-publish","4":"has-post-thumbnail","6":"product_cat-autoajuda-i-salut-mental","7":"product_cat-autoayuda-y-salud-mental","9":"first","10":"instock","11":"taxable","12":"shipping-taxable","13":"purchasable","14":"product-type-simple"},"acf":{"autor":"MOSLEY, BETH","codart":"840829930","libros-coleccion":"Superfamilias","ediciones":"1","encuadernacion":"R\u00fastica","fecha_de_publicacion":"01\/03\/2025","novedad":"1","paginas":"416","subtitulo":"","orden":"0","portada":"0","idioma":"spa","editorial":[{"ID":6233,"post_author":"3","post_date":"2022-07-28 17:47:48","post_date_gmt":"2022-07-28 15:47:48","post_content":"","post_title":"EDITORIAL PLANETA","post_excerpt":"","post_status":"publish","comment_status":"closed","ping_status":"closed","post_password":"","post_name":"editorial-planeta","to_ping":"","pinged":"","post_modified":"2022-07-28 17:47:48","post_modified_gmt":"2022-07-28 15:47:48","post_content_filtered":"","post_parent":0,"guid":"http:\/\/dev.claret.cat\/editorial\/editorial-planeta\/","menu_order":0,"post_type":"editorial","post_mime_type":"","comment_count":"0","filter":"raw"}]},"aioseo_notices":[],"_links":{"self":[{"href":"https:\/\/www.claret.cat\/es\/wp-json\/wp\/v2\/product\/1009070","targetHints":{"allow":["GET"]}}],"collection":[{"href":"https:\/\/www.claret.cat\/es\/wp-json\/wp\/v2\/product"}],"about":[{"href":"https:\/\/www.claret.cat\/es\/wp-json\/wp\/v2\/types\/product"}],"wp:featuredmedia":[{"embeddable":true,"href":"https:\/\/www.claret.cat\/es\/wp-json\/wp\/v2\/media\/1009124"}],"wp:attachment":[{"href":"https:\/\/www.claret.cat\/es\/wp-json\/wp\/v2\/media?parent=1009070"}],"wp:term":[{"taxonomy":"product_brand","embeddable":true,"href":"https:\/\/www.claret.cat\/es\/wp-json\/wp\/v2\/product_brand?post=1009070"},{"taxonomy":"product_cat","embeddable":true,"href":"https:\/\/www.claret.cat\/es\/wp-json\/wp\/v2\/product_cat?post=1009070"},{"taxonomy":"product_tag","embeddable":true,"href":"https:\/\/www.claret.cat\/es\/wp-json\/wp\/v2\/product_tag?post=1009070"}],"curies":[{"name":"wp","href":"https:\/\/api.w.org\/{rel}","templated":true}]}}