{"id":100918,"date":"2022-10-12T07:59:51","date_gmt":"2022-10-12T05:59:51","guid":{"rendered":"http:\/\/dev.claret.cat\/producte\/violeta-i-el-misteri-de-la-momia\/"},"modified":"2025-04-23T15:35:41","modified_gmt":"2025-04-23T13:35:41","slug":"violeta-i-el-misteri-de-la-momia-5-9788418459160","status":"publish","type":"product","link":"https:\/\/www.claret.cat\/es\/libro\/violeta-i-el-misteri-de-la-momia-5-9788418459160\/","title":{"rendered":"VIOLETA I EL MISTERI DE LA M\u00d2MIA (5)"},"content":{"rendered":"<p>La Violeta fa moltes activitats despr\u00e9s de l&#8221;escola. De fet, est\u00e0 tan ocupada que a la seva habitaci\u00f3 fins i tot t\u00e9 un calendari especial per saber on ha d&#8221;anar cada dia. L&#8221;activitat preferida de la Violeta \u00e9s l&#8221;escalada, i per aix\u00f2 en fa dues vegades a la setmana. Com que \u00e9s filla \u00fanica, la Violeta passa llargues estones amb persones grans. Aix\u00f2 de vegades \u00e9s una mica avorrit, per\u00f2 tamb\u00e9 ha apr\u00e8s algunes coses molt \u00fatils, com per exemple, a llegir la carta d&#8221;un restaurant en franc\u00e8s, preparar un c\u00f2ctel perfecte i jugar al p\u00f2quer. Quan els seus pares treballen, la Norma, la majordoma, t\u00e9 cura d&#8221;ella; no parla gaire, per\u00f2 quan ho fa val la pena escoltar-la.<\/p>\n","protected":false},"excerpt":{"rendered":"<p>WHITEHORN, HARRIET \/ MOOR, BECKA<\/p>\n","protected":false},"featured_media":1014903,"template":"","meta":{"_acf_changed":false,"om_disable_all_campaigns":false,"rs_blank_template":"","rs_page_bg_color":"","slide_template_v7":"","inline_featured_image":false,"_monsterinsights_skip_tracking":false,"_monsterinsights_sitenote_active":false,"_monsterinsights_sitenote_note":"","_monsterinsights_sitenote_category":0},"product_brand":[],"product_cat":[132,362],"product_tag":[],"class_list":{"0":"post-100918","1":"product","2":"type-product","3":"status-publish","4":"has-post-thumbnail","6":"product_cat-lectures-per-preadolescents-6-12-anys","7":"product_cat-libros-preadolescentes-6-12-anos","9":"first","10":"instock","11":"taxable","12":"shipping-taxable","13":"purchasable","14":"product-type-simple"},"acf":{"autor":"WHITEHORN, HARRIET \/ MOOR, BECKA","codart":"841845916","libros-coleccion":"","ediciones":"1","encuadernacion":"Carton\u00e9","fecha_de_publicacion":"01\/11\/2020","novedad":"1","paginas":"224","subtitulo":"","orden":"0","portada":"0","idioma":"cat","editorial":[{"ID":147554,"post_author":"3","post_date":"2022-10-14 11:51:27","post_date_gmt":"2022-10-14 09:51:27","post_content":"","post_title":"BLUME (Naturart)","post_excerpt":"","post_status":"publish","comment_status":"closed","ping_status":"closed","post_password":"","post_name":"blume-naturart","to_ping":"","pinged":"","post_modified":"2022-10-14 11:51:27","post_modified_gmt":"2022-10-14 09:51:27","post_content_filtered":"","post_parent":0,"guid":"http:\/\/dev.claret.cat\/editorial\/blume-naturart\/","menu_order":0,"post_type":"editorial","post_mime_type":"","comment_count":"0","filter":"raw"}],"autores-libros":[{"ID":157387,"post_author":"3","post_date":"2022-10-14 15:28:25","post_date_gmt":"2022-10-14 13:28:25","post_content":"","post_title":"HARRIET WHITEHORN","post_excerpt":"","post_status":"publish","comment_status":"closed","ping_status":"closed","post_password":"","post_name":"harriet-whitehorn","to_ping":"","pinged":"","post_modified":"2022-10-14 15:28:25","post_modified_gmt":"2022-10-14 13:28:25","post_content_filtered":"","post_parent":0,"guid":"http:\/\/dev.claret.cat\/autor\/harriet-whitehorn\/","menu_order":0,"post_type":"autor","post_mime_type":"","comment_count":"0","filter":"raw"},{"ID":151466,"post_author":"3","post_date":"2022-10-14 14:41:06","post_date_gmt":"2022-10-14 12:41:06","post_content":"","post_title":"BECKA MOOR","post_excerpt":"","post_status":"publish","comment_status":"closed","ping_status":"closed","post_password":"","post_name":"becka-moor","to_ping":"","pinged":"","post_modified":"2022-10-14 14:41:06","post_modified_gmt":"2022-10-14 12:41:06","post_content_filtered":"","post_parent":0,"guid":"http:\/\/dev.claret.cat\/autor\/becka-moor\/","menu_order":0,"post_type":"autor","post_mime_type":"","comment_count":"0","filter":"raw"}],"booktrailer":"","resenas":""},"aioseo_notices":[],"_links":{"self":[{"href":"https:\/\/www.claret.cat\/es\/wp-json\/wp\/v2\/product\/100918","targetHints":{"allow":["GET"]}}],"collection":[{"href":"https:\/\/www.claret.cat\/es\/wp-json\/wp\/v2\/product"}],"about":[{"href":"https:\/\/www.claret.cat\/es\/wp-json\/wp\/v2\/types\/product"}],"wp:featuredmedia":[{"embeddable":true,"href":"https:\/\/www.claret.cat\/es\/wp-json\/wp\/v2\/media\/1014903"}],"wp:attachment":[{"href":"https:\/\/www.claret.cat\/es\/wp-json\/wp\/v2\/media?parent=100918"}],"wp:term":[{"taxonomy":"product_brand","embeddable":true,"href":"https:\/\/www.claret.cat\/es\/wp-json\/wp\/v2\/product_brand?post=100918"},{"taxonomy":"product_cat","embeddable":true,"href":"https:\/\/www.claret.cat\/es\/wp-json\/wp\/v2\/product_cat?post=100918"},{"taxonomy":"product_tag","embeddable":true,"href":"https:\/\/www.claret.cat\/es\/wp-json\/wp\/v2\/product_tag?post=100918"}],"curies":[{"name":"wp","href":"https:\/\/api.w.org\/{rel}","templated":true}]}}