{"id":1009425,"date":"2025-03-05T16:40:25","date_gmt":"2025-03-05T15:40:25","guid":{"rendered":"https:\/\/www.claret.cat\/llibre\/15-excursions-a-peu-des-dels-refugis-de-catalunya-9788413564654\/"},"modified":"2025-03-06T09:35:25","modified_gmt":"2025-03-06T08:35:25","slug":"15-excursions-a-peu-des-dels-refugis-de-catalunya-9788413564654","status":"publish","type":"product","link":"https:\/\/www.claret.cat\/es\/libro\/15-excursions-a-peu-des-dels-refugis-de-catalunya-9788413564654\/","title":{"rendered":"15 EXCURSIONS A PEU DES DELS REFUGIS DE CATALUNYA"},"content":{"rendered":"<p>UNA GUIA A TOT COLOR AMB 15 ITINERARIS PER FER A PEU DES DE REFUGIS MUNTANYENCS DE CATALUNYA. La personalitat dels refugis de muntanya no deixa indiferent a cap amant de la muntanya. Sabem que els actuals refugis no han tingut des de sempre aquesta funci\u00f3 d&#8217;auxiliar i atendre la comunitat muntanyenca, per\u00f2 els itineraris que aqu\u00ed es descriuen ens permeten aprofundir sobre el coneixement de les diferents geografies que envolten els refugis. S\u00f3n itineraris d&#8217;enorme bellesa que recorren el territori de nord a sud, des dels Pirineus fins als Ports, i que els camins per on transiten ens porten a con\u00e8ixer els refugis com a patrimoni del passat i vestigis d&#8217;un present canviant. Una guia adre\u00e7ada a aquelles persones enamorades de la muntanya i que volen con\u00e8ixer els camins que s&#8217;han transitat durant el pas dels anys a trav\u00e9s dels hist\u00f2rics refugis catalans. * Els refugis d&#8217;aquesta guia no nom\u00e9s s\u00f3n del Pirineu, sin\u00f3 que se&#8217;n proposen de diferents llocs del territori catal\u00e0.<\/p>\n","protected":false},"excerpt":{"rendered":"<p>LLORET GARCIA, ANDREU<\/p>\n","protected":false},"featured_media":1009566,"template":"","meta":{"_acf_changed":false,"om_disable_all_campaigns":false,"rs_blank_template":"","rs_page_bg_color":"","slide_template_v7":"","inline_featured_image":false,"_monsterinsights_skip_tracking":false,"_monsterinsights_sitenote_active":false,"_monsterinsights_sitenote_note":"","_monsterinsights_sitenote_category":0},"product_brand":[],"product_cat":[557,107],"product_tag":[],"class_list":{"0":"post-1009425","1":"product","2":"type-product","3":"status-publish","4":"has-post-thumbnail","6":"product_cat-guias-de-viaje","7":"product_cat-guies-de-viatge","9":"first","10":"instock","11":"taxable","12":"shipping-taxable","13":"purchasable","14":"product-type-simple"},"acf":{"autor":"LLORET GARCIA, ANDREU","codart":"841356465","libros-coleccion":"FORA DE COL.LECCI\u00d3","ediciones":"1","encuadernacion":"R\u00fastica","fecha_de_publicacion":"01\/03\/2025","novedad":"1","paginas":"64","subtitulo":"","orden":"0","portada":"0","idioma":"cat","editorial":[{"ID":6171,"post_author":"3","post_date":"2022-07-28 17:46:25","post_date_gmt":"2022-07-28 15:46:25","post_content":"","post_title":"COSSETANIA EDICIONS","post_excerpt":"","post_status":"publish","comment_status":"closed","ping_status":"closed","post_password":"","post_name":"cossetania-edicions","to_ping":"","pinged":"","post_modified":"2022-07-28 17:46:25","post_modified_gmt":"2022-07-28 15:46:25","post_content_filtered":"","post_parent":0,"guid":"http:\/\/dev.claret.cat\/editorial\/cossetania-edicions\/","menu_order":0,"post_type":"editorial","post_mime_type":"","comment_count":"0","filter":"raw"}]},"aioseo_notices":[],"_links":{"self":[{"href":"https:\/\/www.claret.cat\/es\/wp-json\/wp\/v2\/product\/1009425","targetHints":{"allow":["GET"]}}],"collection":[{"href":"https:\/\/www.claret.cat\/es\/wp-json\/wp\/v2\/product"}],"about":[{"href":"https:\/\/www.claret.cat\/es\/wp-json\/wp\/v2\/types\/product"}],"wp:featuredmedia":[{"embeddable":true,"href":"https:\/\/www.claret.cat\/es\/wp-json\/wp\/v2\/media\/1009566"}],"wp:attachment":[{"href":"https:\/\/www.claret.cat\/es\/wp-json\/wp\/v2\/media?parent=1009425"}],"wp:term":[{"taxonomy":"product_brand","embeddable":true,"href":"https:\/\/www.claret.cat\/es\/wp-json\/wp\/v2\/product_brand?post=1009425"},{"taxonomy":"product_cat","embeddable":true,"href":"https:\/\/www.claret.cat\/es\/wp-json\/wp\/v2\/product_cat?post=1009425"},{"taxonomy":"product_tag","embeddable":true,"href":"https:\/\/www.claret.cat\/es\/wp-json\/wp\/v2\/product_tag?post=1009425"}],"curies":[{"name":"wp","href":"https:\/\/api.w.org\/{rel}","templated":true}]}}