{"id":1009559,"date":"2025-03-06T09:20:29","date_gmt":"2025-03-06T08:20:29","guid":{"rendered":"https:\/\/www.claret.cat\/llibre\/conclave-9788466343046\/"},"modified":"2025-05-06T11:09:34","modified_gmt":"2025-05-06T09:09:34","slug":"conclave-9788466343046","status":"publish","type":"product","link":"https:\/\/www.claret.cat\/es\/libro\/conclave-9788466343046\/","title":{"rendered":"C\u00d3NCLAVE"},"content":{"rendered":"<p>Un thriller con un ritmo y un suspense perfectamente ensamblados, sobre la celebraci\u00f3n del c\u00f3nclave en el que se elegir\u00e1 al pr\u00f3ximo Sumo Pont\u00edfice de la Iglesia Cat\u00f3lica. El libro en el que se basa la pel\u00edcula hom\u00f3nima de Edward Berger.<\/p>\n<p>El Papa ha muerto. En la <strong>Capilla Sixtina<\/strong>, a puerta cerrada, ciento dieciocho cardenales procedentes de todos los rincones del globo emitir\u00e1n su voto en la elecci\u00f3n m\u00e1s secreta del mundo. Son hombres de fe. Pero tienen ambiciones. Y rivales. En las pr\u00f3ximas setenta y dos horas uno de ellos se convertir\u00e1 en el l\u00edder espiritual con m\u00e1s poder de la tierra. C\u00f3nclave fue elegido<strong> uno de los mejores libros de 2016 por The Sunday Times y Observer.<\/strong><\/p>\n<h4>Rese\u00f1as:<\/h4>\n<blockquote><p>\u00abApasionante, la versi\u00f3n eclesi\u00e1stica de House of Cards\u00bb &#8211; The Times<\/p><\/blockquote>\n<blockquote><p>\u00abNo importa si crees en Dios, en la Iglesia o en nada, C\u00f3nclave te resultar\u00e1 enormemente entretenida.\u00bb<br \/>\nThe Washington Post<\/p><\/blockquote>\n<blockquote><p>\u00abEl Papa ha muerto y los cardenales se re\u00fanen para elegir a su sucesor. El escenario est\u00e1 preparado para un enfrentamiento en este espl\u00e9ndido retrato del poder, la corrupci\u00f3n y el enga\u00f1o.\u00bb &#8211; The Guardian.<\/p><\/blockquote>\n<blockquote><p>\u00abUn relato sobre las maquinaciones a m\u00e1s alto nivel dentro de la Iglesia cat\u00f3lica. Un libro fascinante.\u00bb<br \/>\nThe New York Times.<\/p><\/blockquote>\n<blockquote><p>\u00abRobert Harris logra que el mecanismo del suspense funcione como un reloj en este h\u00e1bil relato sobre intrigas vaticana.\u00bb &#8211; Financial Times.<\/p>\n<p>\u00abUna novela que explora el poder, la gloria y las argucias del proceso de elecci\u00f3n de un nuevo Papa, por el autor de bestsellers m\u00e1s brillante de la actualidad\u00bb -Esquire.<\/p><\/blockquote>\n<blockquote><p>\u00abEs un thriller, s\u00ed, pero un thriller inusual y distinto, y la clave de su \u00e9xito es la extraordinaria galer\u00eda de personajes. Me cautiv\u00f3. Posee un ritmo perfecto y una intriga constante y cada vez m\u00e1s emocionante. Su punto de partida es un tema absolutamente secreto y desvela los entresijos. Sin duda, para m\u00ed una de las mejores novelas del a\u00f1o.\u00bb For winter nights. A bookish blog<\/p><\/blockquote>\n","protected":false},"excerpt":{"rendered":"<p>ROBERT HARRIS<\/p>\n","protected":false},"featured_media":1009560,"template":"","meta":{"_acf_changed":false,"om_disable_all_campaigns":false,"rs_blank_template":"","rs_page_bg_color":"","slide_template_v7":"","inline_featured_image":false,"_monsterinsights_skip_tracking":false,"_monsterinsights_sitenote_active":false,"_monsterinsights_sitenote_note":"","_monsterinsights_sitenote_category":0},"product_brand":[],"product_cat":[127,357],"product_tag":[640,639,648,614,615,637],"class_list":{"0":"post-1009559","1":"product","2":"type-product","3":"status-publish","4":"has-post-thumbnail","6":"product_cat-novella-contemporania","7":"product_cat-novela-contemporanea","8":"product_tag-conclave","9":"product_tag-libro-catolico","10":"product_tag-libro-conclave","11":"product_tag-papa-francisco","12":"product_tag-religion","13":"product_tag-vaticano","15":"first","16":"instock","17":"taxable","18":"shipping-taxable","19":"purchasable","20":"product-type-simple"},"acf":{"autor":"HARRIS, ROBERT","codart":"846634304","libros-coleccion":"BEST SELLER","ediciones":"1","encuadernacion":"R\u00fastica","fecha_de_publicacion":"01\/02\/2018","novedad":"1","paginas":"336","subtitulo":"AHORA UNA PEL\u00cdCULA GANADORA DE UN OSCAR.","orden":"0","portada":"0","idioma":"spa","editorial":[{"ID":6178,"post_author":"3","post_date":"2022-07-28 17:46:34","post_date_gmt":"2022-07-28 15:46:34","post_content":"","post_title":"DEBOLSILLO","post_excerpt":"","post_status":"publish","comment_status":"closed","ping_status":"closed","post_password":"","post_name":"debolsillo","to_ping":"","pinged":"","post_modified":"2022-07-28 17:46:34","post_modified_gmt":"2022-07-28 15:46:34","post_content_filtered":"","post_parent":0,"guid":"http:\/\/dev.claret.cat\/editorial\/debolsillo\/","menu_order":0,"post_type":"editorial","post_mime_type":"","comment_count":"0","filter":"raw"}],"booktrailer":"","resenas":"","autores-libros":"","traductores-libros":"","ilustradores-libros":"","formato":"","linkebook":"","precioebook":"","ebookportada":false,"ficha":"","muestra":"","presentacion":"","recomendamos":"","mas_vendido":""},"aioseo_notices":[],"_links":{"self":[{"href":"https:\/\/www.claret.cat\/es\/wp-json\/wp\/v2\/product\/1009559","targetHints":{"allow":["GET"]}}],"collection":[{"href":"https:\/\/www.claret.cat\/es\/wp-json\/wp\/v2\/product"}],"about":[{"href":"https:\/\/www.claret.cat\/es\/wp-json\/wp\/v2\/types\/product"}],"wp:featuredmedia":[{"embeddable":true,"href":"https:\/\/www.claret.cat\/es\/wp-json\/wp\/v2\/media\/1009560"}],"wp:attachment":[{"href":"https:\/\/www.claret.cat\/es\/wp-json\/wp\/v2\/media?parent=1009559"}],"wp:term":[{"taxonomy":"product_brand","embeddable":true,"href":"https:\/\/www.claret.cat\/es\/wp-json\/wp\/v2\/product_brand?post=1009559"},{"taxonomy":"product_cat","embeddable":true,"href":"https:\/\/www.claret.cat\/es\/wp-json\/wp\/v2\/product_cat?post=1009559"},{"taxonomy":"product_tag","embeddable":true,"href":"https:\/\/www.claret.cat\/es\/wp-json\/wp\/v2\/product_tag?post=1009559"}],"curies":[{"name":"wp","href":"https:\/\/api.w.org\/{rel}","templated":true}]}}