{"id":10097,"date":"2022-09-30T19:47:47","date_gmt":"2022-09-30T17:47:47","guid":{"rendered":"http:\/\/dev.claret.cat\/producte\/clasicos-para-estudiantes-hamlet-adaptacion-de-rosa-navarro-duran\/"},"modified":"2024-02-08T13:12:49","modified_gmt":"2024-02-08T12:12:49","slug":"clasicos-para-estudiantes-hamlet-adaptacion-de-rosa-navarro-duran-9788468335063","status":"publish","type":"product","link":"https:\/\/www.claret.cat\/es\/libro\/clasicos-para-estudiantes-hamlet-adaptacion-de-rosa-navarro-duran-9788468335063\/","title":{"rendered":"CL\u00c1SICOS PARA ESTUDIANTES: HAMLET (ADAPTACI\u00d3N DE ROSA NAVARRO DUR\u00c1N)"},"content":{"rendered":"<p>La tragedia de Hamlet, pr\u00edncipe de Dinamarca, de William Shakespeare, es una obra maestra de la literatura universal; verla representar o leerla es una aventura apasionante y enriquecedora. Est\u00e1 perfectamente construida, tiene unos personajes inolvidables, \u00fanicos, de cuerpo entero; y algunas de sus palabras o reflexiones son aut\u00e9ntico patrimonio de la Humanidad.  Bellas, intensas, apresan pensamientos esenciales de la persona y nos llevan a reflexionar sobre tantas, \u00a1tantas cosas! Todos somos Hamlet alguna o muchas veces en nuestra vida.<\/p>\n","protected":false},"excerpt":{"rendered":"<p>NAVARRO DUR\u00c1N, ROSA<\/p>\n","protected":false},"featured_media":70494,"template":"","meta":{"_acf_changed":false,"om_disable_all_campaigns":false,"rs_blank_template":"","rs_page_bg_color":"","slide_template_v7":"","inline_featured_image":false,"_monsterinsights_skip_tracking":false,"_monsterinsights_sitenote_active":false,"_monsterinsights_sitenote_note":"","_monsterinsights_sitenote_category":0},"product_brand":[],"product_cat":[566,117,87,353],"product_tag":[],"class_list":{"0":"post-10097","1":"product","2":"type-product","3":"status-publish","4":"has-post-thumbnail","6":"product_cat-juvenil-3_infantil-juvenil-spa-spa","7":"product_cat-juvenil","8":"product_cat-literatura","9":"product_cat-literatura-2_humanidades","11":"first","12":"instock","13":"taxable","14":"shipping-taxable","15":"purchasable","16":"product-type-simple"},"acf":{"autor":"NAVARRO DUR\u00c1N, ROSA","codart":"846833506","libros-coleccion":"Cl\u00e1sicos para estudiantes","ediciones":"1","encuadernacion":"R\u00fastica","fecha_de_publicacion":"01\/02\/2018","novedad":"1","paginas":"182","subtitulo":"","orden":"0","portada":"0","idioma":"spa","editorial":[{"ID":6193,"post_author":"3","post_date":"2022-07-28 17:46:53","post_date_gmt":"2022-07-28 15:46:53","post_content":"","post_title":"EDEBE GUADIEL","post_excerpt":"","post_status":"publish","comment_status":"closed","ping_status":"closed","post_password":"","post_name":"edebe-guadiel","to_ping":"","pinged":"","post_modified":"2022-07-28 17:46:53","post_modified_gmt":"2022-07-28 15:46:53","post_content_filtered":"","post_parent":0,"guid":"http:\/\/dev.claret.cat\/editorial\/edebe-guadiel\/","menu_order":0,"post_type":"editorial","post_mime_type":"","comment_count":"0","filter":"raw"}],"autores-libros":[{"ID":168514,"post_author":"3","post_date":"2022-10-14 22:19:44","post_date_gmt":"2022-10-14 20:19:44","post_content":"","post_title":"ROSA NAVARRO DURAN","post_excerpt":"","post_status":"publish","comment_status":"closed","ping_status":"closed","post_password":"","post_name":"rosa-navarro-duran","to_ping":"","pinged":"","post_modified":"2022-10-14 22:19:44","post_modified_gmt":"2022-10-14 20:19:44","post_content_filtered":"","post_parent":0,"guid":"http:\/\/dev.claret.cat\/autor\/rosa-navarro-duran\/","menu_order":0,"post_type":"autor","post_mime_type":"","comment_count":"0","filter":"raw"}]},"aioseo_notices":[],"_links":{"self":[{"href":"https:\/\/www.claret.cat\/es\/wp-json\/wp\/v2\/product\/10097","targetHints":{"allow":["GET"]}}],"collection":[{"href":"https:\/\/www.claret.cat\/es\/wp-json\/wp\/v2\/product"}],"about":[{"href":"https:\/\/www.claret.cat\/es\/wp-json\/wp\/v2\/types\/product"}],"wp:featuredmedia":[{"embeddable":true,"href":"https:\/\/www.claret.cat\/es\/wp-json\/wp\/v2\/media\/70494"}],"wp:attachment":[{"href":"https:\/\/www.claret.cat\/es\/wp-json\/wp\/v2\/media?parent=10097"}],"wp:term":[{"taxonomy":"product_brand","embeddable":true,"href":"https:\/\/www.claret.cat\/es\/wp-json\/wp\/v2\/product_brand?post=10097"},{"taxonomy":"product_cat","embeddable":true,"href":"https:\/\/www.claret.cat\/es\/wp-json\/wp\/v2\/product_cat?post=10097"},{"taxonomy":"product_tag","embeddable":true,"href":"https:\/\/www.claret.cat\/es\/wp-json\/wp\/v2\/product_tag?post=10097"}],"curies":[{"name":"wp","href":"https:\/\/api.w.org\/{rel}","templated":true}]}}