{"id":1009709,"date":"2025-03-06T16:35:58","date_gmt":"2025-03-06T15:35:58","guid":{"rendered":"https:\/\/www.claret.cat\/llibre\/labat-escarre-i-montserrat-a-lespanya-franquista-9788410131668\/"},"modified":"2025-06-26T11:10:09","modified_gmt":"2025-06-26T09:10:09","slug":"labat-escarre-i-montserrat-a-lespanya-franquista-9788410131668","status":"publish","type":"product","link":"https:\/\/www.claret.cat\/es\/libro\/labat-escarre-i-montserrat-a-lespanya-franquista-9788410131668\/","title":{"rendered":"L&#8217;ABAT ESCARR\u00c9 I MONTSERRAT A L&#8217;ESPANYA FRANQUISTA"},"content":{"rendered":"<p>Aquest llibre ens apropa a la figura de <strong>l\u2019abat de Montserrat, Aureli Escarr\u00e9<\/strong>, i analitza la seva evoluci\u00f3 des de <strong>amic del r\u00e8gim franquista<\/strong> fins a convertir-se en un <strong>dels seus grans detractors<\/strong>. A trav\u00e9s d\u2019una detallada reconstrucci\u00f3 hist\u00f2rica, s\u2019exploren els <strong>canvis en la vida mon\u00e0stica dels anys seixanta<\/strong>, el paper de <strong>Montserrat en la preservaci\u00f3 de la identitat catalana<\/strong> i els fets que van portar al <strong>trasllat for\u00e7\u00f3s dels monjos dissidents al priorat de Cuix\u00e0<\/strong>.<\/p>\n<p>L\u2019oposici\u00f3 de Montserrat al franquisme va culminar amb el <strong>desterrament de l\u2019abat Escarr\u00e9<\/strong>, que esdevingu\u00e9 <strong>l\u2019\u00fanica autoritat eclesi\u00e0stica a condemnar p\u00fablicament la dictadura<\/strong>. Aquest llibre ofereix una an\u00e0lisi rigorosa i imprescindible per comprendre el paper del monestir en la lluita per la <strong>cultura i la llibertat a Catalunya<\/strong>.<\/p>\n","protected":false},"excerpt":{"rendered":"<p>BALCELLS GONZ\u00c0LEZ, ALBERT<\/p>\n","protected":false},"featured_media":1009790,"template":"","meta":{"_acf_changed":false,"om_disable_all_campaigns":false,"rs_blank_template":"","rs_page_bg_color":"","slide_template_v7":"","inline_featured_image":false,"_monsterinsights_skip_tracking":false,"_monsterinsights_sitenote_active":false,"_monsterinsights_sitenote_note":"","_monsterinsights_sitenote_category":0},"product_brand":[],"product_cat":[92,542],"product_tag":[],"class_list":{"0":"post-1009709","1":"product","2":"type-product","3":"status-publish","4":"has-post-thumbnail","6":"product_cat-vida-religiosa","7":"product_cat-vida-religiosa-1_espiritualidad-spa","9":"first","10":"instock","11":"taxable","12":"shipping-taxable","13":"purchasable","14":"product-type-simple"},"acf":{"autor":"BALCELLS GONZ\u00c0LEZ, ALBERT","codart":"841013166","libros-coleccion":"Base hist\u00f3rica","ediciones":"1","encuadernacion":"R\u00fastica","fecha_de_publicacion":"01\/03\/2025","novedad":"1","paginas":"123","subtitulo":"","orden":"0","portada":"1","idioma":"cat","editorial":[{"ID":147931,"post_author":"3","post_date":"2022-10-14 11:54:20","post_date_gmt":"2022-10-14 09:54:20","post_content":"","post_title":"EDITORIAL BASE (CAT)","post_excerpt":"","post_status":"publish","comment_status":"closed","ping_status":"closed","post_password":"","post_name":"editorial-base-cat","to_ping":"","pinged":"","post_modified":"2022-10-14 11:54:20","post_modified_gmt":"2022-10-14 09:54:20","post_content_filtered":"","post_parent":0,"guid":"http:\/\/dev.claret.cat\/editorial\/editorial-base-cat\/","menu_order":0,"post_type":"editorial","post_mime_type":"","comment_count":"0","filter":"raw"}],"booktrailer":"","resenas":""},"aioseo_notices":[],"_links":{"self":[{"href":"https:\/\/www.claret.cat\/es\/wp-json\/wp\/v2\/product\/1009709","targetHints":{"allow":["GET"]}}],"collection":[{"href":"https:\/\/www.claret.cat\/es\/wp-json\/wp\/v2\/product"}],"about":[{"href":"https:\/\/www.claret.cat\/es\/wp-json\/wp\/v2\/types\/product"}],"wp:featuredmedia":[{"embeddable":true,"href":"https:\/\/www.claret.cat\/es\/wp-json\/wp\/v2\/media\/1009790"}],"wp:attachment":[{"href":"https:\/\/www.claret.cat\/es\/wp-json\/wp\/v2\/media?parent=1009709"}],"wp:term":[{"taxonomy":"product_brand","embeddable":true,"href":"https:\/\/www.claret.cat\/es\/wp-json\/wp\/v2\/product_brand?post=1009709"},{"taxonomy":"product_cat","embeddable":true,"href":"https:\/\/www.claret.cat\/es\/wp-json\/wp\/v2\/product_cat?post=1009709"},{"taxonomy":"product_tag","embeddable":true,"href":"https:\/\/www.claret.cat\/es\/wp-json\/wp\/v2\/product_tag?post=1009709"}],"curies":[{"name":"wp","href":"https:\/\/api.w.org\/{rel}","templated":true}]}}