{"id":1009740,"date":"2025-03-06T17:40:41","date_gmt":"2025-03-06T16:40:41","guid":{"rendered":"https:\/\/www.claret.cat\/llibre\/polican-7-por-quien-ruedan-las-pelotas-9788413921075\/"},"modified":"2026-02-27T19:12:25","modified_gmt":"2026-02-27T18:12:25","slug":"polican-7-por-quien-ruedan-las-pelotas-9788413921075","status":"publish","type":"product","link":"https:\/\/www.claret.cat\/es\/libro\/polican-7-por-quien-ruedan-las-pelotas-9788413921075\/","title":{"rendered":"POLIC\u00c1N 7: POR QUI\u00c9N RUEDAN LAS PELOTAS"},"content":{"rendered":"<p>\u00bfVillanos nuevos que no son nuevos? \u00bfSuperh\u00e9roes zampabollos? \u00bfSinverg\u00fcenzas que vienen del pasado para fastidiar al personal? <\/p>\n<p>  \u00a1S\u00ed, se\u00f1ores, es el nuevo c\u00f3mic de Polic\u00e1n (y compa\u00f1\u00eda)!<\/p>\n","protected":false},"excerpt":{"rendered":"<p>PILKEY, DAV<\/p>\n","protected":false},"featured_media":1009741,"template":"","meta":{"_acf_changed":false,"om_disable_all_campaigns":false,"rs_blank_template":"","rs_page_bg_color":"","slide_template_v7":"","inline_featured_image":false,"_monsterinsights_skip_tracking":false,"_monsterinsights_sitenote_active":false,"_monsterinsights_sitenote_note":"","_monsterinsights_sitenote_category":0},"product_brand":[],"product_cat":[133,363],"product_tag":[],"class_list":{"0":"post-1009740","1":"product","2":"type-product","3":"status-publish","4":"has-post-thumbnail","6":"product_cat-lectures-per-adolescents-12-18-anys","7":"product_cat-lecturas-por-adolescentes-12-18-anos","9":"first","10":"instock","11":"taxable","12":"shipping-taxable","13":"purchasable","14":"product-type-simple"},"acf":{"autor":"PILKEY, DAV","codart":"841392107","libros-coleccion":"FORA DE COL.LECCI\u00d3","ediciones":"1","encuadernacion":"Carton\u00e9","fecha_de_publicacion":"01\/07\/2021","novedad":"1","paginas":"236","subtitulo":"","orden":"0","portada":"0","idioma":"spa","editorial":[{"ID":148833,"post_author":"3","post_date":"2022-10-14 12:01:21","post_date_gmt":"2022-10-14 10:01:21","post_content":"","post_title":"SM CESMA EDICIONES-TXT-","post_excerpt":"","post_status":"publish","comment_status":"closed","ping_status":"closed","post_password":"","post_name":"sm-cesma-ediciones-txt","to_ping":"","pinged":"","post_modified":"2022-10-14 12:01:21","post_modified_gmt":"2022-10-14 10:01:21","post_content_filtered":"","post_parent":0,"guid":"http:\/\/dev.claret.cat\/editorial\/sm-cesma-ediciones-txt\/","menu_order":0,"post_type":"editorial","post_mime_type":"","comment_count":"0","filter":"raw"}],"booktrailer":"","resenas":""},"aioseo_notices":[],"_links":{"self":[{"href":"https:\/\/www.claret.cat\/es\/wp-json\/wp\/v2\/product\/1009740","targetHints":{"allow":["GET"]}}],"collection":[{"href":"https:\/\/www.claret.cat\/es\/wp-json\/wp\/v2\/product"}],"about":[{"href":"https:\/\/www.claret.cat\/es\/wp-json\/wp\/v2\/types\/product"}],"wp:featuredmedia":[{"embeddable":true,"href":"https:\/\/www.claret.cat\/es\/wp-json\/wp\/v2\/media\/1009741"}],"wp:attachment":[{"href":"https:\/\/www.claret.cat\/es\/wp-json\/wp\/v2\/media?parent=1009740"}],"wp:term":[{"taxonomy":"product_brand","embeddable":true,"href":"https:\/\/www.claret.cat\/es\/wp-json\/wp\/v2\/product_brand?post=1009740"},{"taxonomy":"product_cat","embeddable":true,"href":"https:\/\/www.claret.cat\/es\/wp-json\/wp\/v2\/product_cat?post=1009740"},{"taxonomy":"product_tag","embeddable":true,"href":"https:\/\/www.claret.cat\/es\/wp-json\/wp\/v2\/product_tag?post=1009740"}],"curies":[{"name":"wp","href":"https:\/\/api.w.org\/{rel}","templated":true}]}}