{"id":100975,"date":"2022-10-12T08:00:39","date_gmt":"2022-10-12T06:00:39","guid":{"rendered":"http:\/\/dev.claret.cat\/producte\/el-quidditch-de-totes-les-epoques-il%c2%b7lustrat\/"},"modified":"2024-02-05T14:26:10","modified_gmt":"2024-02-05T13:26:10","slug":"el-quidditch-de-totes-les-epoques-illustrat-9788417879426","status":"publish","type":"product","link":"https:\/\/www.claret.cat\/es\/libro\/el-quidditch-de-totes-les-epoques-illustrat-9788417879426\/","title":{"rendered":"EL QUIDDITCH DE TOTES LES \u00c8POQUES (IL\u00b7LUSTRAT)"},"content":{"rendered":"<p>Agafa els omniocles i aconsegueix des dels secrets m\u00e9s \u00ednfims fins a la visi\u00f3 m\u00e9s global \u2014i tot el que hi ha entremig\u2014 de l&#8221;esport preferit del M\u00f3n M\u00e0gic.<br \/> Descobreix TOT el que has de saber, i M\u00c9S sobre el quidditch, mentre Kennilworthy Whisp et porta a fer un recorregut llampec per la divertid\u00edssima (i de vegades terrible) hist\u00f2ria d&#8221;aquest noble esport, amb il\u00b7lustracions arrencades de la imaginaci\u00f3 veritablement M\u00c0GICA de la muggle Emily Gravett (guanyadora dues vegades de la Medalla Kate Greenaway).<br \/> Amb un pr\u00f2leg d&#8221;Albus Dumbledore<\/p>\n","protected":false},"excerpt":{"rendered":"<p>ROWLING, J.K.<\/p>\n","protected":false},"featured_media":100976,"template":"","meta":{"_acf_changed":false,"om_disable_all_campaigns":false,"rs_blank_template":"","rs_page_bg_color":"","slide_template_v7":"","inline_featured_image":false,"_monsterinsights_skip_tracking":false,"_monsterinsights_sitenote_active":false,"_monsterinsights_sitenote_note":"","_monsterinsights_sitenote_category":0},"product_brand":[],"product_cat":[561,112,105,555],"product_tag":[],"class_list":{"0":"post-100975","1":"product","2":"type-product","3":"status-publish","4":"has-post-thumbnail","6":"product_cat-cine-y-television","7":"product_cat-cinema-i-televisio","8":"product_cat-regal","9":"product_cat-regalo","11":"first","12":"instock","13":"taxable","14":"shipping-taxable","15":"purchasable","16":"product-type-simple"},"acf":{"editorial":[{"ID":6223,"post_author":"3","post_date":"2022-07-28 17:47:32","post_date_gmt":"2022-07-28 15:47:32","post_content":"","post_title":"EDITORIAL EMP\u00daRIES","post_excerpt":"","post_status":"publish","comment_status":"closed","ping_status":"closed","post_password":"","post_name":"editorial-empuries","to_ping":"","pinged":"","post_modified":"2022-07-28 17:47:32","post_modified_gmt":"2022-07-28 15:47:32","post_content_filtered":"","post_parent":0,"guid":"http:\/\/dev.claret.cat\/editorial\/editorial-empuries\/","menu_order":0,"post_type":"editorial","post_mime_type":"","comment_count":"0","filter":"raw"}],"autores-libros":[{"ID":5560,"post_author":"3","post_date":"2022-07-28 17:26:36","post_date_gmt":"2022-07-28 15:26:36","post_content":"","post_title":"J.K. ROWLING","post_excerpt":"","post_status":"publish","comment_status":"closed","ping_status":"closed","post_password":"","post_name":"j-k-rowling-2","to_ping":"","pinged":"","post_modified":"2022-07-28 17:26:36","post_modified_gmt":"2022-07-28 15:26:36","post_content_filtered":"","post_parent":0,"guid":"http:\/\/dev.claret.cat\/autor\/j-k-rowling-2\/","menu_order":0,"post_type":"autor","post_mime_type":"","comment_count":"0","filter":"raw"}],"autor":"ROWLING, J.K.","codart":"841787942","libros-coleccion":"EMP\u00daRIES NARRATIVA","ediciones":"1","encuadernacion":"Carton\u00e9","fecha_de_publicacion":"01\/11\/2020","novedad":"1","paginas":"160","subtitulo":"IL\u00b7LUSTRAT PER EMILY GRAVETT","orden":"0","portada":"0","idioma":"cat"},"aioseo_notices":[],"_links":{"self":[{"href":"https:\/\/www.claret.cat\/es\/wp-json\/wp\/v2\/product\/100975","targetHints":{"allow":["GET"]}}],"collection":[{"href":"https:\/\/www.claret.cat\/es\/wp-json\/wp\/v2\/product"}],"about":[{"href":"https:\/\/www.claret.cat\/es\/wp-json\/wp\/v2\/types\/product"}],"wp:featuredmedia":[{"embeddable":true,"href":"https:\/\/www.claret.cat\/es\/wp-json\/wp\/v2\/media\/100976"}],"wp:attachment":[{"href":"https:\/\/www.claret.cat\/es\/wp-json\/wp\/v2\/media?parent=100975"}],"wp:term":[{"taxonomy":"product_brand","embeddable":true,"href":"https:\/\/www.claret.cat\/es\/wp-json\/wp\/v2\/product_brand?post=100975"},{"taxonomy":"product_cat","embeddable":true,"href":"https:\/\/www.claret.cat\/es\/wp-json\/wp\/v2\/product_cat?post=100975"},{"taxonomy":"product_tag","embeddable":true,"href":"https:\/\/www.claret.cat\/es\/wp-json\/wp\/v2\/product_tag?post=100975"}],"curies":[{"name":"wp","href":"https:\/\/api.w.org\/{rel}","templated":true}]}}