{"id":1009882,"date":"2025-03-07T17:01:19","date_gmt":"2025-03-07T16:01:19","guid":{"rendered":"https:\/\/www.claret.cat\/llibre\/lo-mejor-de-peru-4-9788408214472\/"},"modified":"2025-03-07T18:20:05","modified_gmt":"2025-03-07T17:20:05","slug":"lo-mejor-de-peru-4-9788408214472","status":"publish","type":"product","link":"https:\/\/www.claret.cat\/es\/libro\/lo-mejor-de-peru-4-9788408214472\/","title":{"rendered":"LO MEJOR DE PER\u00da 4"},"content":{"rendered":"<p>Deslumbrantes yacimientos arqueol\u00f3gicos, exuberantes bosques tropicales, una costa ba\u00f1ada por el Pac\u00edfico ideal para practicar surf\u2026 Al parecer, Per\u00fa lo tiene todo: una mezcla surrealista y maravillosa de gentes, culturas, geograf\u00edas, idiomas y comida. Los festivales celebran antiguos ritos, la vanguardia urbana irradia innovaci\u00f3n y la naturaleza rebosa de diversidad. Disfrute del viaje. Va a ser toda una aventura.<\/p>\n","protected":false},"excerpt":{"rendered":"<p>SAINSBURY, BRENDAN \/ EGERTON, ALEX \/ MCCARTHY, CAROLYN \/ TANG, PHILLIP \/ WATERS<\/p>\n","protected":false},"featured_media":1009883,"template":"","meta":{"_acf_changed":false,"om_disable_all_campaigns":false,"rs_blank_template":"","rs_page_bg_color":"","slide_template_v7":"","inline_featured_image":false,"_monsterinsights_skip_tracking":false,"_monsterinsights_sitenote_active":false,"_monsterinsights_sitenote_note":"","_monsterinsights_sitenote_category":0},"product_brand":[],"product_cat":[557,107],"product_tag":[],"class_list":{"0":"post-1009882","1":"product","2":"type-product","3":"status-publish","4":"has-post-thumbnail","6":"product_cat-guias-de-viaje","7":"product_cat-guies-de-viatge","9":"first","10":"instock","11":"taxable","12":"shipping-taxable","13":"purchasable","14":"product-type-simple"},"acf":{"autor":"SAINSBURY, BRENDAN \/ EGERTON, ALEX \/ MCCARTHY, CAROLYN \/ TANG, PHILLIP \/ WATERS","codart":"840821447","libros-coleccion":"Gu\u00edas Lo mejor de Pa\u00eds Lonely Planet","ediciones":"1","encuadernacion":"R\u00fastica","fecha_de_publicacion":"01\/06\/2020","novedad":"1","paginas":"324","subtitulo":"","orden":"0","portada":"0","idioma":"spa","editorial":[{"ID":6233,"post_author":"3","post_date":"2022-07-28 17:47:48","post_date_gmt":"2022-07-28 15:47:48","post_content":"","post_title":"EDITORIAL PLANETA","post_excerpt":"","post_status":"publish","comment_status":"closed","ping_status":"closed","post_password":"","post_name":"editorial-planeta","to_ping":"","pinged":"","post_modified":"2022-07-28 17:47:48","post_modified_gmt":"2022-07-28 15:47:48","post_content_filtered":"","post_parent":0,"guid":"http:\/\/dev.claret.cat\/editorial\/editorial-planeta\/","menu_order":0,"post_type":"editorial","post_mime_type":"","comment_count":"0","filter":"raw"}]},"aioseo_notices":[],"_links":{"self":[{"href":"https:\/\/www.claret.cat\/es\/wp-json\/wp\/v2\/product\/1009882","targetHints":{"allow":["GET"]}}],"collection":[{"href":"https:\/\/www.claret.cat\/es\/wp-json\/wp\/v2\/product"}],"about":[{"href":"https:\/\/www.claret.cat\/es\/wp-json\/wp\/v2\/types\/product"}],"wp:featuredmedia":[{"embeddable":true,"href":"https:\/\/www.claret.cat\/es\/wp-json\/wp\/v2\/media\/1009883"}],"wp:attachment":[{"href":"https:\/\/www.claret.cat\/es\/wp-json\/wp\/v2\/media?parent=1009882"}],"wp:term":[{"taxonomy":"product_brand","embeddable":true,"href":"https:\/\/www.claret.cat\/es\/wp-json\/wp\/v2\/product_brand?post=1009882"},{"taxonomy":"product_cat","embeddable":true,"href":"https:\/\/www.claret.cat\/es\/wp-json\/wp\/v2\/product_cat?post=1009882"},{"taxonomy":"product_tag","embeddable":true,"href":"https:\/\/www.claret.cat\/es\/wp-json\/wp\/v2\/product_tag?post=1009882"}],"curies":[{"name":"wp","href":"https:\/\/api.w.org\/{rel}","templated":true}]}}