{"id":1009910,"date":"2025-03-07T17:15:42","date_gmt":"2025-03-07T16:15:42","guid":{"rendered":"https:\/\/www.claret.cat\/llibre\/dolomitas-2-9788408258384\/"},"modified":"2025-04-22T12:35:29","modified_gmt":"2025-04-22T10:35:29","slug":"dolomitas-2-9788408258384","status":"publish","type":"product","link":"https:\/\/www.claret.cat\/es\/libro\/dolomitas-2-9788408258384\/","title":{"rendered":"DOLOMITAS 2"},"content":{"rendered":"<p>Los Dolomitas se extienden por cinco provincias y tres regiones de Italia. Un territorio inmenso, sobre todo por su tridimensionalidad, ya que se estira tambi\u00e9n a lo alto. Es m\u00e1s, podr\u00edamos decir que en cuatro dimensiones, teniendo en cuenta desfiladeros, gargantas y grutas. Los cap\u00edtulos de esta gu\u00eda cubren, de oeste a este, el vasto territorio que ocupan los nueve sistemas dolom\u00edticos que forman parte del patrimonio de la UNESCO: estructuras geol\u00f3gicas espectaculares, residuos de una serie de atolones que hace millones de a\u00f1os afloraban sobre un c\u00e1lido mar tropical, en el fondo del cual se extienden hoy los fabulosos valles de las regiones de Trentino-Alto Adigio, V\u00e9neto y Friul-Venecia Julia. Nuestros autores han recorrido de extremo a extremo este archipi\u00e9lago f\u00f3sil, explorando hasta el \u00faltimo recoveco de un territorio \u00fanico en el mundo.<\/p>\n","protected":false},"excerpt":{"rendered":"<p>BASSI, GIACOMO \/ FALCONIERI, DENIS \/ PASINI, PIERO<\/p>\n","protected":false},"featured_media":1009911,"template":"","meta":{"_acf_changed":false,"om_disable_all_campaigns":false,"rs_blank_template":"","rs_page_bg_color":"","slide_template_v7":"","inline_featured_image":false,"_monsterinsights_skip_tracking":false,"_monsterinsights_sitenote_active":false,"_monsterinsights_sitenote_note":"","_monsterinsights_sitenote_category":0},"product_brand":[],"product_cat":[557,107],"product_tag":[],"class_list":{"0":"post-1009910","1":"product","2":"type-product","3":"status-publish","4":"has-post-thumbnail","6":"product_cat-guias-de-viaje","7":"product_cat-guies-de-viatge","9":"first","10":"instock","11":"taxable","12":"shipping-taxable","13":"purchasable","14":"product-type-simple"},"acf":{"autor":"BASSI, GIACOMO \/ FALCONIERI, DENIS \/ PASINI, PIERO","codart":"840825838","libros-coleccion":"Gu\u00edas de Pa\u00eds Lonely Planet","ediciones":"1","encuadernacion":"R\u00fastica","fecha_de_publicacion":"01\/10\/2022","novedad":"1","paginas":"416","subtitulo":"","orden":"0","portada":"0","idioma":"spa","editorial":[{"ID":6233,"post_author":"3","post_date":"2022-07-28 17:47:48","post_date_gmt":"2022-07-28 15:47:48","post_content":"","post_title":"EDITORIAL PLANETA","post_excerpt":"","post_status":"publish","comment_status":"closed","ping_status":"closed","post_password":"","post_name":"editorial-planeta","to_ping":"","pinged":"","post_modified":"2022-07-28 17:47:48","post_modified_gmt":"2022-07-28 15:47:48","post_content_filtered":"","post_parent":0,"guid":"http:\/\/dev.claret.cat\/editorial\/editorial-planeta\/","menu_order":0,"post_type":"editorial","post_mime_type":"","comment_count":"0","filter":"raw"}],"booktrailer":"","resenas":""},"aioseo_notices":[],"_links":{"self":[{"href":"https:\/\/www.claret.cat\/es\/wp-json\/wp\/v2\/product\/1009910","targetHints":{"allow":["GET"]}}],"collection":[{"href":"https:\/\/www.claret.cat\/es\/wp-json\/wp\/v2\/product"}],"about":[{"href":"https:\/\/www.claret.cat\/es\/wp-json\/wp\/v2\/types\/product"}],"wp:featuredmedia":[{"embeddable":true,"href":"https:\/\/www.claret.cat\/es\/wp-json\/wp\/v2\/media\/1009911"}],"wp:attachment":[{"href":"https:\/\/www.claret.cat\/es\/wp-json\/wp\/v2\/media?parent=1009910"}],"wp:term":[{"taxonomy":"product_brand","embeddable":true,"href":"https:\/\/www.claret.cat\/es\/wp-json\/wp\/v2\/product_brand?post=1009910"},{"taxonomy":"product_cat","embeddable":true,"href":"https:\/\/www.claret.cat\/es\/wp-json\/wp\/v2\/product_cat?post=1009910"},{"taxonomy":"product_tag","embeddable":true,"href":"https:\/\/www.claret.cat\/es\/wp-json\/wp\/v2\/product_tag?post=1009910"}],"curies":[{"name":"wp","href":"https:\/\/api.w.org\/{rel}","templated":true}]}}