{"id":1009950,"date":"2025-03-07T17:36:23","date_gmt":"2025-03-07T16:36:23","guid":{"rendered":"https:\/\/www.claret.cat\/llibre\/nueva-zelanda-7-9788408277675\/"},"modified":"2025-03-07T18:22:05","modified_gmt":"2025-03-07T17:22:05","slug":"nueva-zelanda-7-9788408277675","status":"publish","type":"product","link":"https:\/\/www.claret.cat\/es\/libro\/nueva-zelanda-7-9788408277675\/","title":{"rendered":"NUEVA ZELANDA 7"},"content":{"rendered":"<p>En Nueva Zelanda el paisaje es impresionante all\u00e1 donde quiera que se vaya: la Sky Tower reflejada en el puerto en un claro d\u00eda de oto\u00f1o en Auckland, los colores impactantes de los lagos glaciales y los alt\u00edsimos kauris, o la grandeza de los Alpes del Sur&#x2026;. En este fascinante pa\u00eds la tierra es parte intr\u00ednseca de la cultura local y sus historias, y el v\u00ednculo entre esta y los maor\u00edes es fundamental. A veces parece como si este lugar escarpado y volc\u00e1nico dejara ver sus cicatrices en la superficie. A pesar de todo, muchos lugares siguen intactos. Todav\u00eda es relativamente f\u00e1cil encontrar sitios tranquilos y sin multitudes, tierras ind\u00f3mitas llenas de posibilidades, como el cabo Este, Hokianga o Southland, a\u00fan aislados, pl\u00e1cidos y agrestes.<br \/> Las gu\u00edas cl\u00e1sicas de Lonely Planet se han renovado para satisfacer las necesidades de los viajeros de hoy, con m\u00e1s contenido local, nuevas formas de experimentar los puntos de inter\u00e9s m\u00e1s populares, con m\u00e1s rutas e itinerarios y con m\u00e1s recomendaciones fuera de ruta. Desde julio del 2023, nuestras gu\u00edas cuentan con nuevo dise\u00f1o m\u00e1s claro y visual y un nuevo enfoque.<br \/> Esta gu\u00eda incluye:<br \/> &#8211; La mejor selecci\u00f3n, con numerosos itinerarios y experiencias tem\u00e1ticas para planificar un viaje a medida<br \/> &#8211; Propuestas hechas por expertos locales, para poder descubrir la Nueva Zelanda m\u00e1s aut\u00e9ntica<br \/> &#8211; Lugares \u00fanicos para comer, tomar algo y alojarse.<br \/> &#8211; Con espl\u00e9ndidas fotograf\u00edas a todo color que servir\u00e1n de inspiraci\u00f3n al viajero<br \/> &#8211; M\u00e1s de 175 mapas para facilitar la orientaci\u00f3n.<br \/> &#8211; La informaci\u00f3n sobre historia, cultura maor\u00ed, cine, paisajes, deportes, etc. permite tener una experiencia de viaje m\u00e1s gratificante<br \/> &#8211; Informaci\u00f3n pr\u00e1ctica para moverse por el pa\u00eds.<br \/> \u00a0<br \/> Lonely Planet cuenta con distintas colecciones pensadas para los diferentes tipos de viajero:<br \/> &#8211; Las gu\u00edas DE CERCA son ideales para escapadas o viajes de corta duraci\u00f3n.<br \/> &#8211; Las gu\u00edas de PA\u00cdS, REGI\u00d3N y CIUDAD profundizan en cada destino para sacar el m\u00e1ximo partido al viaje.<br \/> &#8211; Las gu\u00edas EXPLORA ofrecen una visi\u00f3n fresca y sorprendente del destino, con propuestas fuera de ruta y pensadas para vivir experiencias \u00fanicas.<br \/> &#8211; Las gu\u00edas LO MEJOR DE re\u00fanen lo mejor de cada regi\u00f3n, para disfrutar de lo imprescindible.<br \/> &#8211; Las gu\u00edas EN RUTA est\u00e1n pensadas para hacer viajes por carretera, con rutas flexibles para crear un viaje a medida.<br \/> &#8211; Las gu\u00edas RUTAS DIVERTIDAS son el compa\u00f1ero imprescindible para que los ni\u00f1os descubran una gran ciudad.<br \/> &#8211; Las gu\u00edas de CONVERSACI\u00d3N hacen que el idioma no sea un impedimento y que el viajero pueda disfrutar m\u00e1s de su viaje.<br \/> &#8211; Los libros ILUSTRADOS son el mejor recurso para inspirarse en cualquier momento del a\u00f1o.<br \/> &#8211; Los CUADERNOS DE ACTIVIDADES son la mejor herramienta para divertirse y poner a prueba nuestra mente viajera.<\/p>\n","protected":false},"excerpt":{"rendered":"<p>ATKINSON, BRETT \/ DRAGICEVICH, PETER \/ LE NEVEZ, CATHERINE \/ MCLACHLAN, CRAIG \/<\/p>\n","protected":false},"featured_media":1009951,"template":"","meta":{"_acf_changed":false,"om_disable_all_campaigns":false,"rs_blank_template":"","rs_page_bg_color":"","slide_template_v7":"","inline_featured_image":false,"_monsterinsights_skip_tracking":false,"_monsterinsights_sitenote_active":false,"_monsterinsights_sitenote_note":"","_monsterinsights_sitenote_category":0},"product_brand":[],"product_cat":[557,107],"product_tag":[],"class_list":{"0":"post-1009950","1":"product","2":"type-product","3":"status-publish","4":"has-post-thumbnail","6":"product_cat-guias-de-viaje","7":"product_cat-guies-de-viatge","9":"first","10":"instock","11":"taxable","12":"shipping-taxable","13":"purchasable","14":"product-type-simple"},"acf":{"autor":"ATKINSON, BRETT \/ DRAGICEVICH, PETER \/ LE NEVEZ, CATHERINE \/ MCLACHLAN, CRAIG \/","codart":"840827767","libros-coleccion":"Gu\u00edas de Pa\u00eds Lonely Planet","ediciones":"1","encuadernacion":"R\u00fastica","fecha_de_publicacion":"01\/01\/2024","novedad":"1","paginas":"592","subtitulo":"","orden":"0","portada":"0","idioma":"spa","editorial":[{"ID":6233,"post_author":"3","post_date":"2022-07-28 17:47:48","post_date_gmt":"2022-07-28 15:47:48","post_content":"","post_title":"EDITORIAL PLANETA","post_excerpt":"","post_status":"publish","comment_status":"closed","ping_status":"closed","post_password":"","post_name":"editorial-planeta","to_ping":"","pinged":"","post_modified":"2022-07-28 17:47:48","post_modified_gmt":"2022-07-28 15:47:48","post_content_filtered":"","post_parent":0,"guid":"http:\/\/dev.claret.cat\/editorial\/editorial-planeta\/","menu_order":0,"post_type":"editorial","post_mime_type":"","comment_count":"0","filter":"raw"}]},"aioseo_notices":[],"_links":{"self":[{"href":"https:\/\/www.claret.cat\/es\/wp-json\/wp\/v2\/product\/1009950","targetHints":{"allow":["GET"]}}],"collection":[{"href":"https:\/\/www.claret.cat\/es\/wp-json\/wp\/v2\/product"}],"about":[{"href":"https:\/\/www.claret.cat\/es\/wp-json\/wp\/v2\/types\/product"}],"wp:featuredmedia":[{"embeddable":true,"href":"https:\/\/www.claret.cat\/es\/wp-json\/wp\/v2\/media\/1009951"}],"wp:attachment":[{"href":"https:\/\/www.claret.cat\/es\/wp-json\/wp\/v2\/media?parent=1009950"}],"wp:term":[{"taxonomy":"product_brand","embeddable":true,"href":"https:\/\/www.claret.cat\/es\/wp-json\/wp\/v2\/product_brand?post=1009950"},{"taxonomy":"product_cat","embeddable":true,"href":"https:\/\/www.claret.cat\/es\/wp-json\/wp\/v2\/product_cat?post=1009950"},{"taxonomy":"product_tag","embeddable":true,"href":"https:\/\/www.claret.cat\/es\/wp-json\/wp\/v2\/product_tag?post=1009950"}],"curies":[{"name":"wp","href":"https:\/\/api.w.org\/{rel}","templated":true}]}}