{"id":1010058,"date":"2025-03-10T12:55:29","date_gmt":"2025-03-10T11:55:29","guid":{"rendered":"https:\/\/www.claret.cat\/llibre\/unicornia-12-un-concurso-de-disfraces-9788410298125\/"},"modified":"2026-01-28T13:48:20","modified_gmt":"2026-01-28T12:48:20","slug":"unicornia-12-un-concurso-de-disfraces-9788410298125","status":"publish","type":"product","link":"https:\/\/www.claret.cat\/es\/libro\/unicornia-12-un-concurso-de-disfraces-9788410298125\/","title":{"rendered":"UNICORNIA 12 &#8211; UN CONCURSO DE DISFRACES"},"content":{"rendered":"<p>UNICORNIA, AVENTURAS CON BRILLI-BRILLI Ha llegado el Carnaval a Unicornia y\u2026 \u00a1por primera vez celebraremos un concurso de disfraces! Aqu\u00ed hay la tienda de materiales m\u00e1s grande del mundo, con capas que se convierten en arco\u00edris y carrozas espectaculares. Paula, Sara y yo hemos decidido formar un equipo junto a los unicornios, pues el premio les entusiasma mucho, pero mi disfraz corre el peligro de deshacerse si hace mal tiempo\u2026 \u00bfQu\u00e9 crees que ocurrir\u00e1? \u00bfConseguiremos ganar el primer premio? ________________________________________ Escuela, amistad y unicornios en una serie de primeras lecturas llena de magia: -Preciosas y divertidas ilustraciones que acompa\u00f1an la historia en cada p\u00e1gina. -Texto sencillo y entretenido, f\u00e1cil de leer y entender. -Con purpurina (\u00a1s\u00ed, brilli-brilli!) en la cubierta. -Para j\u00f3venes lectores a quienes gusten los unicornios o quieran flotar entre nubes de az\u00facar. -De la autora bestseller Ana Punset, que tambi\u00e9n sue\u00f1a con volar con unicornios.<\/p>\n","protected":false},"excerpt":{"rendered":"<p>PUNSET, ANA<\/p>\n","protected":false},"featured_media":1010404,"template":"","meta":{"_acf_changed":false,"om_disable_all_campaigns":false,"rs_blank_template":"","rs_page_bg_color":"","slide_template_v7":"","inline_featured_image":false,"_monsterinsights_skip_tracking":false,"_monsterinsights_sitenote_active":false,"_monsterinsights_sitenote_note":"","_monsterinsights_sitenote_category":0},"product_brand":[],"product_cat":[132,362],"product_tag":[],"class_list":{"0":"post-1010058","1":"product","2":"type-product","3":"status-publish","4":"has-post-thumbnail","6":"product_cat-lectures-per-preadolescents-6-12-anys","7":"product_cat-libros-preadolescentes-6-12-anos","9":"first","10":"instock","11":"taxable","12":"shipping-taxable","13":"purchasable","14":"product-type-simple"},"acf":{"autor":"PUNSET, ANA","codart":"841029812","libros-coleccion":"Montena","ediciones":"1","encuadernacion":"R\u00fastica","fecha_de_publicacion":"01\/03\/2025","novedad":"1","paginas":"80","subtitulo":"","orden":"0","portada":"0","idioma":"spa","editorial":[{"ID":6310,"post_author":"3","post_date":"2022-07-28 17:49:26","post_date_gmt":"2022-07-28 15:49:26","post_content":"","post_title":"MONTENA","post_excerpt":"","post_status":"publish","comment_status":"closed","ping_status":"closed","post_password":"","post_name":"montena","to_ping":"","pinged":"","post_modified":"2022-07-28 17:49:26","post_modified_gmt":"2022-07-28 15:49:26","post_content_filtered":"","post_parent":0,"guid":"http:\/\/dev.claret.cat\/editorial\/montena\/","menu_order":0,"post_type":"editorial","post_mime_type":"","comment_count":"0","filter":"raw"}],"booktrailer":"","resenas":""},"aioseo_notices":[],"_links":{"self":[{"href":"https:\/\/www.claret.cat\/es\/wp-json\/wp\/v2\/product\/1010058","targetHints":{"allow":["GET"]}}],"collection":[{"href":"https:\/\/www.claret.cat\/es\/wp-json\/wp\/v2\/product"}],"about":[{"href":"https:\/\/www.claret.cat\/es\/wp-json\/wp\/v2\/types\/product"}],"wp:featuredmedia":[{"embeddable":true,"href":"https:\/\/www.claret.cat\/es\/wp-json\/wp\/v2\/media\/1010404"}],"wp:attachment":[{"href":"https:\/\/www.claret.cat\/es\/wp-json\/wp\/v2\/media?parent=1010058"}],"wp:term":[{"taxonomy":"product_brand","embeddable":true,"href":"https:\/\/www.claret.cat\/es\/wp-json\/wp\/v2\/product_brand?post=1010058"},{"taxonomy":"product_cat","embeddable":true,"href":"https:\/\/www.claret.cat\/es\/wp-json\/wp\/v2\/product_cat?post=1010058"},{"taxonomy":"product_tag","embeddable":true,"href":"https:\/\/www.claret.cat\/es\/wp-json\/wp\/v2\/product_tag?post=1010058"}],"curies":[{"name":"wp","href":"https:\/\/api.w.org\/{rel}","templated":true}]}}