{"id":1010113,"date":"2025-03-10T16:40:02","date_gmt":"2025-03-10T15:40:02","guid":{"rendered":"https:\/\/www.claret.cat\/llibre\/mi-primer-libro-de-oraciones-9788410269156\/"},"modified":"2025-03-11T10:40:25","modified_gmt":"2025-03-11T09:40:25","slug":"mi-primer-libro-de-oraciones-9788410269156","status":"publish","type":"product","link":"https:\/\/www.claret.cat\/es\/libro\/mi-primer-libro-de-oraciones-9788410269156\/","title":{"rendered":"MI PRIMER LIBRO DE ORACIONES"},"content":{"rendered":"<p>Un hermoso <strong>libro ilustrado<\/strong> para que los ni\u00f1os aprendan <strong>las principales oraciones cristianas<\/strong> y fortalezcan su <strong>conexi\u00f3n con Dios<\/strong> durante todo el a\u00f1o.<\/p>\n<p><strong>\u00bfQu\u00e9 encontrar\u00e1s en este libro?<\/strong><\/p>\n<p><strong>Las oraciones m\u00e1s importantes<\/strong> de la Iglesia, incluyendo las aprendidas en catequesis y la Primera Comuni\u00f3n.<\/p>\n<p><strong>Historias de santos<\/strong>, una gu\u00eda para la Misa y curiosidades sobre el origen de diversas tradiciones cristianas.<\/p>\n<p><strong>Ilustraciones a todo color<\/strong> de <strong>Sara Bargue\u00f1o<\/strong>, que har\u00e1n m\u00e1s amena la lectura y el aprendizaje.<\/p>\n<p><strong>Espacios de reflexi\u00f3n<\/strong> para fomentar la espiritualidad y el autoconocimiento a trav\u00e9s del rezo.<\/p>\n<p><strong>Un libro ideal para ni\u00f1os y ni\u00f1as que hacen la Primera Comuni\u00f3n<\/strong>, dise\u00f1ado para acompa\u00f1arlos en su camino de fe y oraci\u00f3n.<\/p>\n","protected":false},"excerpt":{"rendered":"<p>G\u00d3MEZ Z\u00da\u00d1IGA, MAR\u00cdA<\/p>\n","protected":false},"featured_media":1010385,"template":"","meta":{"_acf_changed":false,"om_disable_all_campaigns":false,"rs_blank_template":"","rs_page_bg_color":"","slide_template_v7":"","inline_featured_image":false,"_monsterinsights_skip_tracking":false,"_monsterinsights_sitenote_active":false,"_monsterinsights_sitenote_note":"","_monsterinsights_sitenote_category":0},"product_brand":[],"product_cat":[216,475],"product_tag":[],"class_list":{"0":"post-1010113","1":"product","2":"type-product","3":"status-publish","4":"has-post-thumbnail","6":"product_cat-primera-comunio-catequesi-1_espiritualitat","7":"product_cat-primera-comunion","9":"first","10":"instock","11":"taxable","12":"shipping-taxable","13":"purchasable","14":"product-type-simple"},"acf":{"autor":"G\u00d3MEZ Z\u00da\u00d1IGA, MAR\u00cdA","codart":"841026915","libros-coleccion":"COMUNION","ediciones":"1","encuadernacion":"Carton\u00e9","fecha_de_publicacion":"01\/03\/2025","novedad":"1","paginas":"62","subtitulo":"ORACIONES ILUSTRADAS PARA REZAR Y COMPARTIR EN FAMILIA","orden":"0","portada":"0","idioma":"spa","editorial":[{"ID":294535,"post_author":"3","post_date":"2022-12-12 12:50:10","post_date_gmt":"2022-12-12 11:50:10","post_content":"","post_title":"B de Blok","post_excerpt":"","post_status":"publish","comment_status":"closed","ping_status":"closed","post_password":"","post_name":"b-de-blok","to_ping":"","pinged":"","post_modified":"2022-12-12 12:50:10","post_modified_gmt":"2022-12-12 11:50:10","post_content_filtered":"","post_parent":0,"guid":"http:\/\/dev.claret.cat\/editorial\/b-de-blok\/","menu_order":0,"post_type":"editorial","post_mime_type":"","comment_count":"0","filter":"raw"}]},"aioseo_notices":[],"_links":{"self":[{"href":"https:\/\/www.claret.cat\/es\/wp-json\/wp\/v2\/product\/1010113","targetHints":{"allow":["GET"]}}],"collection":[{"href":"https:\/\/www.claret.cat\/es\/wp-json\/wp\/v2\/product"}],"about":[{"href":"https:\/\/www.claret.cat\/es\/wp-json\/wp\/v2\/types\/product"}],"wp:featuredmedia":[{"embeddable":true,"href":"https:\/\/www.claret.cat\/es\/wp-json\/wp\/v2\/media\/1010385"}],"wp:attachment":[{"href":"https:\/\/www.claret.cat\/es\/wp-json\/wp\/v2\/media?parent=1010113"}],"wp:term":[{"taxonomy":"product_brand","embeddable":true,"href":"https:\/\/www.claret.cat\/es\/wp-json\/wp\/v2\/product_brand?post=1010113"},{"taxonomy":"product_cat","embeddable":true,"href":"https:\/\/www.claret.cat\/es\/wp-json\/wp\/v2\/product_cat?post=1010113"},{"taxonomy":"product_tag","embeddable":true,"href":"https:\/\/www.claret.cat\/es\/wp-json\/wp\/v2\/product_tag?post=1010113"}],"curies":[{"name":"wp","href":"https:\/\/api.w.org\/{rel}","templated":true}]}}