{"id":1010128,"date":"2025-03-10T17:05:07","date_gmt":"2025-03-10T16:05:07","guid":{"rendered":"https:\/\/www.claret.cat\/llibre\/mort-en-diferit-9788419836397\/"},"modified":"2026-01-04T12:25:50","modified_gmt":"2026-01-04T11:25:50","slug":"mort-en-diferit-9788419836397","status":"publish","type":"product","link":"https:\/\/www.claret.cat\/es\/libro\/mort-en-diferit-9788419836397\/","title":{"rendered":"MORT EN DIFERIT"},"content":{"rendered":"<p><strong class='ql-size-large'>Un plat\u00f3 de televisi\u00f3 i sis tertulians a\u00efllats per una gran tempesta: qui en sortir\u00e0 viu?<\/strong> <\/p>\n<p>Una gran nevada s&#8217;acosta a Barcelona, i deixa tancats i a\u00efllats sis tertulians i uns quants membres de la televisi\u00f3, a m\u00e9s d&#8217;un convidat molt especial. Arriben la neu, els llamps i els trons, i tamb\u00e9 el primer mort. <strong>Max Margarit<\/strong> es veur\u00e0 immers, un cop m\u00e9s, en una investigaci\u00f3 espont\u00e0nia, al m\u00e9s pur estil Deu negrets d&#8217;Agatha Christie, on tots seran sospitosos i possibles v\u00edctimes d&#8217;assassinat. <\/p>\n<p>Un nou cas ens submergir\u00e0 en els entranyes de la televisi\u00f3, la pol\u00edtica i els tertulians, principals protagonistes d&#8217;aquesta s\u00e0tira plena de misteri de<a href='https:\/\/www.claret.cat\/cataleg\/?b=toni+aira' rel='noopener noreferrer' target='_blank'><strong> Toni Aira<\/strong><\/a>. Qui acabar\u00e0 viu i qui morir\u00e0? Un relat que ret homenatge als grans cl\u00e0ssics del g\u00e8nere de misteri i en qu\u00e8 l&#8217;humor i la cr\u00edtica al m\u00f3n period\u00edstic i pol\u00edtic hi s\u00f3n ben presents.<\/p>\n<p>Sobre <a href='https:\/\/www.claret.cat\/llibre\/cos-a-terra-9788419245113\/?c=' rel='noopener noreferrer' target='_blank'><strong><em>Cos a terra<\/em><\/strong><\/a>, del mateix autor: <\/p>\n<blockquote><p>\u00ab\u00c9s com si Arthur Conan Doyle i La Cubana haguessin concebut un fill al plat\u00f3 d&#8217;Els Matins de TV3\u00bb. Guillem Clua.<\/p><\/blockquote>\n<blockquote><p>\u00abUna s\u00e0tira politicopolicial escrita amb molt d&#8217;humor, amb una ironia sorneguera que ens fa girar p\u00e0gines\u00bb. Melcior Gomes.<\/p><\/blockquote>\n<blockquote><p> \u00abUna novel\u00b7la que s&#8217;hauria de vendre amb un Memory que aparell\u00e9s els personatges amb tertulians pol\u00edtics reals de la catalanor\u00bb. M\u00e0rius Serra.<\/p><\/blockquote>\n<blockquote><p> \u00abSang, fetge, comunicaci\u00f3 pol\u00edtica i un esmolad\u00edssim sentit de l&#8221;humor: amb Cos a terra, Toni Aira demostra que la vida interna recent dels partits pol\u00edtics catalans nom\u00e9s es pot explicar des de la novel\u00b7la negra i amb altes dosis d&#8217;ironia fina\u00bb. Sebasti\u00e0 Portell.<\/p><\/blockquote>\n","protected":false},"excerpt":{"rendered":"<p>AIRA FOIX, TONI<\/p>\n","protected":false},"featured_media":1015010,"template":"","meta":{"_acf_changed":false,"om_disable_all_campaigns":false,"rs_blank_template":"","rs_page_bg_color":"","slide_template_v7":"","inline_featured_image":false,"_monsterinsights_skip_tracking":false,"_monsterinsights_sitenote_active":false,"_monsterinsights_sitenote_note":"","_monsterinsights_sitenote_category":0},"product_brand":[],"product_cat":[127,357],"product_tag":[],"class_list":{"0":"post-1010128","1":"product","2":"type-product","3":"status-publish","4":"has-post-thumbnail","6":"product_cat-novella-contemporania","7":"product_cat-novela-contemporanea","9":"first","10":"instock","11":"taxable","12":"shipping-taxable","13":"purchasable","14":"product-type-simple"},"acf":{"autor":"AIRA FOIX, TONI","codart":"841983639","libros-coleccion":"NARRATIVA CATALANA","ediciones":"1","encuadernacion":"R\u00fastica","fecha_de_publicacion":"01\/03\/2025","novedad":"1","paginas":"190","subtitulo":"","orden":"0","portada":"0","idioma":"cat","editorial":[{"ID":6276,"post_author":"3","post_date":"2022-07-28 17:48:43","post_date_gmt":"2022-07-28 15:48:43","post_content":"","post_title":"LA CAMPANA","post_excerpt":"","post_status":"publish","comment_status":"closed","ping_status":"closed","post_password":"","post_name":"la-campana","to_ping":"","pinged":"","post_modified":"2022-07-28 17:48:43","post_modified_gmt":"2022-07-28 15:48:43","post_content_filtered":"","post_parent":0,"guid":"http:\/\/dev.claret.cat\/editorial\/la-campana\/","menu_order":0,"post_type":"editorial","post_mime_type":"","comment_count":"0","filter":"raw"}],"booktrailer":"","linkebook":"","ficha":"","muestra":"","precioebook":"0","presentacion":"","resenas":""},"aioseo_notices":[],"_links":{"self":[{"href":"https:\/\/www.claret.cat\/es\/wp-json\/wp\/v2\/product\/1010128","targetHints":{"allow":["GET"]}}],"collection":[{"href":"https:\/\/www.claret.cat\/es\/wp-json\/wp\/v2\/product"}],"about":[{"href":"https:\/\/www.claret.cat\/es\/wp-json\/wp\/v2\/types\/product"}],"wp:featuredmedia":[{"embeddable":true,"href":"https:\/\/www.claret.cat\/es\/wp-json\/wp\/v2\/media\/1015010"}],"wp:attachment":[{"href":"https:\/\/www.claret.cat\/es\/wp-json\/wp\/v2\/media?parent=1010128"}],"wp:term":[{"taxonomy":"product_brand","embeddable":true,"href":"https:\/\/www.claret.cat\/es\/wp-json\/wp\/v2\/product_brand?post=1010128"},{"taxonomy":"product_cat","embeddable":true,"href":"https:\/\/www.claret.cat\/es\/wp-json\/wp\/v2\/product_cat?post=1010128"},{"taxonomy":"product_tag","embeddable":true,"href":"https:\/\/www.claret.cat\/es\/wp-json\/wp\/v2\/product_tag?post=1010128"}],"curies":[{"name":"wp","href":"https:\/\/api.w.org\/{rel}","templated":true}]}}