{"id":1010141,"date":"2025-03-10T17:10:13","date_gmt":"2025-03-10T16:10:13","guid":{"rendered":"https:\/\/www.claret.cat\/llibre\/a-tu-lado-9788410396388\/"},"modified":"2025-03-11T10:45:29","modified_gmt":"2025-03-11T09:45:29","slug":"a-tu-lado-9788410396388","status":"publish","type":"product","link":"https:\/\/www.claret.cat\/es\/libro\/a-tu-lado-9788410396388\/","title":{"rendered":"A TU LADO"},"content":{"rendered":"<p><strong>Un recuerdo \u00fanico para tu Primera Comuni\u00f3n.<\/strong><\/p>\n<p><strong>La Primera Comuni\u00f3n es un momento inolvidable<\/strong>, y este libro te permitir\u00e1 conservar cada detalle con un formato especial y emotivo. <strong>\u00a1Celebra tu fe y guarda los recuerdos m\u00e1s bonitos de este d\u00eda tan importante!<\/strong><\/p>\n<p><strong>\u00bfQu\u00e9 encontrar\u00e1s en este libro?<\/strong><\/p>\n<p><strong>Un recuerdo personalizado<\/strong> con espacio para firmas y dedicatorias.<\/p>\n<p><strong>Formato premium<\/strong> con cantos tintados y secciones de <em>journal<\/em> para escribir pensamientos y emociones.<\/p>\n<p><strong>Ilustraciones exclusivas<\/strong> de Carla Calvo (@latortuguitablanca).<\/p>\n<p><strong>Un dise\u00f1o cuidado<\/strong> para vivir la fe de manera cercana y actual.<\/p>\n<p><strong>\u00a1El regalo perfecto para la Primera Comuni\u00f3n!<\/strong> Un libro que acompa\u00f1ar\u00e1 a los ni\u00f1os en su crecimiento espiritual y les ayudar\u00e1 a recordar siempre este d\u00eda tan especial.<\/p>\n","protected":false},"excerpt":{"rendered":"<p>AA VV<\/p>\n","protected":false},"featured_media":1010389,"template":"","meta":{"_acf_changed":false,"om_disable_all_campaigns":false,"rs_blank_template":"","rs_page_bg_color":"","slide_template_v7":"","inline_featured_image":false,"_monsterinsights_skip_tracking":false,"_monsterinsights_sitenote_active":false,"_monsterinsights_sitenote_note":"","_monsterinsights_sitenote_category":0},"product_brand":[],"product_cat":[216,475],"product_tag":[],"class_list":{"0":"post-1010141","1":"product","2":"type-product","3":"status-publish","4":"has-post-thumbnail","6":"product_cat-primera-comunio-catequesi-1_espiritualitat","7":"product_cat-primera-comunion","9":"first","10":"instock","11":"taxable","12":"shipping-taxable","13":"purchasable","14":"product-type-simple"},"acf":{"autor":"AA VV","codart":"841039638","libros-coleccion":"No ficci\u00f3n ilustrados","ediciones":"1","encuadernacion":"Carton\u00e9","fecha_de_publicacion":"01\/03\/2025","novedad":"1","paginas":"96","subtitulo":"UN RECUERDO DE MI PRIMERA COMUNI\u00d3N","orden":"0","portada":"0","idioma":"spa","editorial":[{"ID":6310,"post_author":"3","post_date":"2022-07-28 17:49:26","post_date_gmt":"2022-07-28 15:49:26","post_content":"","post_title":"MONTENA","post_excerpt":"","post_status":"publish","comment_status":"closed","ping_status":"closed","post_password":"","post_name":"montena","to_ping":"","pinged":"","post_modified":"2022-07-28 17:49:26","post_modified_gmt":"2022-07-28 15:49:26","post_content_filtered":"","post_parent":0,"guid":"http:\/\/dev.claret.cat\/editorial\/montena\/","menu_order":0,"post_type":"editorial","post_mime_type":"","comment_count":"0","filter":"raw"}]},"aioseo_notices":[],"_links":{"self":[{"href":"https:\/\/www.claret.cat\/es\/wp-json\/wp\/v2\/product\/1010141","targetHints":{"allow":["GET"]}}],"collection":[{"href":"https:\/\/www.claret.cat\/es\/wp-json\/wp\/v2\/product"}],"about":[{"href":"https:\/\/www.claret.cat\/es\/wp-json\/wp\/v2\/types\/product"}],"wp:featuredmedia":[{"embeddable":true,"href":"https:\/\/www.claret.cat\/es\/wp-json\/wp\/v2\/media\/1010389"}],"wp:attachment":[{"href":"https:\/\/www.claret.cat\/es\/wp-json\/wp\/v2\/media?parent=1010141"}],"wp:term":[{"taxonomy":"product_brand","embeddable":true,"href":"https:\/\/www.claret.cat\/es\/wp-json\/wp\/v2\/product_brand?post=1010141"},{"taxonomy":"product_cat","embeddable":true,"href":"https:\/\/www.claret.cat\/es\/wp-json\/wp\/v2\/product_cat?post=1010141"},{"taxonomy":"product_tag","embeddable":true,"href":"https:\/\/www.claret.cat\/es\/wp-json\/wp\/v2\/product_tag?post=1010141"}],"curies":[{"name":"wp","href":"https:\/\/api.w.org\/{rel}","templated":true}]}}