{"id":1010177,"date":"2025-03-10T17:40:29","date_gmt":"2025-03-10T16:40:29","guid":{"rendered":"https:\/\/www.claret.cat\/llibre\/jotade-jotade-1-9788410299498\/"},"modified":"2026-04-29T17:25:41","modified_gmt":"2026-04-29T15:25:41","slug":"jotade-jotade-1-9788410299498","status":"publish","type":"product","link":"https:\/\/www.claret.cat\/es\/libro\/jotade-jotade-1-9788410299498\/","title":{"rendered":"JOTAD\u00c9 (JOTAD\u00c9 1)"},"content":{"rendered":"<p><strong>La experiencia m\u00e1s brutal de la novela negra.<\/strong><\/p>\n<p><strong>Santiago D\u00edaz vuelve a la carga con un nuevo thriller adictivo<\/strong> protagonizado por Jotad\u00e9 Cort\u00e9s, un polic\u00eda irreverente, intuitivo y al l\u00edmite.<\/p>\n<p><strong>Una noche calurosa en Madrid. Un doble asesinato macabro. Una v\u00edctima inesperada.<\/strong><\/p>\n<p>Cuando dos hombres son destripados y arrojados desde un puente de la M-30, sus v\u00edsceras caen sobre un descapotable con tres chicas que regresan de fiesta. Una de ellas muere en el acto: <strong>es la hija del comisario<\/strong>. En un Madrid donde la ley del silencio impera, Jotad\u00e9 Cort\u00e9s, el \u00fanico polic\u00eda gitano de su comisar\u00eda, se enfrenta a una investigaci\u00f3n que lo arrastrar\u00e1 a su propio pasado y lo obligar\u00e1 a cruzar l\u00edmites que jam\u00e1s imagin\u00f3.<\/p>\n<p><strong>Santiago D\u00edaz<\/strong>, autor de la exitosa trilog\u00eda <em>Indira<\/em>, vuelve con una serie que redefine la novela negra espa\u00f1ola.<\/p>\n<p><strong>Un protagonista carism\u00e1tico<\/strong>, brutalmente honesto y con una intuici\u00f3n fuera de serie.<\/p>\n<p><strong>Acci\u00f3n trepidante, giros inesperados y tensi\u00f3n en cada p\u00e1gina<\/strong>.<\/p>\n<p>Una historia de <strong>lealtades, traiciones y secretos que se pagan con sangre<\/strong>.<\/p>\n","protected":false},"excerpt":{"rendered":"<p>D\u00cdAZ, SANTIAGO<\/p>\n","protected":false},"featured_media":1095633,"template":"","meta":{"_acf_changed":false,"om_disable_all_campaigns":false,"rs_blank_template":"","rs_page_bg_color":"","slide_template_v7":"","inline_featured_image":false,"_monsterinsights_skip_tracking":false,"_monsterinsights_sitenote_active":false,"_monsterinsights_sitenote_note":"","_monsterinsights_sitenote_category":0},"product_brand":[],"product_cat":[127,357],"product_tag":[],"class_list":{"0":"post-1010177","1":"product","2":"type-product","3":"status-publish","4":"has-post-thumbnail","6":"product_cat-novella-contemporania","7":"product_cat-novela-contemporanea","9":"first","10":"instock","11":"taxable","12":"shipping-taxable","13":"purchasable","14":"product-type-simple"},"acf":{"autor":"D\u00cdAZ, SANTIAGO","codart":"841029949","libros-coleccion":"GENERICA","ediciones":"1","encuadernacion":"R\u00fastica","fecha_de_publicacion":"01\/03\/2025","novedad":"1","paginas":"392","subtitulo":"","orden":"0","portada":"0","idioma":"spa","editorial":[{"ID":6118,"post_author":"3","post_date":"2022-07-28 17:45:17","post_date_gmt":"2022-07-28 15:45:17","post_content":"","post_title":"ALFAGUARA","post_excerpt":"","post_status":"publish","comment_status":"closed","ping_status":"closed","post_password":"","post_name":"alfaguara","to_ping":"","pinged":"","post_modified":"2022-07-28 17:45:17","post_modified_gmt":"2022-07-28 15:45:17","post_content_filtered":"","post_parent":0,"guid":"http:\/\/dev.claret.cat\/editorial\/alfaguara\/","menu_order":0,"post_type":"editorial","post_mime_type":"","comment_count":"0","filter":"raw"}],"booktrailer":"","resenas":""},"aioseo_notices":[],"_links":{"self":[{"href":"https:\/\/www.claret.cat\/es\/wp-json\/wp\/v2\/product\/1010177","targetHints":{"allow":["GET"]}}],"collection":[{"href":"https:\/\/www.claret.cat\/es\/wp-json\/wp\/v2\/product"}],"about":[{"href":"https:\/\/www.claret.cat\/es\/wp-json\/wp\/v2\/types\/product"}],"wp:featuredmedia":[{"embeddable":true,"href":"https:\/\/www.claret.cat\/es\/wp-json\/wp\/v2\/media\/1095633"}],"wp:attachment":[{"href":"https:\/\/www.claret.cat\/es\/wp-json\/wp\/v2\/media?parent=1010177"}],"wp:term":[{"taxonomy":"product_brand","embeddable":true,"href":"https:\/\/www.claret.cat\/es\/wp-json\/wp\/v2\/product_brand?post=1010177"},{"taxonomy":"product_cat","embeddable":true,"href":"https:\/\/www.claret.cat\/es\/wp-json\/wp\/v2\/product_cat?post=1010177"},{"taxonomy":"product_tag","embeddable":true,"href":"https:\/\/www.claret.cat\/es\/wp-json\/wp\/v2\/product_tag?post=1010177"}],"curies":[{"name":"wp","href":"https:\/\/api.w.org\/{rel}","templated":true}]}}