{"id":1010180,"date":"2025-03-10T17:45:02","date_gmt":"2025-03-10T16:45:02","guid":{"rendered":"https:\/\/www.claret.cat\/llibre\/tu-cuerpo-habla-9788419820556\/"},"modified":"2025-04-23T15:40:05","modified_gmt":"2025-04-23T13:40:05","slug":"tu-cuerpo-habla-9788419820556","status":"publish","type":"product","link":"https:\/\/www.claret.cat\/es\/libro\/tu-cuerpo-habla-9788419820556\/","title":{"rendered":"TU CUERPO HABLA"},"content":{"rendered":"<p>Mitos, sesgos y falacias sobre la autopercepci\u00f3n de la salud y de la enfermedad En este nuevo libro, el doctor Goicoechea \u2014neur\u00f3logo reconocido y experto en neurobiolog\u00eda del dolor\u2014 nos ofrece la explicaci\u00f3n de por qu\u00e9 podemos sentirnos enfermos aunque estemos realmente sanos, seg\u00fan el dictamen de los especialistas. Percibimos el cuerpo que creemos tener. El organismo se autoorganiza y se adapta al entorno en el que le toca vivir. A golpe de error-ensayo-error, aprende a atribuir un valor positivo o negativo a cada acci\u00f3n en cada escenario y va tejiendo, de forma inconsciente, un relato que se proyecta en la pantalla de la conciencia como una pel\u00edcula. Vivimos con la convicci\u00f3n de que esa pel\u00edcula refleja directamente la realidad, externa e interna. Sin embargo, lo que recibimos en esa pantalla no siempre se ajusta a lo que en efecto sucede. Un cuerpo sano puede aparecer en el relato como enfermo. Es una pel\u00edcula de ficci\u00f3n, pero para el padeciente (el espectador) revela una realidad interna, que no puede ver con sus propios ojos.<\/p>\n","protected":false},"excerpt":{"rendered":"<p>GOICOECHEA, DR. ARTURO<\/p>\n","protected":false},"featured_media":1010209,"template":"","meta":{"_acf_changed":false,"om_disable_all_campaigns":false,"rs_blank_template":"","rs_page_bg_color":"","slide_template_v7":"","inline_featured_image":false,"_monsterinsights_skip_tracking":false,"_monsterinsights_sitenote_active":false,"_monsterinsights_sitenote_note":"","_monsterinsights_sitenote_category":0},"product_brand":[],"product_cat":[547,97],"product_tag":[],"class_list":{"0":"post-1010180","1":"product","2":"type-product","3":"status-publish","4":"has-post-thumbnail","6":"product_cat-salud","7":"product_cat-salut","9":"first","10":"instock","11":"taxable","12":"shipping-taxable","13":"purchasable","14":"product-type-simple"},"acf":{"autor":"GOICOECHEA, DR. ARTURO","codart":"841982055","libros-coleccion":"FORA DE COL.LECCI\u00d3","ediciones":"1","encuadernacion":"R\u00fastica","fecha_de_publicacion":"01\/03\/2025","novedad":"1","paginas":"270","subtitulo":"\u00bfPOR QU\u00c9 ME DUELE SI NO TENGO NADA?","orden":"0","portada":"0","idioma":"spa","editorial":[{"ID":148959,"post_author":"3","post_date":"2022-10-14 12:02:20","post_date_gmt":"2022-10-14 10:02:20","post_content":"","post_title":"Vergara","post_excerpt":"","post_status":"publish","comment_status":"closed","ping_status":"closed","post_password":"","post_name":"vergara","to_ping":"","pinged":"","post_modified":"2022-10-14 12:02:20","post_modified_gmt":"2022-10-14 10:02:20","post_content_filtered":"","post_parent":0,"guid":"http:\/\/dev.claret.cat\/editorial\/vergara\/","menu_order":0,"post_type":"editorial","post_mime_type":"","comment_count":"0","filter":"raw"}],"booktrailer":"","resenas":""},"aioseo_notices":[],"_links":{"self":[{"href":"https:\/\/www.claret.cat\/es\/wp-json\/wp\/v2\/product\/1010180","targetHints":{"allow":["GET"]}}],"collection":[{"href":"https:\/\/www.claret.cat\/es\/wp-json\/wp\/v2\/product"}],"about":[{"href":"https:\/\/www.claret.cat\/es\/wp-json\/wp\/v2\/types\/product"}],"wp:featuredmedia":[{"embeddable":true,"href":"https:\/\/www.claret.cat\/es\/wp-json\/wp\/v2\/media\/1010209"}],"wp:attachment":[{"href":"https:\/\/www.claret.cat\/es\/wp-json\/wp\/v2\/media?parent=1010180"}],"wp:term":[{"taxonomy":"product_brand","embeddable":true,"href":"https:\/\/www.claret.cat\/es\/wp-json\/wp\/v2\/product_brand?post=1010180"},{"taxonomy":"product_cat","embeddable":true,"href":"https:\/\/www.claret.cat\/es\/wp-json\/wp\/v2\/product_cat?post=1010180"},{"taxonomy":"product_tag","embeddable":true,"href":"https:\/\/www.claret.cat\/es\/wp-json\/wp\/v2\/product_tag?post=1010180"}],"curies":[{"name":"wp","href":"https:\/\/api.w.org\/{rel}","templated":true}]}}