{"id":1010188,"date":"2025-03-10T17:50:31","date_gmt":"2025-03-10T16:50:31","guid":{"rendered":"https:\/\/www.claret.cat\/llibre\/peppa-pig-llibre-de-cartro-el-nou-amic-de-la-pepa-9788448863111\/"},"modified":"2025-09-08T11:40:15","modified_gmt":"2025-09-08T09:40:15","slug":"peppa-pig-llibre-de-cartro-el-nou-amic-de-la-pepa-9788448863111","status":"publish","type":"product","link":"https:\/\/www.claret.cat\/es\/libro\/peppa-pig-llibre-de-cartro-el-nou-amic-de-la-pepa-9788448863111\/","title":{"rendered":"PEPPA PIG. LLIBRE DE CARTR\u00d3 &#8211; EL NOU AMIC DE LA PEPA"},"content":{"rendered":"<p>Un nou llibre de cartr\u00f3 protagonitzat per la porqueta Pepa i els seus amics. Ha arribat un nou alumne a la classe de Madame Gazelle. Es tracta de Gerald Girafa. \u00c9s molt alt, i li resulta dif\u00edcil jugar a fet i amagar amb els altres. Per\u00f2 ser alt t\u00e9 els seus avantatges quan es tracta de rescatar les joguines que es queden atrapades als arbres. Visca Gerald Girafa! Una hist\u00f2ria divertida amb una lli\u00e7\u00f3 important. Amb aquest nou llibre de cartr\u00f3, els m\u00e9s petits aprendran sobre la import\u00e0ncia i el valor de ser diferents els uns dels altres.<\/p>\n","protected":false},"excerpt":{"rendered":"<p>HASBRO \/ EONE<\/p>\n","protected":false},"featured_media":1010315,"template":"","meta":{"_acf_changed":false,"om_disable_all_campaigns":false,"rs_blank_template":"","rs_page_bg_color":"","slide_template_v7":"","inline_featured_image":false,"_monsterinsights_skip_tracking":false,"_monsterinsights_sitenote_active":false,"_monsterinsights_sitenote_note":"","_monsterinsights_sitenote_category":0},"product_brand":[],"product_cat":[131,361],"product_tag":[],"class_list":{"0":"post-1010188","1":"product","2":"type-product","3":"status-publish","4":"has-post-thumbnail","6":"product_cat-contes-per-infants-0-6-anys","7":"product_cat-cuentos-para-ninos-0-6-anos","9":"first","10":"instock","11":"taxable","12":"shipping-taxable","13":"purchasable","14":"product-type-simple"},"acf":{"autor":"HASBRO \/ EONE","codart":"844886311","libros-coleccion":"","ediciones":"1","encuadernacion":"Carpeta","fecha_de_publicacion":"01\/02\/2023","novedad":"1","paginas":"0","subtitulo":"","orden":"0","portada":"0","idioma":"cat","editorial":[{"ID":6141,"post_author":"3","post_date":"2022-07-28 17:45:46","post_date_gmt":"2022-07-28 15:45:46","post_content":"","post_title":"BEASCOA","post_excerpt":"","post_status":"publish","comment_status":"closed","ping_status":"closed","post_password":"","post_name":"beascoa","to_ping":"","pinged":"","post_modified":"2022-07-28 17:45:46","post_modified_gmt":"2022-07-28 15:45:46","post_content_filtered":"","post_parent":0,"guid":"http:\/\/dev.claret.cat\/editorial\/beascoa\/","menu_order":0,"post_type":"editorial","post_mime_type":"","comment_count":"0","filter":"raw"}],"booktrailer":"","resenas":""},"aioseo_notices":[],"_links":{"self":[{"href":"https:\/\/www.claret.cat\/es\/wp-json\/wp\/v2\/product\/1010188","targetHints":{"allow":["GET"]}}],"collection":[{"href":"https:\/\/www.claret.cat\/es\/wp-json\/wp\/v2\/product"}],"about":[{"href":"https:\/\/www.claret.cat\/es\/wp-json\/wp\/v2\/types\/product"}],"wp:featuredmedia":[{"embeddable":true,"href":"https:\/\/www.claret.cat\/es\/wp-json\/wp\/v2\/media\/1010315"}],"wp:attachment":[{"href":"https:\/\/www.claret.cat\/es\/wp-json\/wp\/v2\/media?parent=1010188"}],"wp:term":[{"taxonomy":"product_brand","embeddable":true,"href":"https:\/\/www.claret.cat\/es\/wp-json\/wp\/v2\/product_brand?post=1010188"},{"taxonomy":"product_cat","embeddable":true,"href":"https:\/\/www.claret.cat\/es\/wp-json\/wp\/v2\/product_cat?post=1010188"},{"taxonomy":"product_tag","embeddable":true,"href":"https:\/\/www.claret.cat\/es\/wp-json\/wp\/v2\/product_tag?post=1010188"}],"curies":[{"name":"wp","href":"https:\/\/api.w.org\/{rel}","templated":true}]}}