{"id":1010195,"date":"2025-03-10T17:55:46","date_gmt":"2025-03-10T16:55:46","guid":{"rendered":"https:\/\/www.claret.cat\/llibre\/les-tenebres-del-cor-9788419836045\/"},"modified":"2025-05-22T12:00:32","modified_gmt":"2025-05-22T10:00:32","slug":"les-tenebres-del-cor-9788419836045","status":"publish","type":"product","link":"https:\/\/www.claret.cat\/es\/libro\/les-tenebres-del-cor-9788419836045\/","title":{"rendered":"LES TENEBRES DEL COR"},"content":{"rendered":"<p><strong>Entre ci\u00e8ncia, mite i literatura.<\/strong><\/p>\n<p><strong>Un relat apassionant<\/strong> que combina hist\u00f2ria, ci\u00e8ncia i fantasia per explorar <strong>la fascinaci\u00f3 occidental pels pobles de la selva africana<\/strong>. Albert S\u00e1nchez Pi\u00f1ol (<em>Victus, La pell freda<\/em>) ens convida a un viatge hom\u00e8ric cap al cor de l&#8217;\u00c0frica, on <strong>exploradors, cient\u00edfics i escriptors han perseguit un somni tan immortal com inassolible<\/strong>.<\/p>\n<p>Una barreja \u00fanica de <strong>narrativa d\u2019aventures, antropologia i hist\u00f2ria cient\u00edfica<\/strong>.<\/p>\n<p>La recerca de la veritat darrere del mite dels &#8216;pigmeus&#8217;, esmentats per Homer a <em>La Il\u00edada<\/em>.<\/p>\n<p><strong>Personatges fascinants<\/strong> com l\u2019explorador Paul du Chaillu, l\u2019antrop\u00f2leg Colin Turnbull o la pintora Anne Eisner.<\/p>\n<p>Una reflexi\u00f3 sobre com la ci\u00e8ncia i la fantasia s\u2019entrellacen en la nostra percepci\u00f3 del m\u00f3n.<\/p>\n<p><strong>Un llibre que et transporta a una expedici\u00f3 liter\u00e0ria plena de miratges, descobriments i paradoxes!<\/strong><\/p>\n","protected":false},"excerpt":{"rendered":"<p>S\u00c1NCHEZ PI\u00d1OL, ALBERT<\/p>\n","protected":false},"featured_media":1023129,"template":"","meta":{"_acf_changed":false,"om_disable_all_campaigns":false,"rs_blank_template":"","rs_page_bg_color":"","slide_template_v7":"","inline_featured_image":false,"_monsterinsights_skip_tracking":false,"_monsterinsights_sitenote_active":false,"_monsterinsights_sitenote_note":"","_monsterinsights_sitenote_category":0},"product_brand":[],"product_cat":[157,370],"product_tag":[618,617,619,620],"class_list":{"0":"post-1010195","1":"product","2":"type-product","3":"status-publish","4":"has-post-thumbnail","6":"product_cat-investigacio-i-corrents","7":"product_cat-investigacion-y-corrientes","8":"product_tag-albert-sanchez-pinyol","9":"product_tag-les-tenebres-del-cor","10":"product_tag-llibre-catala","11":"product_tag-sant-jordi-2025","13":"first","14":"outofstock","15":"taxable","16":"shipping-taxable","17":"purchasable","18":"product-type-simple"},"acf":{"autor":"S\u00c1NCHEZ PI\u00d1OL, ALBERT","codart":"841983604","libros-coleccion":"FORA DE COL.LECCI\u00d3","ediciones":"1","encuadernacion":"R\u00fastica","fecha_de_publicacion":"01\/03\/2025","novedad":"1","paginas":"366","subtitulo":"","orden":"0","portada":"0","idioma":"cat","editorial":[{"ID":6276,"post_author":"3","post_date":"2022-07-28 17:48:43","post_date_gmt":"2022-07-28 15:48:43","post_content":"","post_title":"LA CAMPANA","post_excerpt":"","post_status":"publish","comment_status":"closed","ping_status":"closed","post_password":"","post_name":"la-campana","to_ping":"","pinged":"","post_modified":"2022-07-28 17:48:43","post_modified_gmt":"2022-07-28 15:48:43","post_content_filtered":"","post_parent":0,"guid":"http:\/\/dev.claret.cat\/editorial\/la-campana\/","menu_order":0,"post_type":"editorial","post_mime_type":"","comment_count":"0","filter":"raw"}],"autores-libros":"","traductores-libros":"","ilustradores-libros":"","formato":"","linkebook":"","precioebook":"","ebookportada":false,"ficha":"","muestra":"","presentacion":"","booktrailer":"","resenas":"","recomendamos":"","mas_vendido":""},"aioseo_notices":[],"_links":{"self":[{"href":"https:\/\/www.claret.cat\/es\/wp-json\/wp\/v2\/product\/1010195","targetHints":{"allow":["GET"]}}],"collection":[{"href":"https:\/\/www.claret.cat\/es\/wp-json\/wp\/v2\/product"}],"about":[{"href":"https:\/\/www.claret.cat\/es\/wp-json\/wp\/v2\/types\/product"}],"wp:featuredmedia":[{"embeddable":true,"href":"https:\/\/www.claret.cat\/es\/wp-json\/wp\/v2\/media\/1023129"}],"wp:attachment":[{"href":"https:\/\/www.claret.cat\/es\/wp-json\/wp\/v2\/media?parent=1010195"}],"wp:term":[{"taxonomy":"product_brand","embeddable":true,"href":"https:\/\/www.claret.cat\/es\/wp-json\/wp\/v2\/product_brand?post=1010195"},{"taxonomy":"product_cat","embeddable":true,"href":"https:\/\/www.claret.cat\/es\/wp-json\/wp\/v2\/product_cat?post=1010195"},{"taxonomy":"product_tag","embeddable":true,"href":"https:\/\/www.claret.cat\/es\/wp-json\/wp\/v2\/product_tag?post=1010195"}],"curies":[{"name":"wp","href":"https:\/\/api.w.org\/{rel}","templated":true}]}}