{"id":1010479,"date":"2025-03-11T12:41:08","date_gmt":"2025-03-11T11:41:08","guid":{"rendered":"https:\/\/www.claret.cat\/llibre\/pensar-9788410358171\/"},"modified":"2026-02-02T11:21:33","modified_gmt":"2026-02-02T10:21:33","slug":"pensar-9788410358171","status":"publish","type":"product","link":"https:\/\/www.claret.cat\/es\/libro\/pensar-9788410358171\/","title":{"rendered":"PENSAR"},"content":{"rendered":"<p>Un libro para recuperar el poder y la alegr\u00eda de una vida reflexiva, porque pensar con profundidad y por uno mismo es el camino hacia una vida libre, plena y verdaderamente humana.\u00bfVivimos en una sociedad obsesionada con la velocidad y la satisfacci\u00f3n instant\u00e1nea. Hoy en d\u00eda, pensar se ha vuelto cada vez m\u00e1s dif\u00edcil. Se nos empuja a la acci\u00f3n constante, pero rara vez se nos anima a detenernos y reflexionar. \u00bfC\u00f3mo recuperar el tiempo y el espacio para pensar en medio de este ritmo vertiginoso?El fil\u00f3sofo Svend Brinkmann nos invita a reivindicar la contemplaci\u00f3n como un acto de resistencia y libertad. Pensar no es solo un ejercicio intelectual, es un modo de estar en el mundo con m\u00e1s presencia y sentido. No se trata solo de resolver problemas, sino de cuestionar lo establecido, imaginar nuevas posibilidades y conectar con nuestra propia voz. A lo largo de este libro, nos gu\u00eda para cultivar tres actitudes esenciales: la reflexi\u00f3n cr\u00edtica, que nos ayuda a desafiar lo que damos por sentado; la enso\u00f1aci\u00f3n, que libera nuestra creatividad; y la atenci\u00f3n plena, que nos ancla al presente con mayor conciencia.Este libro nos propone detenernos, mirar m\u00e1s all\u00e1 de lo inmediato y descubrir que pensar nos ofrece una forma m\u00e1s humana y plena de vivir, porque pensar bien tambi\u00e9n es vivir.La cr\u00edtica ha dicho?\u00abSvend Brinkmann enarbola la bandera del pensamiento socr\u00e1tico y ofrece una gu\u00eda pr\u00e1ctica para cultivarlo.\u00bb The Critic\u00abPensar es un libro que ensalza la vida reflexiva y ofrece una exploraci\u00f3n estimulante sobre el papel del pensamiento en nuestras vidas hoy en d\u00eda.\u00bb The Conversation\u00abPensar es el mayor regalo que poseemos los humanos. Pero debemos usarlo de forma responsable y sabia, para el bien de todos. Brinkmann nos recuerda cu\u00e1nto podemos ganar si lo hacemos.\u00bb Tim Ingold<\/p>\n","protected":false},"excerpt":{"rendered":"<p>BRINKMANN, SVEND<\/p>\n","protected":false},"featured_media":1072288,"template":"","meta":{"_acf_changed":false,"om_disable_all_campaigns":false,"rs_blank_template":"","rs_page_bg_color":"","slide_template_v7":"","inline_featured_image":false,"_monsterinsights_skip_tracking":false,"_monsterinsights_sitenote_active":false,"_monsterinsights_sitenote_note":"","_monsterinsights_sitenote_category":0},"product_brand":[],"product_cat":[373,166],"product_tag":[],"class_list":{"0":"post-1010479","1":"product","2":"type-product","3":"status-publish","4":"has-post-thumbnail","6":"product_cat-autores","7":"product_cat-autors-filosofia","9":"first","10":"instock","11":"taxable","12":"shipping-taxable","13":"purchasable","14":"product-type-simple"},"acf":{"autor":"BRINKMANN, SVEND","codart":"841035817","libros-coleccion":"Koan","ediciones":"1","encuadernacion":"R\u00fastica","fecha_de_publicacion":"01\/03\/2025","novedad":"1","paginas":"190","subtitulo":"EN DEFENSA DE UNA VIDA REFLEXIVA","orden":"0","portada":"0","idioma":"spa","editorial":[{"ID":6204,"post_author":"3","post_date":"2022-07-28 17:47:05","post_date_gmt":"2022-07-28 15:47:05","post_content":"","post_title":"Ediciones Koan","post_excerpt":"","post_status":"publish","comment_status":"closed","ping_status":"closed","post_password":"","post_name":"ediciones-koan","to_ping":"","pinged":"","post_modified":"2022-07-28 17:47:05","post_modified_gmt":"2022-07-28 15:47:05","post_content_filtered":"","post_parent":0,"guid":"http:\/\/dev.claret.cat\/editorial\/ediciones-koan\/","menu_order":0,"post_type":"editorial","post_mime_type":"","comment_count":"0","filter":"raw"}],"booktrailer":"","resenas":""},"aioseo_notices":[],"_links":{"self":[{"href":"https:\/\/www.claret.cat\/es\/wp-json\/wp\/v2\/product\/1010479","targetHints":{"allow":["GET"]}}],"collection":[{"href":"https:\/\/www.claret.cat\/es\/wp-json\/wp\/v2\/product"}],"about":[{"href":"https:\/\/www.claret.cat\/es\/wp-json\/wp\/v2\/types\/product"}],"wp:featuredmedia":[{"embeddable":true,"href":"https:\/\/www.claret.cat\/es\/wp-json\/wp\/v2\/media\/1072288"}],"wp:attachment":[{"href":"https:\/\/www.claret.cat\/es\/wp-json\/wp\/v2\/media?parent=1010479"}],"wp:term":[{"taxonomy":"product_brand","embeddable":true,"href":"https:\/\/www.claret.cat\/es\/wp-json\/wp\/v2\/product_brand?post=1010479"},{"taxonomy":"product_cat","embeddable":true,"href":"https:\/\/www.claret.cat\/es\/wp-json\/wp\/v2\/product_cat?post=1010479"},{"taxonomy":"product_tag","embeddable":true,"href":"https:\/\/www.claret.cat\/es\/wp-json\/wp\/v2\/product_tag?post=1010479"}],"curies":[{"name":"wp","href":"https:\/\/api.w.org\/{rel}","templated":true}]}}