{"id":1010482,"date":"2025-03-11T12:45:02","date_gmt":"2025-03-11T11:45:02","guid":{"rendered":"https:\/\/www.claret.cat\/llibre\/bizancio-declive-y-caida-9788417743642\/"},"modified":"2026-03-12T17:15:43","modified_gmt":"2026-03-12T16:15:43","slug":"bizancio-declive-y-caida-9788417743642","status":"publish","type":"product","link":"https:\/\/www.claret.cat\/es\/libro\/bizancio-declive-y-caida-9788417743642\/","title":{"rendered":"BIZANCIO: DECLIVE Y CA\u00cdDA"},"content":{"rendered":"<p><em>Bizancio: declive y ca\u00edda<\/em> es la \u00faltima entrega de la magistral trilog\u00eda de <strong>John Julius Norwich<\/strong> sobre el <strong>Imperio Bizantino<\/strong>, en la que el historiador nos lleva a un recorrido fascinante por los \u00faltimos siglos de la historia de Bizancio. A trav\u00e9s de un an\u00e1lisis exhaustivo, Norwich desentra\u00f1a las luchas internas y externas que marcaron los \u00faltimos a\u00f1os del imperio, enfrent\u00e1ndose a la constante agresi\u00f3n de sus enemigos.<\/p>\n<p>Desde la ascensi\u00f3n de <strong>Alejo I<\/strong> en el <strong>1081<\/strong>, tras la derrota de Bizancio a manos de los turcos sely\u00facidas en la <strong>batalla de Manzikert (1071)<\/strong>, hasta la <strong>Cuarta Cruzada<\/strong> de 1204, donde los cruzados desviaron su camino hacia Constantinopla en lugar de Jerusal\u00e9n, Norwich relata los momentos clave que configuraron el destino de Bizancio. Tambi\u00e9n se aborda la influencia de los <strong>almog\u00e1vares aragoneses<\/strong> y otros elementos que contribuyeron al progresivo declive del imperio.<\/p>\n<p>El libro culmina con la hist\u00f3rica <strong>ca\u00edda de Constantinopla en 1453<\/strong>, que no solo marc\u00f3 el fin del <strong>Imperio Romano de Oriente<\/strong>, sino tambi\u00e9n el fin de toda una <strong>era<\/strong> de historia medieval, un evento trascendental que resuena hasta nuestros d\u00edas.<\/p>\n<p>La ca\u00edda de Constantinopla y el colapso final de Bizancio son presentados por Norwich como el fin de una <strong>Edad Media<\/strong> que no puede ser comprendida completamente sin la influencia y la historia del <strong>Imperio Bizantino<\/strong>, cuya lucha por la supervivencia se mantiene como un testamento de <strong>hero\u00edsmo<\/strong> y resistencia. Este relato, cargado de momentos de <strong>haza\u00f1as heroicas<\/strong> y <strong>tragedias inevitables<\/strong>, es un vistazo impresionante a la <strong>historia de Europa oriental<\/strong> y el impacto del imperio en la configuraci\u00f3n del mundo medieval.<\/p>\n<p><strong>Rese\u00f1as destacadas:<\/strong><\/p>\n<p>&#8216;Una obra maestra que completa la trilog\u00eda de Bizancio con una narrativa envolvente sobre el \u00faltimo cap\u00edtulo del imperio.&#8217;<\/p>\n<p>&#8216;El relato de Norwich nos permite comprender c\u00f3mo la ca\u00edda de Constantinopla marc\u00f3 el fin de una era.&#8217;<\/p>\n<p><\/p>\n","protected":false},"excerpt":{"rendered":"<p>NORWICH, JOHN JULIUS<\/p>\n","protected":false},"featured_media":1010497,"template":"","meta":{"_acf_changed":false,"om_disable_all_campaigns":false,"rs_blank_template":"","rs_page_bg_color":"","slide_template_v7":"","inline_featured_image":false,"_monsterinsights_skip_tracking":false,"_monsterinsights_sitenote_active":false,"_monsterinsights_sitenote_note":"","_monsterinsights_sitenote_category":0},"product_brand":[],"product_cat":[149,427],"product_tag":[],"class_list":{"0":"post-1010482","1":"product","2":"type-product","3":"status-publish","4":"has-post-thumbnail","6":"product_cat-medieval","7":"product_cat-medieval-historia-2_humanidades","9":"first","10":"instock","11":"taxable","12":"shipping-taxable","13":"purchasable","14":"product-type-simple"},"acf":{"autor":"NORWICH, JOHN JULIUS","codart":"841774364","libros-coleccion":"\u00c1tico Historia","ediciones":"1","encuadernacion":"Carton\u00e9","fecha_de_publicacion":"01\/03\/2025","novedad":"1","paginas":"670","subtitulo":"","orden":"0","portada":"1","idioma":"spa","editorial":[{"ID":6131,"post_author":"3","post_date":"2022-07-28 17:45:33","post_date_gmt":"2022-07-28 15:45:33","post_content":"","post_title":"ATICO DE LOS LIBROS","post_excerpt":"","post_status":"publish","comment_status":"closed","ping_status":"closed","post_password":"","post_name":"atico-de-los-libros","to_ping":"","pinged":"","post_modified":"2022-07-28 17:45:33","post_modified_gmt":"2022-07-28 15:45:33","post_content_filtered":"","post_parent":0,"guid":"http:\/\/dev.claret.cat\/editorial\/atico-de-los-libros\/","menu_order":0,"post_type":"editorial","post_mime_type":"","comment_count":"0","filter":"raw"}],"booktrailer":"","resenas":""},"aioseo_notices":[],"_links":{"self":[{"href":"https:\/\/www.claret.cat\/es\/wp-json\/wp\/v2\/product\/1010482","targetHints":{"allow":["GET"]}}],"collection":[{"href":"https:\/\/www.claret.cat\/es\/wp-json\/wp\/v2\/product"}],"about":[{"href":"https:\/\/www.claret.cat\/es\/wp-json\/wp\/v2\/types\/product"}],"wp:featuredmedia":[{"embeddable":true,"href":"https:\/\/www.claret.cat\/es\/wp-json\/wp\/v2\/media\/1010497"}],"wp:attachment":[{"href":"https:\/\/www.claret.cat\/es\/wp-json\/wp\/v2\/media?parent=1010482"}],"wp:term":[{"taxonomy":"product_brand","embeddable":true,"href":"https:\/\/www.claret.cat\/es\/wp-json\/wp\/v2\/product_brand?post=1010482"},{"taxonomy":"product_cat","embeddable":true,"href":"https:\/\/www.claret.cat\/es\/wp-json\/wp\/v2\/product_cat?post=1010482"},{"taxonomy":"product_tag","embeddable":true,"href":"https:\/\/www.claret.cat\/es\/wp-json\/wp\/v2\/product_tag?post=1010482"}],"curies":[{"name":"wp","href":"https:\/\/api.w.org\/{rel}","templated":true}]}}