{"id":1010590,"date":"2025-03-11T14:31:31","date_gmt":"2025-03-11T13:31:31","guid":{"rendered":"https:\/\/www.claret.cat\/llibre\/te-receto-un-gato-9788408300502\/"},"modified":"2026-04-30T10:10:48","modified_gmt":"2026-04-30T08:10:48","slug":"te-receto-un-gato-9788408300502","status":"publish","type":"product","link":"https:\/\/www.claret.cat\/es\/libro\/te-receto-un-gato-9788408300502\/","title":{"rendered":"TE RECETO UN GATO"},"content":{"rendered":"<p><strong>\u00bfQui\u00e9n imaginar\u00eda que la cura perfecta ronronea?<\/strong> En un oscuro callej\u00f3n de <strong>Kioto<\/strong>, la <strong>Cl\u00ednica Kokoro<\/strong> es un lugar envuelto en misterio, al que <strong>solo llegan quienes m\u00e1s lo necesitan<\/strong>. Su tratamiento peculiar consiste en \u201cprescribir\u201d gatos, una soluci\u00f3n que desconcierta a los pacientes, pero que tiene el poder de cambiar sus vidas.<\/p>\n<p>Bajo la direcci\u00f3n del exc\u00e9ntrico <strong>Dr. Nike<\/strong> y su malhumorada enfermera <strong>Chitose<\/strong>, los pacientes buscan respuestas. Un joven administrador trata de recuperar la alegr\u00eda tras perder su empleo, una madre agotada busca reconectar con su hija, una dise\u00f1adora busca descanso y una geisha encuentra consuelo tras una p\u00e9rdida dolorosa. En sus encuentros con los gatos, descubrir\u00e1n que, a veces, <strong>la compa\u00f1\u00eda y el amor de un felino pueden ser el primer paso hacia la sanaci\u00f3n<\/strong>.<\/p>\n","protected":false},"excerpt":{"rendered":"<p>ISHIDA, SYOU<\/p>\n","protected":false},"featured_media":1012484,"template":"","meta":{"_acf_changed":false,"om_disable_all_campaigns":false,"rs_blank_template":"","rs_page_bg_color":"","slide_template_v7":"","inline_featured_image":false,"_monsterinsights_skip_tracking":false,"_monsterinsights_sitenote_active":false,"_monsterinsights_sitenote_note":"","_monsterinsights_sitenote_category":0},"product_brand":[],"product_cat":[127,357],"product_tag":[],"class_list":{"0":"post-1010590","1":"product","2":"type-product","3":"status-publish","4":"has-post-thumbnail","6":"product_cat-novella-contemporania","7":"product_cat-novela-contemporanea","9":"first","10":"instock","11":"taxable","12":"shipping-taxable","13":"purchasable","14":"product-type-simple"},"acf":{"autor":"ISHIDA, SYOU","codart":"840830050","libros-coleccion":"Planeta Internacional","ediciones":"1","encuadernacion":"Carton\u00e9","fecha_de_publicacion":"01\/03\/2025","novedad":"1","paginas":"320","subtitulo":"EL BESTSELLER JAPON\u00c9S QUE HA ENGATUSADO A LECTORES EN TODO EL MUNDO","orden":"0","portada":"0","idioma":"spa","editorial":[{"ID":6233,"post_author":"3","post_date":"2022-07-28 17:47:48","post_date_gmt":"2022-07-28 15:47:48","post_content":"","post_title":"EDITORIAL PLANETA","post_excerpt":"","post_status":"publish","comment_status":"closed","ping_status":"closed","post_password":"","post_name":"editorial-planeta","to_ping":"","pinged":"","post_modified":"2022-07-28 17:47:48","post_modified_gmt":"2022-07-28 15:47:48","post_content_filtered":"","post_parent":0,"guid":"http:\/\/dev.claret.cat\/editorial\/editorial-planeta\/","menu_order":0,"post_type":"editorial","post_mime_type":"","comment_count":"0","filter":"raw"}],"booktrailer":"","resenas":""},"aioseo_notices":[],"_links":{"self":[{"href":"https:\/\/www.claret.cat\/es\/wp-json\/wp\/v2\/product\/1010590","targetHints":{"allow":["GET"]}}],"collection":[{"href":"https:\/\/www.claret.cat\/es\/wp-json\/wp\/v2\/product"}],"about":[{"href":"https:\/\/www.claret.cat\/es\/wp-json\/wp\/v2\/types\/product"}],"wp:featuredmedia":[{"embeddable":true,"href":"https:\/\/www.claret.cat\/es\/wp-json\/wp\/v2\/media\/1012484"}],"wp:attachment":[{"href":"https:\/\/www.claret.cat\/es\/wp-json\/wp\/v2\/media?parent=1010590"}],"wp:term":[{"taxonomy":"product_brand","embeddable":true,"href":"https:\/\/www.claret.cat\/es\/wp-json\/wp\/v2\/product_brand?post=1010590"},{"taxonomy":"product_cat","embeddable":true,"href":"https:\/\/www.claret.cat\/es\/wp-json\/wp\/v2\/product_cat?post=1010590"},{"taxonomy":"product_tag","embeddable":true,"href":"https:\/\/www.claret.cat\/es\/wp-json\/wp\/v2\/product_tag?post=1010590"}],"curies":[{"name":"wp","href":"https:\/\/api.w.org\/{rel}","templated":true}]}}