{"id":1010604,"date":"2025-03-11T14:36:05","date_gmt":"2025-03-11T13:36:05","guid":{"rendered":"https:\/\/www.claret.cat\/llibre\/islandia-la-isla-secreta-9788411003421\/"},"modified":"2025-08-28T13:21:03","modified_gmt":"2025-08-28T11:21:03","slug":"islandia-la-isla-secreta-9788411003421","status":"publish","type":"product","link":"https:\/\/www.claret.cat\/es\/libro\/islandia-la-isla-secreta-9788411003421\/","title":{"rendered":"ISLANDIA, LA ISLA SECRETA"},"content":{"rendered":"<p>Cuando Jorge Luis Borges visit\u00f3 Islandia por primera vez, supo de inmediato que aquella tierra no lo decepcionar\u00eda. Tal vez sea por sus cientos de cascadas, sus imponentes volcanes o los glaciares que la cubren. Pero m\u00e1s all\u00e1 de este inh\u00f3spito paisaje, de las espectaculares auroras boreales o del sol de medianoche, este pa\u00eds alberga una riqueza cultural por descubrir.<br \/> En este viaje al fin del mundo, Xavier Moret parte en busca de la soledad necesaria para terminar uno de sus libros. Sin embargo, la isla termina cautiv\u00e1ndolo, llev\u00e1ndolo a abandonar sus planes iniciales para aventurarse en un recorrido por sus carreteras, investigar su fascinante historia vikinga y explorar las joyas naturales menos conocidas por los visitantes.<br \/> Galardonado con el Premio Grandes Viajeros en 2002, esta obra sigue reivindic\u00e1ndose, reedici\u00f3n tras reedici\u00f3n, como la mejor aproximaci\u00f3n al enigm\u00e1tico pa\u00eds.<\/p>\n","protected":false},"excerpt":{"rendered":"<p>MORET, XAVIER<\/p>\n","protected":false},"featured_media":1020658,"template":"","meta":{"_acf_changed":false,"om_disable_all_campaigns":false,"rs_blank_template":"","rs_page_bg_color":"","slide_template_v7":"","inline_featured_image":false,"_monsterinsights_skip_tracking":false,"_monsterinsights_sitenote_active":false,"_monsterinsights_sitenote_note":"","_monsterinsights_sitenote_category":0},"product_brand":[],"product_cat":[90,562,113,540],"product_tag":[],"class_list":{"0":"post-1010604","1":"product","2":"type-product","3":"status-publish","4":"has-post-thumbnail","6":"product_cat-altres","7":"product_cat-literatura-de-viajes","8":"product_cat-literatura-de-viatges","9":"product_cat-otros","11":"first","12":"instock","13":"taxable","14":"shipping-taxable","15":"purchasable","16":"product-type-simple"},"acf":{"autor":"MORET, XAVIER","codart":"841100342","libros-coleccion":"ODISEAS","ediciones":"1","encuadernacion":"R\u00fastica","fecha_de_publicacion":"01\/03\/2025","novedad":"1","paginas":"240","subtitulo":"","orden":"0","portada":"0","idioma":"spa","editorial":[{"ID":6208,"post_author":"3","post_date":"2022-07-28 17:47:11","post_date_gmt":"2022-07-28 15:47:11","post_content":"","post_title":"Ediciones Pen\u00ednsula","post_excerpt":"","post_status":"publish","comment_status":"closed","ping_status":"closed","post_password":"","post_name":"ediciones-peninsula","to_ping":"","pinged":"","post_modified":"2022-07-28 17:47:11","post_modified_gmt":"2022-07-28 15:47:11","post_content_filtered":"","post_parent":0,"guid":"http:\/\/dev.claret.cat\/editorial\/ediciones-peninsula\/","menu_order":0,"post_type":"editorial","post_mime_type":"","comment_count":"0","filter":"raw"}],"booktrailer":"","resenas":""},"aioseo_notices":[],"_links":{"self":[{"href":"https:\/\/www.claret.cat\/es\/wp-json\/wp\/v2\/product\/1010604","targetHints":{"allow":["GET"]}}],"collection":[{"href":"https:\/\/www.claret.cat\/es\/wp-json\/wp\/v2\/product"}],"about":[{"href":"https:\/\/www.claret.cat\/es\/wp-json\/wp\/v2\/types\/product"}],"wp:featuredmedia":[{"embeddable":true,"href":"https:\/\/www.claret.cat\/es\/wp-json\/wp\/v2\/media\/1020658"}],"wp:attachment":[{"href":"https:\/\/www.claret.cat\/es\/wp-json\/wp\/v2\/media?parent=1010604"}],"wp:term":[{"taxonomy":"product_brand","embeddable":true,"href":"https:\/\/www.claret.cat\/es\/wp-json\/wp\/v2\/product_brand?post=1010604"},{"taxonomy":"product_cat","embeddable":true,"href":"https:\/\/www.claret.cat\/es\/wp-json\/wp\/v2\/product_cat?post=1010604"},{"taxonomy":"product_tag","embeddable":true,"href":"https:\/\/www.claret.cat\/es\/wp-json\/wp\/v2\/product_tag?post=1010604"}],"curies":[{"name":"wp","href":"https:\/\/api.w.org\/{rel}","templated":true}]}}