{"id":1010619,"date":"2025-03-11T15:45:02","date_gmt":"2025-03-11T14:45:02","guid":{"rendered":"https:\/\/www.claret.cat\/llibre\/los-viejos-amores-9788411075961\/"},"modified":"2025-03-13T13:35:30","modified_gmt":"2025-03-13T12:35:30","slug":"los-viejos-amores-9788411075961","status":"publish","type":"product","link":"https:\/\/www.claret.cat\/es\/libro\/los-viejos-amores-9788411075961\/","title":{"rendered":"LOS VIEJOS AMORES"},"content":{"rendered":"<p><strong>Un nuevo caso de cibercrimen<\/strong> para la familia Hern\u00e1ndez, la famosa <strong>saga de detectives<\/strong> que investiga unida en <strong>Barcelona<\/strong>. En esta nueva entrega, los <strong>Hern\u00e1ndez<\/strong> se enfrentan a un <strong>estafador del amor<\/strong> que se hace pasar por un antiguo compa\u00f1ero de colegio para enga\u00f1ar a sus v\u00edctimas. Mientras tanto, las <strong>redes sociales<\/strong> y la <strong>ciberdelincuencia<\/strong> ponen a prueba la unidad de esta singular familia de investigadores.<\/p>\n<p><strong>Lola<\/strong>, la matriarca, sigue cargando con el peso de la <strong>muerte de su hijo Marc<\/strong>, un hecho que marc\u00f3 el destino de todos sus miembros. Tras casi cinco a\u00f1os de oscuridad, la familia se ha reunido nuevamente para investigar, con el regreso del fiel colaborador <strong>Ayala<\/strong> y el peculiar <strong>Mateo<\/strong> al mando. <strong>Curiosos<\/strong> y <strong>m\u00e1s experimentados<\/strong>, los Hern\u00e1ndez deben enfrentarse a un enemigo escurridizo mientras abordan temas como la <strong>soledad de las personas mayores<\/strong>.<\/p>\n<p><strong>Cr\u00edticas destacadas:<\/strong><\/p>\n<p> <em>\u00abLas novelas de <\/em><strong><em>Rosa Ribas<\/em><\/strong><em> son un deleite para los lectores.\u00bb<\/em> \u2013 <strong>Marta Marne<\/strong>, <em>El Peri\u00f3dico<\/em><\/p>\n<p> <em>\u00abUna de las grandes de la <\/em><strong><em>novela negra espa\u00f1ola<\/em><\/strong><em>.\u00bb<\/em> \u2013 <strong>Juan Carlos Galindo<\/strong>, <em>El Pa\u00eds<\/em><\/p>\n<p>Un <strong>nuevo caso<\/strong> para los Hern\u00e1ndez, lleno de <strong>intriga<\/strong>, <strong>misterio<\/strong> y reflexiones sobre la <strong>soledad<\/strong>, las relaciones virtuales y la <strong>ciberseguridad<\/strong>. Ideal para los amantes de la <strong>novela negra<\/strong> contempor\u00e1nea.<\/p>\n","protected":false},"excerpt":{"rendered":"<p>RIBAS, ROSA<\/p>\n","protected":false},"featured_media":1011440,"template":"","meta":{"_acf_changed":false,"om_disable_all_campaigns":false,"rs_blank_template":"","rs_page_bg_color":"","slide_template_v7":"","inline_featured_image":false,"_monsterinsights_skip_tracking":false,"_monsterinsights_sitenote_active":false,"_monsterinsights_sitenote_note":"","_monsterinsights_sitenote_category":0},"product_brand":[],"product_cat":[127,357],"product_tag":[],"class_list":{"0":"post-1010619","1":"product","2":"type-product","3":"status-publish","4":"has-post-thumbnail","6":"product_cat-novella-contemporania","7":"product_cat-novela-contemporanea","9":"first","10":"instock","11":"taxable","12":"shipping-taxable","13":"purchasable","14":"product-type-simple"},"acf":{"autor":"RIBAS, ROSA","codart":"841107596","libros-coleccion":"Andanzas","ediciones":"1","encuadernacion":"R\u00fastica","fecha_de_publicacion":"01\/03\/2025","novedad":"1","paginas":"336","subtitulo":"","orden":"0","portada":"0","idioma":"spa","editorial":[{"ID":8271,"post_author":"3","post_date":"2022-09-30 09:21:39","post_date_gmt":"2022-09-30 07:21:39","post_content":"","post_title":"TUSQUETS EDITORES","post_excerpt":"","post_status":"publish","comment_status":"closed","ping_status":"closed","post_password":"","post_name":"tusquets-editores","to_ping":"","pinged":"","post_modified":"2022-09-30 09:21:39","post_modified_gmt":"2022-09-30 07:21:39","post_content_filtered":"","post_parent":0,"guid":"http:\/\/dev.claret.cat\/editorial\/tusquets-editores\/","menu_order":0,"post_type":"editorial","post_mime_type":"","comment_count":"0","filter":"raw"}]},"aioseo_notices":[],"_links":{"self":[{"href":"https:\/\/www.claret.cat\/es\/wp-json\/wp\/v2\/product\/1010619","targetHints":{"allow":["GET"]}}],"collection":[{"href":"https:\/\/www.claret.cat\/es\/wp-json\/wp\/v2\/product"}],"about":[{"href":"https:\/\/www.claret.cat\/es\/wp-json\/wp\/v2\/types\/product"}],"wp:featuredmedia":[{"embeddable":true,"href":"https:\/\/www.claret.cat\/es\/wp-json\/wp\/v2\/media\/1011440"}],"wp:attachment":[{"href":"https:\/\/www.claret.cat\/es\/wp-json\/wp\/v2\/media?parent=1010619"}],"wp:term":[{"taxonomy":"product_brand","embeddable":true,"href":"https:\/\/www.claret.cat\/es\/wp-json\/wp\/v2\/product_brand?post=1010619"},{"taxonomy":"product_cat","embeddable":true,"href":"https:\/\/www.claret.cat\/es\/wp-json\/wp\/v2\/product_cat?post=1010619"},{"taxonomy":"product_tag","embeddable":true,"href":"https:\/\/www.claret.cat\/es\/wp-json\/wp\/v2\/product_tag?post=1010619"}],"curies":[{"name":"wp","href":"https:\/\/api.w.org\/{rel}","templated":true}]}}