{"id":101068,"date":"2022-10-12T08:02:01","date_gmt":"2022-10-12T06:02:01","guid":{"rendered":"http:\/\/dev.claret.cat\/producte\/el-placer-de-cuidarnos\/"},"modified":"2024-02-10T10:50:08","modified_gmt":"2024-02-10T09:50:08","slug":"el-placer-de-cuidarnos-9788499886220","status":"publish","type":"product","link":"https:\/\/www.claret.cat\/es\/libro\/el-placer-de-cuidarnos-9788499886220\/","title":{"rendered":"EL PLACER DE CUIDARNOS"},"content":{"rendered":"<p>Cuidar es mucho m\u00e1s que atender en la enfermedad o el dolor. Cuidar es amar, aceptar, sentir, escuchar, estar presente, comprender, compartir, acompa\u00f1ar, sanar, co-crear? Cuidar es darse desde la alegr\u00eda.<br \/> Este libro plantea c\u00f3mo podemos lograr que nuestras relaciones sean un genuino fluir del yo al t\u00fa y al nosotros, despoj\u00e1ndonos de m\u00e1scaras, culpabilidades y actitudes defensivas que nos separan y nos agotan. Con su estilo conciso y ameno, Miriam Subirana hace un recorrido por la sabidur\u00eda del cuidado de s\u00ed desde los sabios de la antig\u00fcedad hasta nuestros tiempos. Salpicando el texto de ejemplos did\u00e1cticos, El placer de cuidarnos nos acompa\u00f1a en todas las variedades del cuidado: mente, cuerpo, coraz\u00f3n y esp\u00edritu; haciendo hincapi\u00e9 en la importancia de vivir la compasi\u00f3n y la actitud contemplativa, de modo que podamos gozar de todo el potencial que albergamos.<\/p>\n","protected":false},"excerpt":{"rendered":"<p>SUBIRANA VILANOVA, MIRIAM<\/p>\n","protected":false},"featured_media":101069,"template":"","meta":{"_acf_changed":false,"om_disable_all_campaigns":false,"rs_blank_template":"","rs_page_bg_color":"","slide_template_v7":"","inline_featured_image":false,"_monsterinsights_skip_tracking":false,"_monsterinsights_sitenote_active":false,"_monsterinsights_sitenote_note":"","_monsterinsights_sitenote_category":0},"product_brand":[],"product_cat":[179,377],"product_tag":[],"class_list":{"0":"post-101068","1":"product","2":"type-product","3":"status-publish","4":"has-post-thumbnail","6":"product_cat-autoajuda-i-salut-mental","7":"product_cat-autoayuda-y-salud-mental","9":"first","10":"instock","11":"taxable","12":"shipping-taxable","13":"purchasable","14":"product-type-simple"},"acf":{"editorial":[{"ID":6227,"post_author":"3","post_date":"2022-07-28 17:47:37","post_date_gmt":"2022-07-28 15:47:37","post_content":"","post_title":"Editorial Kair\u00f3s","post_excerpt":"","post_status":"publish","comment_status":"closed","ping_status":"closed","post_password":"","post_name":"editorial-kairos","to_ping":"","pinged":"","post_modified":"2022-07-28 17:47:37","post_modified_gmt":"2022-07-28 15:47:37","post_content_filtered":"","post_parent":0,"guid":"http:\/\/dev.claret.cat\/editorial\/editorial-kairos\/","menu_order":0,"post_type":"editorial","post_mime_type":"","comment_count":"0","filter":"raw"}],"autor":"SUBIRANA VILANOVA, MIRIAM","codart":"849988622","libros-coleccion":"Psicolog\u00eda","ediciones":"1","encuadernacion":"R\u00fastica","fecha_de_publicacion":"01\/01\/2018","novedad":"1","paginas":"248","subtitulo":"TRANSFORMA LAS DIFICULTADES EN POSIBILIDADES","orden":"0","portada":"0","idioma":"spa","autores-libros":[{"ID":165231,"post_author":"3","post_date":"2022-10-14 17:53:30","post_date_gmt":"2022-10-14 15:53:30","post_content":"","post_title":"MIRIAM SUBIRANA VILANOVA","post_excerpt":"","post_status":"publish","comment_status":"closed","ping_status":"closed","post_password":"","post_name":"miriam-subirana-vilanova","to_ping":"","pinged":"","post_modified":"2022-10-14 17:53:30","post_modified_gmt":"2022-10-14 15:53:30","post_content_filtered":"","post_parent":0,"guid":"http:\/\/dev.claret.cat\/autor\/miriam-subirana-vilanova\/","menu_order":0,"post_type":"autor","post_mime_type":"","comment_count":"0","filter":"raw"}]},"aioseo_notices":[],"_links":{"self":[{"href":"https:\/\/www.claret.cat\/es\/wp-json\/wp\/v2\/product\/101068","targetHints":{"allow":["GET"]}}],"collection":[{"href":"https:\/\/www.claret.cat\/es\/wp-json\/wp\/v2\/product"}],"about":[{"href":"https:\/\/www.claret.cat\/es\/wp-json\/wp\/v2\/types\/product"}],"wp:featuredmedia":[{"embeddable":true,"href":"https:\/\/www.claret.cat\/es\/wp-json\/wp\/v2\/media\/101069"}],"wp:attachment":[{"href":"https:\/\/www.claret.cat\/es\/wp-json\/wp\/v2\/media?parent=101068"}],"wp:term":[{"taxonomy":"product_brand","embeddable":true,"href":"https:\/\/www.claret.cat\/es\/wp-json\/wp\/v2\/product_brand?post=101068"},{"taxonomy":"product_cat","embeddable":true,"href":"https:\/\/www.claret.cat\/es\/wp-json\/wp\/v2\/product_cat?post=101068"},{"taxonomy":"product_tag","embeddable":true,"href":"https:\/\/www.claret.cat\/es\/wp-json\/wp\/v2\/product_tag?post=101068"}],"curies":[{"name":"wp","href":"https:\/\/api.w.org\/{rel}","templated":true}]}}