{"id":1010884,"date":"2025-03-12T12:00:36","date_gmt":"2025-03-12T11:00:36","guid":{"rendered":"https:\/\/www.claret.cat\/llibre\/la-amenaza-nuclear-9788410526884\/"},"modified":"2025-03-12T12:05:25","modified_gmt":"2025-03-12T11:05:25","slug":"la-amenaza-nuclear-9788410526884","status":"publish","type":"product","link":"https:\/\/www.claret.cat\/es\/libro\/la-amenaza-nuclear-9788410526884\/","title":{"rendered":"LA AMENAZA NUCLEAR"},"content":{"rendered":"<p>\u00bfQu\u00e9 pasar\u00eda si se rompiera el equilibrio nuclear? \u00bfHasta qu\u00e9 punto vivimos bajo la amenaza de una cat\u00e1strofe at\u00f3mica? \u00bfPodr\u00eda Europa convertirse en el epicentro de una nueva crisis global?<br \/> Las armas nucleares han moldeado la historia de las relaciones internacionales desde su aparici\u00f3n. Han sido la mayor garant\u00eda de disuasi\u00f3n, pero tambi\u00e9n la sombra que amenaza la paz mundial. Hoy, en un contexto de tensiones geopol\u00edticas crecientes, la seguridad de Europa vuelve a estar en entredicho.<br \/> El teniente general (R) Eduardo Zamarripa nos ofrece en este libro un recorrido esclarecedor por la evoluci\u00f3n del armamento nuclear, desde su desarrollo en la Segunda Guerra Mundial hasta su papel en la Guerra Fr\u00eda y los tratados de desarme. Con un enfoque riguroso pero accesible, analiza el papel de las potencias nucleares europeas como Francia y el Reino Unido, desvela los momentos en los que Espa\u00f1a estuvo m\u00e1s cerca de poseer su propia bomba at\u00f3mica y examina el peligroso resurgimiento de la amenaza nuclear en conflictos actuales como el de Ucrania.<br \/> M\u00e1s que un an\u00e1lisis hist\u00f3rico, este libro es una llamada a la reflexi\u00f3n: \u00bfEstamos preparados para una nueva crisis nuclear? \u00bfPueden los acuerdos internacionales frenar una escalada armament\u00edstica? \u00bfEs posible un futuro sin la sombra de la destrucci\u00f3n at\u00f3mica?<br \/> Un ensayo imprescindible para entender los retos de seguridad que marcar\u00e1n el destino de Europa en el siglo XXI.<\/p>\n","protected":false},"excerpt":{"rendered":"<p>EDUARDO ZAMARRIPA<\/p>\n","protected":false},"featured_media":1010899,"template":"","meta":{"_acf_changed":false,"om_disable_all_campaigns":false,"rs_blank_template":"","rs_page_bg_color":"","slide_template_v7":"","inline_featured_image":false,"_monsterinsights_skip_tracking":false,"_monsterinsights_sitenote_active":false,"_monsterinsights_sitenote_note":"","_monsterinsights_sitenote_category":0},"product_brand":[],"product_cat":[152,429],"product_tag":[],"class_list":{"0":"post-1010884","1":"product","2":"type-product","3":"status-publish","4":"has-post-thumbnail","6":"product_cat-el-mon-actual","7":"product_cat-el-mundo-actual","9":"first","10":"instock","11":"taxable","12":"shipping-taxable","13":"purchasable","14":"product-type-simple"},"acf":{"autor":"EDUARDO ZAMARRIPA","codart":"841052688","libros-coleccion":"SOCIEDAD ACTUAL","ediciones":"1","encuadernacion":"R\u00fastica","fecha_de_publicacion":"01\/03\/2025","novedad":"1","paginas":"270","subtitulo":"SU INCIDENCIA EN LA SEGURIDAD Y EN EL FUTURO DE EUROPA","orden":"0","portada":"0","idioma":"spa","editorial":[{"ID":6120,"post_author":"3","post_date":"2022-07-28 17:45:19","post_date_gmt":"2022-07-28 15:45:19","post_content":"","post_title":"ALMUZARA","post_excerpt":"","post_status":"publish","comment_status":"closed","ping_status":"closed","post_password":"","post_name":"almuzara","to_ping":"","pinged":"","post_modified":"2022-07-28 17:45:19","post_modified_gmt":"2022-07-28 15:45:19","post_content_filtered":"","post_parent":0,"guid":"http:\/\/dev.claret.cat\/editorial\/almuzara\/","menu_order":0,"post_type":"editorial","post_mime_type":"","comment_count":"0","filter":"raw"}]},"aioseo_notices":[],"_links":{"self":[{"href":"https:\/\/www.claret.cat\/es\/wp-json\/wp\/v2\/product\/1010884","targetHints":{"allow":["GET"]}}],"collection":[{"href":"https:\/\/www.claret.cat\/es\/wp-json\/wp\/v2\/product"}],"about":[{"href":"https:\/\/www.claret.cat\/es\/wp-json\/wp\/v2\/types\/product"}],"wp:featuredmedia":[{"embeddable":true,"href":"https:\/\/www.claret.cat\/es\/wp-json\/wp\/v2\/media\/1010899"}],"wp:attachment":[{"href":"https:\/\/www.claret.cat\/es\/wp-json\/wp\/v2\/media?parent=1010884"}],"wp:term":[{"taxonomy":"product_brand","embeddable":true,"href":"https:\/\/www.claret.cat\/es\/wp-json\/wp\/v2\/product_brand?post=1010884"},{"taxonomy":"product_cat","embeddable":true,"href":"https:\/\/www.claret.cat\/es\/wp-json\/wp\/v2\/product_cat?post=1010884"},{"taxonomy":"product_tag","embeddable":true,"href":"https:\/\/www.claret.cat\/es\/wp-json\/wp\/v2\/product_tag?post=1010884"}],"curies":[{"name":"wp","href":"https:\/\/api.w.org\/{rel}","templated":true}]}}