{"id":1010972,"date":"2025-03-12T12:52:02","date_gmt":"2025-03-12T11:52:02","guid":{"rendered":"https:\/\/www.claret.cat\/llibre\/tota-la-veritat-sobre-la-llegenda-de-sant-jordi-9791387594015\/"},"modified":"2026-03-24T17:06:43","modified_gmt":"2026-03-24T16:06:43","slug":"tota-la-veritat-sobre-la-llegenda-de-sant-jordi-9791387594015","status":"publish","type":"product","link":"https:\/\/www.claret.cat\/es\/libro\/tota-la-veritat-sobre-la-llegenda-de-sant-jordi-9791387594015\/","title":{"rendered":"TOTA LA VERITAT SOBRE&#8230; LA LLEGENDA DE SANT JORDI"},"content":{"rendered":"<p>IL\u00b7LUSTRACIONS DE ROBERT GARCIA VOLS SABER TOTA LA VERITAT SOBRE LA LLEGENDA DE SANT JORDI?  Qu\u00e8 va passar, dins i fora les muralles de Montblanc? Com va anar, la lluita entre el cavaller i el drac? I quin paper va tenir, la princesa, en tot plegat? Per fi, els protagonistes de la llegenda expliquen la seva versi\u00f3 dels fets! Un DRAC afamat, una PRINCESA amb ganes de veure m\u00f3n i un CAVALLER despistat relaten de viva veu qu\u00e8 va passar realment. N\u00faria Figueras i Robert Garcia despleguen el seu enginy i humor per crear aquesta versi\u00f3 de la llegenda de Sant Jordi que, de ben segur, ser\u00e0 una de les m\u00e9s divertides que hagis llegit mai! * Amb un text molt divertit i alhora de molt bona qualitat pensat per fer llegida compartida o perqu\u00e8 els primers lectors el puguin llegir sols.<\/p>\n","protected":false},"excerpt":{"rendered":"<p>FIGUERAS, N\u00daRIA<\/p>\n","protected":false},"featured_media":1010973,"template":"","meta":{"_acf_changed":false,"om_disable_all_campaigns":false,"rs_blank_template":"","rs_page_bg_color":"","slide_template_v7":"","inline_featured_image":false,"_monsterinsights_skip_tracking":false,"_monsterinsights_sitenote_active":false,"_monsterinsights_sitenote_note":"","_monsterinsights_sitenote_category":0},"product_brand":[],"product_cat":[131,361],"product_tag":[],"class_list":{"0":"post-1010972","1":"product","2":"type-product","3":"status-publish","4":"has-post-thumbnail","6":"product_cat-contes-per-infants-0-6-anys","7":"product_cat-cuentos-para-ninos-0-6-anos","9":"first","10":"instock","11":"taxable","12":"shipping-taxable","13":"purchasable","14":"product-type-simple"},"acf":{"autor":"FIGUERAS, N\u00daRIA","codart":"138759401","libros-coleccion":"FORA DE COL.LECCI\u00d3","ediciones":"1","encuadernacion":"Carton\u00e9","fecha_de_publicacion":"01\/03\/2025","novedad":"1","paginas":"44","subtitulo":"TRES PERSONATGES, TRES CONTES I UNA SOLA HIST\u00d2RIA!","orden":"0","portada":"0","idioma":"cat","editorial":[{"ID":6145,"post_author":"3","post_date":"2022-07-28 17:45:51","post_date_gmt":"2022-07-28 15:45:51","post_content":"","post_title":"BINDI BOOKS","post_excerpt":"","post_status":"publish","comment_status":"closed","ping_status":"closed","post_password":"","post_name":"bindi-books","to_ping":"","pinged":"","post_modified":"2022-07-28 17:45:51","post_modified_gmt":"2022-07-28 15:45:51","post_content_filtered":"","post_parent":0,"guid":"http:\/\/dev.claret.cat\/editorial\/bindi-books\/","menu_order":0,"post_type":"editorial","post_mime_type":"","comment_count":"0","filter":"raw"}],"booktrailer":"","resenas":""},"aioseo_notices":[],"_links":{"self":[{"href":"https:\/\/www.claret.cat\/es\/wp-json\/wp\/v2\/product\/1010972","targetHints":{"allow":["GET"]}}],"collection":[{"href":"https:\/\/www.claret.cat\/es\/wp-json\/wp\/v2\/product"}],"about":[{"href":"https:\/\/www.claret.cat\/es\/wp-json\/wp\/v2\/types\/product"}],"wp:featuredmedia":[{"embeddable":true,"href":"https:\/\/www.claret.cat\/es\/wp-json\/wp\/v2\/media\/1010973"}],"wp:attachment":[{"href":"https:\/\/www.claret.cat\/es\/wp-json\/wp\/v2\/media?parent=1010972"}],"wp:term":[{"taxonomy":"product_brand","embeddable":true,"href":"https:\/\/www.claret.cat\/es\/wp-json\/wp\/v2\/product_brand?post=1010972"},{"taxonomy":"product_cat","embeddable":true,"href":"https:\/\/www.claret.cat\/es\/wp-json\/wp\/v2\/product_cat?post=1010972"},{"taxonomy":"product_tag","embeddable":true,"href":"https:\/\/www.claret.cat\/es\/wp-json\/wp\/v2\/product_tag?post=1010972"}],"curies":[{"name":"wp","href":"https:\/\/api.w.org\/{rel}","templated":true}]}}