{"id":1011025,"date":"2025-03-12T13:05:30","date_gmt":"2025-03-12T12:05:30","guid":{"rendered":"https:\/\/www.claret.cat\/llibre\/cop-magistral-9788410112810\/"},"modified":"2025-03-13T12:45:31","modified_gmt":"2025-03-13T11:45:31","slug":"cop-magistral-9788410112810","status":"publish","type":"product","link":"https:\/\/www.claret.cat\/es\/libro\/cop-magistral-9788410112810\/","title":{"rendered":"COP MAGISTRAL"},"content":{"rendered":"<p>\u00c9s <strong>diumenge de novembre de 1957<\/strong>. Mentre l\u2019<strong>Sputnik 2<\/strong> orbita la Terra, una fam\u00edlia americana comen\u00e7a el seu dia. <strong>Virgil Beckett<\/strong>, venedor d\u2019assegurances, fa el que s\u2019espera d\u2019un home: jugar a <strong>golf amb els socis<\/strong> i mantenir la fam\u00edlia. La seva dona, <strong>Kathleen<\/strong>, antiga promesa del <strong>tenis<\/strong> gr\u00e0cies a un cop magistral secret, ha renunciat a la seva carrera per dedicar-se a la casa i als fills.<\/p>\n<p>Sembla que estan a punt d\u2019assolir el <strong>somni americ\u00e0<\/strong>: una vida <strong>suburbana perfecta<\/strong>, amb seguretat, estabilitat i una fam\u00edlia ideal. Per\u00f2 aquell <strong>diumenge inusualment c\u00e0lid<\/strong>, Kathleen decideix no acompanyar el seu marit i els fills a l\u2019esgl\u00e9sia. En canvi, desenterra el seu <strong>banyador vermell<\/strong>, baixa a la <strong>piscina comunit\u00e0ria<\/strong>\u2026 i ja no voldr\u00e0 sortir-ne.<\/p>\n<p>Una <strong>faula sorprenent sobre els desitjos no satisfets<\/strong>, una hist\u00f2ria que captura un <strong>malestar inquietant<\/strong> al cor de la societat nord-americana.<\/p>\n<p><strong>Traducci\u00f3 d&#8217;Alba Dedeu<\/strong><\/p>\n<p> <strong>Finalista del National Book Award (EUA)<\/strong><\/p>\n<p> <em>\u00abUna novel\u00b7la captivadora sobre el pes de les expectatives i la llibertat.\u00bb<\/em> \u2013 Isle McElroy<\/p>\n","protected":false},"excerpt":{"rendered":"<p>ANTHONY, JESSICA<\/p>\n","protected":false},"featured_media":1011367,"template":"","meta":{"_acf_changed":false,"om_disable_all_campaigns":false,"rs_blank_template":"","rs_page_bg_color":"","slide_template_v7":"","inline_featured_image":false,"_monsterinsights_skip_tracking":false,"_monsterinsights_sitenote_active":false,"_monsterinsights_sitenote_note":"","_monsterinsights_sitenote_category":0},"product_brand":[],"product_cat":[90,540],"product_tag":[],"class_list":{"0":"post-1011025","1":"product","2":"type-product","3":"status-publish","4":"has-post-thumbnail","6":"product_cat-altres","7":"product_cat-otros","9":"first","10":"instock","11":"taxable","12":"shipping-taxable","13":"purchasable","14":"product-type-simple"},"acf":{"autor":"ANTHONY, JESSICA","codart":"841011281","libros-coleccion":"Narratives","ediciones":"1","encuadernacion":"R\u00fastica","fecha_de_publicacion":"01\/03\/2025","novedad":"1","paginas":"155","subtitulo":"","orden":"0","portada":"0","idioma":"cat","editorial":[{"ID":6122,"post_author":"3","post_date":"2022-07-28 17:45:22","post_date_gmt":"2022-07-28 15:45:22","post_content":"","post_title":"ANGLE EDITORIAL","post_excerpt":"","post_status":"publish","comment_status":"closed","ping_status":"closed","post_password":"","post_name":"angle-editorial","to_ping":"","pinged":"","post_modified":"2022-07-28 17:45:22","post_modified_gmt":"2022-07-28 15:45:22","post_content_filtered":"","post_parent":0,"guid":"http:\/\/dev.claret.cat\/editorial\/angle-editorial\/","menu_order":0,"post_type":"editorial","post_mime_type":"","comment_count":"0","filter":"raw"}]},"aioseo_notices":[],"_links":{"self":[{"href":"https:\/\/www.claret.cat\/es\/wp-json\/wp\/v2\/product\/1011025","targetHints":{"allow":["GET"]}}],"collection":[{"href":"https:\/\/www.claret.cat\/es\/wp-json\/wp\/v2\/product"}],"about":[{"href":"https:\/\/www.claret.cat\/es\/wp-json\/wp\/v2\/types\/product"}],"wp:featuredmedia":[{"embeddable":true,"href":"https:\/\/www.claret.cat\/es\/wp-json\/wp\/v2\/media\/1011367"}],"wp:attachment":[{"href":"https:\/\/www.claret.cat\/es\/wp-json\/wp\/v2\/media?parent=1011025"}],"wp:term":[{"taxonomy":"product_brand","embeddable":true,"href":"https:\/\/www.claret.cat\/es\/wp-json\/wp\/v2\/product_brand?post=1011025"},{"taxonomy":"product_cat","embeddable":true,"href":"https:\/\/www.claret.cat\/es\/wp-json\/wp\/v2\/product_cat?post=1011025"},{"taxonomy":"product_tag","embeddable":true,"href":"https:\/\/www.claret.cat\/es\/wp-json\/wp\/v2\/product_tag?post=1011025"}],"curies":[{"name":"wp","href":"https:\/\/api.w.org\/{rel}","templated":true}]}}