{"id":1011107,"date":"2025-03-12T13:25:02","date_gmt":"2025-03-12T12:25:02","guid":{"rendered":"https:\/\/www.claret.cat\/llibre\/no-hi-ha-dret-9788416427772\/"},"modified":"2025-06-30T20:00:10","modified_gmt":"2025-06-30T18:00:10","slug":"no-hi-ha-dret-9788416427772","status":"publish","type":"product","link":"https:\/\/www.claret.cat\/es\/libro\/no-hi-ha-dret-9788416427772\/","title":{"rendered":"NO HI HA DRET!"},"content":{"rendered":"<p>Un llibre enginy\u00f3s i ple d&#8221;humor. Una nena s&#8221;enfronta a les petites (per\u00f2 enormes) injust\u00edcies de la infantesa amb preguntes enginyoses i molt de car\u00e0cter. El seu pare, amb excuses esbojarrades i surrealistes, intenta donar-li respostes? aconseguir\u00e0 conv\u00e8ncer-la? Yoshitake ens submergeix en la mirada infantil, on les normes dels adults sempre semblen arbitr\u00e0ries i incomprensibles.<\/p>\n","protected":false},"excerpt":{"rendered":"<p>YOSHITAKE, SHINSUKE<\/p>\n","protected":false},"featured_media":1011218,"template":"","meta":{"_acf_changed":false,"om_disable_all_campaigns":false,"rs_blank_template":"","rs_page_bg_color":"","slide_template_v7":"","inline_featured_image":false,"_monsterinsights_skip_tracking":false,"_monsterinsights_sitenote_active":false,"_monsterinsights_sitenote_note":"","_monsterinsights_sitenote_category":0},"product_brand":[],"product_cat":[131,361],"product_tag":[],"class_list":{"0":"post-1011107","1":"product","2":"type-product","3":"status-publish","4":"has-post-thumbnail","6":"product_cat-contes-per-infants-0-6-anys","7":"product_cat-cuentos-para-ninos-0-6-anos","9":"first","10":"instock","11":"taxable","12":"shipping-taxable","13":"purchasable","14":"product-type-simple"},"acf":{"autor":"YOSHITAKE, SHINSUKE","codart":"841642777","libros-coleccion":"FORA DE COL.LECCI\u00d3","ediciones":"1","encuadernacion":"Carpeta","fecha_de_publicacion":"01\/02\/2025","novedad":"1","paginas":"36","subtitulo":"","orden":"0","portada":"0","idioma":"cat","editorial":[{"ID":148647,"post_author":"3","post_date":"2022-10-14 11:59:53","post_date_gmt":"2022-10-14 09:59:53","post_content":"","post_title":"PASTEL DE LUNA","post_excerpt":"","post_status":"publish","comment_status":"closed","ping_status":"closed","post_password":"","post_name":"pastel-de-luna","to_ping":"","pinged":"","post_modified":"2022-10-14 11:59:53","post_modified_gmt":"2022-10-14 09:59:53","post_content_filtered":"","post_parent":0,"guid":"http:\/\/dev.claret.cat\/editorial\/pastel-de-luna\/","menu_order":0,"post_type":"editorial","post_mime_type":"","comment_count":"0","filter":"raw"}],"booktrailer":"","resenas":""},"aioseo_notices":[],"_links":{"self":[{"href":"https:\/\/www.claret.cat\/es\/wp-json\/wp\/v2\/product\/1011107","targetHints":{"allow":["GET"]}}],"collection":[{"href":"https:\/\/www.claret.cat\/es\/wp-json\/wp\/v2\/product"}],"about":[{"href":"https:\/\/www.claret.cat\/es\/wp-json\/wp\/v2\/types\/product"}],"wp:featuredmedia":[{"embeddable":true,"href":"https:\/\/www.claret.cat\/es\/wp-json\/wp\/v2\/media\/1011218"}],"wp:attachment":[{"href":"https:\/\/www.claret.cat\/es\/wp-json\/wp\/v2\/media?parent=1011107"}],"wp:term":[{"taxonomy":"product_brand","embeddable":true,"href":"https:\/\/www.claret.cat\/es\/wp-json\/wp\/v2\/product_brand?post=1011107"},{"taxonomy":"product_cat","embeddable":true,"href":"https:\/\/www.claret.cat\/es\/wp-json\/wp\/v2\/product_cat?post=1011107"},{"taxonomy":"product_tag","embeddable":true,"href":"https:\/\/www.claret.cat\/es\/wp-json\/wp\/v2\/product_tag?post=1011107"}],"curies":[{"name":"wp","href":"https:\/\/api.w.org\/{rel}","templated":true}]}}