{"id":1011148,"date":"2025-03-12T13:37:00","date_gmt":"2025-03-12T12:37:00","guid":{"rendered":"https:\/\/www.claret.cat\/llibre\/pintxos-y-tapas-9788441551329\/"},"modified":"2026-03-12T17:30:06","modified_gmt":"2026-03-12T16:30:06","slug":"pintxos-y-tapas-9788441551329","status":"publish","type":"product","link":"https:\/\/www.claret.cat\/es\/libro\/pintxos-y-tapas-9788441551329\/","title":{"rendered":"PINTXOS Y TAPAS"},"content":{"rendered":"<p>En este libro, Koldo Royo te ense\u00f1ar\u00e1 que las peque\u00f1as joyas gastron\u00f3micas pueden ser exquisitas y sencillas de hacer. Escogiendo los ingredientes b\u00e1sicos y teniendo un poco de imaginaci\u00f3n, lograr\u00e1s resultados espectaculares. Pintxos, montaditos, cucharitas, minis, vasitos y todas las tapas que necesitas conocer para ser el perfecto anfitri\u00f3n en las ocasiones especiales. Siguiendo los consejos de Koldo, lograr\u00e1s ser un experto en preparar pintxos y tapas, sobre todo si cocinas con buen humor, se reflejar\u00e1 en tus platos.<\/p>\n","protected":false},"excerpt":{"rendered":"<p>ROYO, KOLDO<\/p>\n","protected":false},"featured_media":1011149,"template":"","meta":{"_acf_changed":false,"om_disable_all_campaigns":false,"rs_blank_template":"","rs_page_bg_color":"","slide_template_v7":"","inline_featured_image":false,"_monsterinsights_skip_tracking":false,"_monsterinsights_sitenote_active":false,"_monsterinsights_sitenote_note":"","_monsterinsights_sitenote_category":0},"product_brand":[],"product_cat":[553,103],"product_tag":[],"class_list":{"0":"post-1011148","1":"product","2":"type-product","3":"status-publish","4":"has-post-thumbnail","6":"product_cat-cocina","7":"product_cat-cuina","9":"first","10":"instock","11":"taxable","12":"shipping-taxable","13":"purchasable","14":"product-type-simple"},"acf":{"autor":"ROYO, KOLDO","codart":"844155132","libros-coleccion":"Libros Singulares","ediciones":"1","encuadernacion":"R\u00fastica","fecha_de_publicacion":"01\/03\/2025","novedad":"1","paginas":"229","subtitulo":"NUEVA EDICI\u00d3N","orden":"0","portada":"0","idioma":"spa","editorial":[{"ID":147434,"post_author":"3","post_date":"2022-10-14 11:50:33","post_date_gmt":"2022-10-14 09:50:33","post_content":"","post_title":"ANAYA MULTIMEDIA","post_excerpt":"","post_status":"publish","comment_status":"closed","ping_status":"closed","post_password":"","post_name":"anaya-multimedia","to_ping":"","pinged":"","post_modified":"2022-10-14 11:50:33","post_modified_gmt":"2022-10-14 09:50:33","post_content_filtered":"","post_parent":0,"guid":"http:\/\/dev.claret.cat\/editorial\/anaya-multimedia\/","menu_order":0,"post_type":"editorial","post_mime_type":"","comment_count":"0","filter":"raw"}],"booktrailer":"","resenas":""},"aioseo_notices":[],"_links":{"self":[{"href":"https:\/\/www.claret.cat\/es\/wp-json\/wp\/v2\/product\/1011148","targetHints":{"allow":["GET"]}}],"collection":[{"href":"https:\/\/www.claret.cat\/es\/wp-json\/wp\/v2\/product"}],"about":[{"href":"https:\/\/www.claret.cat\/es\/wp-json\/wp\/v2\/types\/product"}],"wp:featuredmedia":[{"embeddable":true,"href":"https:\/\/www.claret.cat\/es\/wp-json\/wp\/v2\/media\/1011149"}],"wp:attachment":[{"href":"https:\/\/www.claret.cat\/es\/wp-json\/wp\/v2\/media?parent=1011148"}],"wp:term":[{"taxonomy":"product_brand","embeddable":true,"href":"https:\/\/www.claret.cat\/es\/wp-json\/wp\/v2\/product_brand?post=1011148"},{"taxonomy":"product_cat","embeddable":true,"href":"https:\/\/www.claret.cat\/es\/wp-json\/wp\/v2\/product_cat?post=1011148"},{"taxonomy":"product_tag","embeddable":true,"href":"https:\/\/www.claret.cat\/es\/wp-json\/wp\/v2\/product_tag?post=1011148"}],"curies":[{"name":"wp","href":"https:\/\/api.w.org\/{rel}","templated":true}]}}