{"id":101144,"date":"2022-10-12T08:03:06","date_gmt":"2022-10-12T06:03:06","guid":{"rendered":"http:\/\/dev.claret.cat\/producte\/el-hecho-teologico-y-pastoral-del-opus-dei\/"},"modified":"2026-01-19T12:03:00","modified_gmt":"2026-01-19T11:03:00","slug":"el-hecho-teologico-y-pastoral-del-opus-dei-9788431334925","status":"publish","type":"product","link":"https:\/\/www.claret.cat\/es\/libro\/el-hecho-teologico-y-pastoral-del-opus-dei-9788431334925\/","title":{"rendered":"EL HECHO TEOL\u00d3GICO Y PASTORAL DEL OPUS DEI"},"content":{"rendered":"<p>El Opus Dei, como realidad eclesial y social dotada de un importante contenido teol\u00f3gico y pastoral, puede ser estudiado desde distintos puntos de mira. El presente trabajo se limita a considerar de cerca uno de ellos, que es tambi\u00e9n el m\u00e1s b\u00e1sico. Se analiza aqu\u00ed, en efecto, la entera realidad \u2013Opus Dei\u2013 poniendo la atenci\u00f3n de modo particular en el carisma fundacional, observado a trav\u00e9s de sus contenidos esenciales tal como son expuestos por el fundador. Tales contenidos son la finalidad de la fundaci\u00f3n, el fen\u00f3meno vocacional suscitado, el esp\u00edritu de santificaci\u00f3n en que se sostiene y la praxis espiritual y apost\u00f3lica que promueve.<br \/> Esta obra ha sido concebida primariamente con el objetivo de aportar a todos los interesados en la Iglesia y la sociedad, pero en especial a los sectores teol\u00f3gica y pastoralmente m\u00e1s comprometidos (miembros del clero, de la vida consagrada, de los movimientos apost\u00f3licos, personas del mundo acad\u00e9mico y, en general, todo intelectual cat\u00f3lico), una informaci\u00f3n adecuada sobre las claves del carisma, esp\u00edritu y espiritualidad fundacionales del Opus Dei, as\u00ed como de la misi\u00f3n evangelizadora que desarrolla desde hace casi un siglo. <br \/> La \u00fanica fuente utilizada en la elaboraci\u00f3n del libro son los escritos de san Josemar\u00eda Escriv\u00e1, fundador del Opus Dei. Con la intenci\u00f3n de exponer con nitidez la ense\u00f1anza que transmite se deja sencillamente que sus textos hablen por s\u00ed mismos, atestiguando la singularidad y consistencia de la propuesta espiritual y apost\u00f3lica que contienen. Se destaca tambi\u00e9n oportunamente en el libro el dinamismo teol\u00f3gico que esos escritos encierran.<\/p>\n","protected":false},"excerpt":{"rendered":"<p>ARANDA LOME\u00d1A, ANTONIO<\/p>\n","protected":false},"featured_media":101145,"template":"","meta":{"_acf_changed":false,"om_disable_all_campaigns":false,"rs_blank_template":"","rs_page_bg_color":"","slide_template_v7":"","inline_featured_image":false,"_monsterinsights_skip_tracking":false,"_monsterinsights_sitenote_active":false,"_monsterinsights_sitenote_note":"","_monsterinsights_sitenote_category":0},"product_brand":[],"product_cat":[90,540],"product_tag":[],"class_list":{"0":"post-101144","1":"product","2":"type-product","3":"status-publish","4":"has-post-thumbnail","6":"product_cat-altres","7":"product_cat-otros","9":"first","10":"instock","11":"taxable","12":"shipping-taxable","13":"purchasable","14":"product-type-simple"},"acf":{"editorial":[{"ID":6251,"post_author":"3","post_date":"2022-07-28 17:48:11","post_date_gmt":"2022-07-28 15:48:11","post_content":"","post_title":"EUNSA. EDICIONES UNIVERSIDAD DE NAVARRA","post_excerpt":"","post_status":"publish","comment_status":"closed","ping_status":"closed","post_password":"","post_name":"eunsa-ediciones-universidad-de-navarra","to_ping":"","pinged":"","post_modified":"2022-07-28 17:48:11","post_modified_gmt":"2022-07-28 15:48:11","post_content_filtered":"","post_parent":0,"guid":"http:\/\/dev.claret.cat\/editorial\/eunsa-ediciones-universidad-de-navarra\/","menu_order":0,"post_type":"editorial","post_mime_type":"","comment_count":"0","filter":"raw"}],"autor":"ARANDA LOME\u00d1A, ANTONIO","codart":"843133492","libros-coleccion":"Biblioteca de Teolog\u00eda","ediciones":"1","encuadernacion":"R\u00fastica","fecha_de_publicacion":"01\/11\/2020","novedad":"1","paginas":"0","subtitulo":"UNA INDAGACI\u00d3N EN LAS FUENTES FUNDACIONEALES","orden":"0","portada":"0","idioma":"spa","autores-libros":[{"ID":150879,"post_author":"3","post_date":"2022-10-14 14:36:27","post_date_gmt":"2022-10-14 12:36:27","post_content":"","post_title":"ANTONIO ARANDA LOME\u00d1A","post_excerpt":"","post_status":"publish","comment_status":"closed","ping_status":"closed","post_password":"","post_name":"antonio-aranda-lomena","to_ping":"","pinged":"","post_modified":"2022-10-14 14:36:27","post_modified_gmt":"2022-10-14 12:36:27","post_content_filtered":"","post_parent":0,"guid":"http:\/\/dev.claret.cat\/autor\/antonio-aranda-lomena\/","menu_order":0,"post_type":"autor","post_mime_type":"","comment_count":"0","filter":"raw"}],"booktrailer":"","resenas":""},"aioseo_notices":[],"_links":{"self":[{"href":"https:\/\/www.claret.cat\/es\/wp-json\/wp\/v2\/product\/101144","targetHints":{"allow":["GET"]}}],"collection":[{"href":"https:\/\/www.claret.cat\/es\/wp-json\/wp\/v2\/product"}],"about":[{"href":"https:\/\/www.claret.cat\/es\/wp-json\/wp\/v2\/types\/product"}],"wp:featuredmedia":[{"embeddable":true,"href":"https:\/\/www.claret.cat\/es\/wp-json\/wp\/v2\/media\/101145"}],"wp:attachment":[{"href":"https:\/\/www.claret.cat\/es\/wp-json\/wp\/v2\/media?parent=101144"}],"wp:term":[{"taxonomy":"product_brand","embeddable":true,"href":"https:\/\/www.claret.cat\/es\/wp-json\/wp\/v2\/product_brand?post=101144"},{"taxonomy":"product_cat","embeddable":true,"href":"https:\/\/www.claret.cat\/es\/wp-json\/wp\/v2\/product_cat?post=101144"},{"taxonomy":"product_tag","embeddable":true,"href":"https:\/\/www.claret.cat\/es\/wp-json\/wp\/v2\/product_tag?post=101144"}],"curies":[{"name":"wp","href":"https:\/\/api.w.org\/{rel}","templated":true}]}}