{"id":101147,"date":"2022-10-12T08:03:08","date_gmt":"2022-10-12T06:03:08","guid":{"rendered":"http:\/\/dev.claret.cat\/producte\/la-escritura-expresiva-en-la-orientacion\/"},"modified":"2026-01-19T12:02:24","modified_gmt":"2026-01-19T11:02:24","slug":"la-escritura-expresiva-en-la-orientacion-9788431335328","status":"publish","type":"product","link":"https:\/\/www.claret.cat\/es\/libro\/la-escritura-expresiva-en-la-orientacion-9788431335328\/","title":{"rendered":"LA ESCRITURA EXPRESIVA EN LA ORIENTACI\u00d3N"},"content":{"rendered":"<p>La escritura expresiva utilizada en la escuela como instrumento de auto-orientaci\u00f3n del adolescente de 17-18 a\u00f1os no sustituye la intervenci\u00f3n educativa del docente. Este tipo de escritura es m\u00e1s bien una t\u00e9cnica eficaz para recoger todos los datos necesarias con los que, contando con el consentimiento del alumno y junto a \u00e9l, elaborar un cuadro exhaustivo en el que situar el estado actual de sus competencias, los objetivos que aqu\u00e9l se plantea y los medios concretos con los que piensa alcanzarlos. La escritura expresiva es, no obstante, en primer lugar, una actividad con la que los adolescentes pueden orientarse a s\u00ed mismos haci\u00e9ndose sobre todo m\u00e1s conscientes de sus miedos y de sus esperanzas, que condicionan emotivamente, en sentido negativo o positivo, su proceso de aprendizaje y su capacidad de tomar decisiones. En segundo lugar, los ayuda en la formulaci\u00f3n de su proyecto personal de vida, incluida la dimensi\u00f3n profesional, porque los pone en situaci\u00f3n de reflexionar mejor sobre los diversos estudios universitarios, sobre el trabajo al que pretenden dedicarse y sobre el modo de prepararse para \u00e9l.<\/p>\n","protected":false},"excerpt":{"rendered":"<p>DI VITA, ALESSANDRO<\/p>\n","protected":false},"featured_media":101148,"template":"","meta":{"_acf_changed":false,"om_disable_all_campaigns":false,"rs_blank_template":"","rs_page_bg_color":"","slide_template_v7":"","inline_featured_image":false,"_monsterinsights_skip_tracking":false,"_monsterinsights_sitenote_active":false,"_monsterinsights_sitenote_note":"","_monsterinsights_sitenote_category":0},"product_brand":[],"product_cat":[194,457],"product_tag":[],"class_list":{"0":"post-101147","1":"product","2":"type-product","3":"status-publish","4":"has-post-thumbnail","6":"product_cat-comunicacio-i-noves-teconologies","7":"product_cat-comunicacion-y-nuevas-teconologias","9":"first","10":"instock","11":"taxable","12":"shipping-taxable","13":"purchasable","14":"product-type-simple"},"acf":{"editorial":[{"ID":6251,"post_author":"3","post_date":"2022-07-28 17:48:11","post_date_gmt":"2022-07-28 15:48:11","post_content":"","post_title":"EUNSA. EDICIONES UNIVERSIDAD DE NAVARRA","post_excerpt":"","post_status":"publish","comment_status":"closed","ping_status":"closed","post_password":"","post_name":"eunsa-ediciones-universidad-de-navarra","to_ping":"","pinged":"","post_modified":"2022-07-28 17:48:11","post_modified_gmt":"2022-07-28 15:48:11","post_content_filtered":"","post_parent":0,"guid":"http:\/\/dev.claret.cat\/editorial\/eunsa-ediciones-universidad-de-navarra\/","menu_order":0,"post_type":"editorial","post_mime_type":"","comment_count":"0","filter":"raw"}],"autor":"DI VITA, ALESSANDRO","codart":"843133532","libros-coleccion":"Ciencias de la Educaci\u00f3n","ediciones":"1","encuadernacion":"R\u00fastica","fecha_de_publicacion":"01\/11\/2020","novedad":"1","paginas":"0","subtitulo":"UNA METODOLOG\u00cdA EDUCATIVA PARA CONSTRUIR EL PROYECTO DE VIDA PERSONAL Y PROFESIO","orden":"0","portada":"0","idioma":"spa","autores-libros":[{"ID":149608,"post_author":"3","post_date":"2022-10-14 14:26:16","post_date_gmt":"2022-10-14 12:26:16","post_content":"","post_title":"ALESSANDRO DI VITA","post_excerpt":"","post_status":"publish","comment_status":"closed","ping_status":"closed","post_password":"","post_name":"alessandro-di-vita","to_ping":"","pinged":"","post_modified":"2022-10-14 14:26:16","post_modified_gmt":"2022-10-14 12:26:16","post_content_filtered":"","post_parent":0,"guid":"http:\/\/dev.claret.cat\/autor\/alessandro-di-vita\/","menu_order":0,"post_type":"autor","post_mime_type":"","comment_count":"0","filter":"raw"}],"booktrailer":"","resenas":""},"aioseo_notices":[],"_links":{"self":[{"href":"https:\/\/www.claret.cat\/es\/wp-json\/wp\/v2\/product\/101147","targetHints":{"allow":["GET"]}}],"collection":[{"href":"https:\/\/www.claret.cat\/es\/wp-json\/wp\/v2\/product"}],"about":[{"href":"https:\/\/www.claret.cat\/es\/wp-json\/wp\/v2\/types\/product"}],"wp:featuredmedia":[{"embeddable":true,"href":"https:\/\/www.claret.cat\/es\/wp-json\/wp\/v2\/media\/101148"}],"wp:attachment":[{"href":"https:\/\/www.claret.cat\/es\/wp-json\/wp\/v2\/media?parent=101147"}],"wp:term":[{"taxonomy":"product_brand","embeddable":true,"href":"https:\/\/www.claret.cat\/es\/wp-json\/wp\/v2\/product_brand?post=101147"},{"taxonomy":"product_cat","embeddable":true,"href":"https:\/\/www.claret.cat\/es\/wp-json\/wp\/v2\/product_cat?post=101147"},{"taxonomy":"product_tag","embeddable":true,"href":"https:\/\/www.claret.cat\/es\/wp-json\/wp\/v2\/product_tag?post=101147"}],"curies":[{"name":"wp","href":"https:\/\/api.w.org\/{rel}","templated":true}]}}