{"id":101150,"date":"2022-10-12T08:03:10","date_gmt":"2022-10-12T06:03:10","guid":{"rendered":"http:\/\/dev.claret.cat\/producte\/cd-junto-a-ti\/"},"modified":"2023-01-28T16:27:00","modified_gmt":"2023-01-28T15:27:00","slug":"cd-junto-a-ti","status":"publish","type":"product","link":"https:\/\/www.claret.cat\/es\/libro\/cd-junto-a-ti\/","title":{"rendered":"CD- JUNTO A TI"},"content":{"rendered":"<p>\u201dJunto a ti\u201d es el segundo trabajo discogr\u00e1fico del grupo alicantino \u201cMariola Alcocer &amp; D\u2019Colores Band\u201d. Se definen a s\u00ed mismos como un grupo de personas enamoradas de la m\u00fasica y del don que Dios en su infinita misericordia ha puesto en ellos para cantar y tocar para \u00c9l. Ocho canciones entre la adoraci\u00f3n y la alabanza (worship) y la m\u00fasica pop, con una cuidada producci\u00f3n musical, y con letras que invitan a la oraci\u00f3n. El libreto del disco cuenta adem\u00e1s con reproducciones de los cuadros que la pintora Clara Bou nos regala, inspirados en cada una de las composiciones<\/p>\n","protected":false},"excerpt":{"rendered":"<p>MARIOLA ALCOCER &#038; D&#8217;COLORES BAND<\/p>\n","protected":false},"featured_media":101151,"template":"","meta":{"_acf_changed":false,"om_disable_all_campaigns":false,"rs_blank_template":"","rs_page_bg_color":"","slide_template_v7":"","inline_featured_image":false,"_monsterinsights_skip_tracking":false,"_monsterinsights_sitenote_active":false,"_monsterinsights_sitenote_note":"","_monsterinsights_sitenote_category":0},"product_brand":[],"product_cat":[302,525],"product_tag":[],"class_list":{"0":"post-101150","1":"product","2":"type-product","3":"status-publish","4":"has-post-thumbnail","6":"product_cat-cd-musica-religiosa","7":"product_cat-cd-musica-religiosa-multimedia-5_otras","9":"first","10":"instock","11":"taxable","12":"shipping-taxable","13":"purchasable","14":"product-type-simple"},"acf":{"editorial":[{"ID":6367,"post_author":"3","post_date":"2022-07-28 17:50:40","post_date_gmt":"2022-07-28 15:50:40","post_content":"","post_title":"SOLUZIONO","post_excerpt":"","post_status":"publish","comment_status":"closed","ping_status":"closed","post_password":"","post_name":"soluziono","to_ping":"","pinged":"","post_modified":"2022-07-28 17:50:40","post_modified_gmt":"2022-07-28 15:50:40","post_content_filtered":"","post_parent":0,"guid":"http:\/\/dev.claret.cat\/editorial\/soluziono\/","menu_order":0,"post_type":"editorial","post_mime_type":"","comment_count":"0","filter":"raw"}],"autor":"MARIOLA ALCOCER & D'COLORES BAND","codart":"538367513","libros-coleccion":"","ediciones":"1","encuadernacion":"R\u00fastica","fecha_de_publicacion":"19\/11\/2020","novedad":"1","paginas":"1","subtitulo":"","orden":"0","portada":"0","idioma":"spa","autores-libros":[{"ID":163999,"post_author":"3","post_date":"2022-10-14 17:43:33","post_date_gmt":"2022-10-14 15:43:33","post_content":"","post_title":"MARIOLA ALCOCER & D\u00b4COLORES BAND","post_excerpt":"","post_status":"publish","comment_status":"closed","ping_status":"closed","post_password":"","post_name":"mariola-alcocer-dcolores-band","to_ping":"","pinged":"","post_modified":"2022-10-14 17:43:33","post_modified_gmt":"2022-10-14 15:43:33","post_content_filtered":"","post_parent":0,"guid":"http:\/\/dev.claret.cat\/autor\/mariola-alcocer-dcolores-band\/","menu_order":0,"post_type":"autor","post_mime_type":"","comment_count":"0","filter":"raw"}]},"aioseo_notices":[],"_links":{"self":[{"href":"https:\/\/www.claret.cat\/es\/wp-json\/wp\/v2\/product\/101150","targetHints":{"allow":["GET"]}}],"collection":[{"href":"https:\/\/www.claret.cat\/es\/wp-json\/wp\/v2\/product"}],"about":[{"href":"https:\/\/www.claret.cat\/es\/wp-json\/wp\/v2\/types\/product"}],"wp:featuredmedia":[{"embeddable":true,"href":"https:\/\/www.claret.cat\/es\/wp-json\/wp\/v2\/media\/101151"}],"wp:attachment":[{"href":"https:\/\/www.claret.cat\/es\/wp-json\/wp\/v2\/media?parent=101150"}],"wp:term":[{"taxonomy":"product_brand","embeddable":true,"href":"https:\/\/www.claret.cat\/es\/wp-json\/wp\/v2\/product_brand?post=101150"},{"taxonomy":"product_cat","embeddable":true,"href":"https:\/\/www.claret.cat\/es\/wp-json\/wp\/v2\/product_cat?post=101150"},{"taxonomy":"product_tag","embeddable":true,"href":"https:\/\/www.claret.cat\/es\/wp-json\/wp\/v2\/product_tag?post=101150"}],"curies":[{"name":"wp","href":"https:\/\/api.w.org\/{rel}","templated":true}]}}