{"id":1011522,"date":"2025-03-13T15:50:13","date_gmt":"2025-03-13T14:50:13","guid":{"rendered":"https:\/\/www.claret.cat\/llibre\/el-dromedari-que-tenia-mal-humor-9788447953691\/"},"modified":"2025-10-22T18:55:09","modified_gmt":"2025-10-22T16:55:09","slug":"el-dromedari-que-tenia-mal-humor-9788447953691","status":"publish","type":"product","link":"https:\/\/www.claret.cat\/es\/libro\/el-dromedari-que-tenia-mal-humor-9788447953691\/","title":{"rendered":"EL DROMEDARI QUE TENIA MAL HUMOR"},"content":{"rendered":"<p>La llum de l&#8221;alba enc\u00e9n les dunes del desert i un petit dromedari es desperta de molt MAL humor. T\u00e9 calor, est\u00e0 cansat i avui no t\u00e9 GENS de ganes de caminar! Sembla que no hi ha manera de fer-lo canviar d&#8221;opini\u00f3&#8230; Per\u00f2 potser la criatura m\u00e9s animada i feli\u00e7 del desert li ensenyar\u00e0 que sovint nom\u00e9s cal un somriure per capgirar un mal dia. Una hist\u00f2ria sobre el poder transformador d&#8221;unes rialles.<\/p>\n","protected":false},"excerpt":{"rendered":"<p>BRIGHT, RACHEL<\/p>\n","protected":false},"featured_media":1011523,"template":"","meta":{"_acf_changed":false,"om_disable_all_campaigns":false,"rs_blank_template":"","rs_page_bg_color":"","slide_template_v7":"","inline_featured_image":false,"_monsterinsights_skip_tracking":false,"_monsterinsights_sitenote_active":false,"_monsterinsights_sitenote_note":"","_monsterinsights_sitenote_category":0},"product_brand":[],"product_cat":[131,361],"product_tag":[],"class_list":{"0":"post-1011522","1":"product","2":"type-product","3":"status-publish","4":"has-post-thumbnail","6":"product_cat-contes-per-infants-0-6-anys","7":"product_cat-cuentos-para-ninos-0-6-anos","9":"first","10":"instock","11":"taxable","12":"shipping-taxable","13":"purchasable","14":"product-type-simple"},"acf":{"autor":"BRIGHT, RACHEL","codart":"844795369","libros-coleccion":"\u00c0lbum","ediciones":"1","encuadernacion":"Carton\u00e9","fecha_de_publicacion":"01\/03\/2025","novedad":"1","paginas":"45","subtitulo":"","orden":"0","portada":"0","idioma":"cat","editorial":[{"ID":147536,"post_author":"3","post_date":"2022-10-14 11:51:19","post_date_gmt":"2022-10-14 09:51:19","post_content":"","post_title":"BAULA-EDELVIVES-VALENCIANO\/CATALAN-TXT-","post_excerpt":"","post_status":"publish","comment_status":"closed","ping_status":"closed","post_password":"","post_name":"baula-edelvives-valenciano-catalan-txt","to_ping":"","pinged":"","post_modified":"2022-10-14 11:51:19","post_modified_gmt":"2022-10-14 09:51:19","post_content_filtered":"","post_parent":0,"guid":"http:\/\/dev.claret.cat\/editorial\/baula-edelvives-valenciano-catalan-txt\/","menu_order":0,"post_type":"editorial","post_mime_type":"","comment_count":"0","filter":"raw"}],"booktrailer":"","resenas":""},"aioseo_notices":[],"_links":{"self":[{"href":"https:\/\/www.claret.cat\/es\/wp-json\/wp\/v2\/product\/1011522","targetHints":{"allow":["GET"]}}],"collection":[{"href":"https:\/\/www.claret.cat\/es\/wp-json\/wp\/v2\/product"}],"about":[{"href":"https:\/\/www.claret.cat\/es\/wp-json\/wp\/v2\/types\/product"}],"wp:featuredmedia":[{"embeddable":true,"href":"https:\/\/www.claret.cat\/es\/wp-json\/wp\/v2\/media\/1011523"}],"wp:attachment":[{"href":"https:\/\/www.claret.cat\/es\/wp-json\/wp\/v2\/media?parent=1011522"}],"wp:term":[{"taxonomy":"product_brand","embeddable":true,"href":"https:\/\/www.claret.cat\/es\/wp-json\/wp\/v2\/product_brand?post=1011522"},{"taxonomy":"product_cat","embeddable":true,"href":"https:\/\/www.claret.cat\/es\/wp-json\/wp\/v2\/product_cat?post=1011522"},{"taxonomy":"product_tag","embeddable":true,"href":"https:\/\/www.claret.cat\/es\/wp-json\/wp\/v2\/product_tag?post=1011522"}],"curies":[{"name":"wp","href":"https:\/\/api.w.org\/{rel}","templated":true}]}}