{"id":101168,"date":"2022-10-12T08:03:24","date_gmt":"2022-10-12T06:03:24","guid":{"rendered":"http:\/\/dev.claret.cat\/producte\/cd-alma-guerrera\/"},"modified":"2023-01-28T02:54:48","modified_gmt":"2023-01-28T01:54:48","slug":"cd-alma-guerrera","status":"publish","type":"product","link":"https:\/\/www.claret.cat\/es\/libro\/cd-alma-guerrera\/","title":{"rendered":"CD-ALMA GUERRERA"},"content":{"rendered":"<p>ALMA GUERRERA, t\u00edtulo gen\u00e9rico muy sorprendente para el tercer \u00e1lbum de C\u00c9SAR HIDALGO, cantautor FOLK-ROCK de m\u00fasica cat\u00f3lica contempor\u00e1nea y mucho m\u00e1s. A\u00fan es m\u00e1s llamativo el t\u00edtulo ALMA GUERRERA porque parece alejado de la sensibilidad e inspiraci\u00f3n que transmite C\u00e9sar en todas sus composiciones. No debemos asustarnos, sino disfrutar de este nuevo trabajo de C\u00c9SAR HIDALGO en el que su alma se ha vuelto guerrera para luchar, con la palabra y la m\u00fasica, contra el conformismo, la desesperanza, el qu\u00e9 dir\u00e1n, el orgullo, el ego\u00edsmo, la mentira, la indiferencia, la violencia, la soberbia y la falta de valores que ahora tiene nuestra sociedad. C\u00e9sar, con sus canciones de ALMA GUERRERA, reivindica la alegr\u00eda, el optimismo, la solidaridad, la fraternidad, la esperanza, la caridad y el AMOR. Con la colaboraci\u00f3n de artistas cat\u00f3licos como Ver\u00f3nica Sanfilippo o Mariola Alcocer, o el gran compositor espa\u00f1ol de talla internacional Luis Cobos.<\/p>\n","protected":false},"excerpt":{"rendered":"<p>C\u00c9SAR HIDALGO<\/p>\n","protected":false},"featured_media":101169,"template":"","meta":{"_acf_changed":false,"om_disable_all_campaigns":false,"rs_blank_template":"","rs_page_bg_color":"","slide_template_v7":"","inline_featured_image":false,"_monsterinsights_skip_tracking":false,"_monsterinsights_sitenote_active":false,"_monsterinsights_sitenote_note":"","_monsterinsights_sitenote_category":0},"product_brand":[],"product_cat":[302,525],"product_tag":[],"class_list":{"0":"post-101168","1":"product","2":"type-product","3":"status-publish","4":"has-post-thumbnail","6":"product_cat-cd-musica-religiosa","7":"product_cat-cd-musica-religiosa-multimedia-5_otras","9":"first","10":"instock","11":"taxable","12":"shipping-taxable","13":"purchasable","14":"product-type-simple"},"acf":{"editorial":[{"ID":6367,"post_author":"3","post_date":"2022-07-28 17:50:40","post_date_gmt":"2022-07-28 15:50:40","post_content":"","post_title":"SOLUZIONO","post_excerpt":"","post_status":"publish","comment_status":"closed","ping_status":"closed","post_password":"","post_name":"soluziono","to_ping":"","pinged":"","post_modified":"2022-07-28 17:50:40","post_modified_gmt":"2022-07-28 15:50:40","post_content_filtered":"","post_parent":0,"guid":"http:\/\/dev.claret.cat\/editorial\/soluziono\/","menu_order":0,"post_type":"editorial","post_mime_type":"","comment_count":"0","filter":"raw"}],"autores-libros":[{"ID":5343,"post_author":"3","post_date":"2022-07-28 17:21:57","post_date_gmt":"2022-07-28 15:21:57","post_content":"","post_title":"C\u00c9SAR HIDALGO","post_excerpt":"","post_status":"publish","comment_status":"closed","ping_status":"closed","post_password":"","post_name":"cesar-hidalgo","to_ping":"","pinged":"","post_modified":"2022-07-28 17:21:57","post_modified_gmt":"2022-07-28 15:21:57","post_content_filtered":"","post_parent":0,"guid":"http:\/\/dev.claret.cat\/autor\/cesar-hidalgo\/","menu_order":0,"post_type":"autor","post_mime_type":"","comment_count":"0","filter":"raw"}],"autor":"C\u00c9SAR HIDALGO","codart":"159711267","libros-coleccion":"","ediciones":"1","encuadernacion":"R\u00fastica","fecha_de_publicacion":"19\/11\/2020","novedad":"1","paginas":"0","subtitulo":"","orden":"0","portada":"0","idioma":"spa"},"aioseo_notices":[],"_links":{"self":[{"href":"https:\/\/www.claret.cat\/es\/wp-json\/wp\/v2\/product\/101168","targetHints":{"allow":["GET"]}}],"collection":[{"href":"https:\/\/www.claret.cat\/es\/wp-json\/wp\/v2\/product"}],"about":[{"href":"https:\/\/www.claret.cat\/es\/wp-json\/wp\/v2\/types\/product"}],"wp:featuredmedia":[{"embeddable":true,"href":"https:\/\/www.claret.cat\/es\/wp-json\/wp\/v2\/media\/101169"}],"wp:attachment":[{"href":"https:\/\/www.claret.cat\/es\/wp-json\/wp\/v2\/media?parent=101168"}],"wp:term":[{"taxonomy":"product_brand","embeddable":true,"href":"https:\/\/www.claret.cat\/es\/wp-json\/wp\/v2\/product_brand?post=101168"},{"taxonomy":"product_cat","embeddable":true,"href":"https:\/\/www.claret.cat\/es\/wp-json\/wp\/v2\/product_cat?post=101168"},{"taxonomy":"product_tag","embeddable":true,"href":"https:\/\/www.claret.cat\/es\/wp-json\/wp\/v2\/product_tag?post=101168"}],"curies":[{"name":"wp","href":"https:\/\/api.w.org\/{rel}","templated":true}]}}