{"id":1011705,"date":"2025-03-14T16:25:01","date_gmt":"2025-03-14T15:25:01","guid":{"rendered":"https:\/\/www.claret.cat\/llibre\/el-leccionario-biblico-bienal-de-la-liturgia-de-las-horas-tras-el-concilio-vaticano-ii-9788491656760\/"},"modified":"2025-09-01T13:21:02","modified_gmt":"2025-09-01T11:21:02","slug":"el-leccionario-biblico-bienal-de-la-liturgia-de-las-horas-tras-el-concilio-vaticano-ii-9788491656760","status":"publish","type":"product","link":"https:\/\/www.claret.cat\/es\/libro\/el-leccionario-biblico-bienal-de-la-liturgia-de-las-horas-tras-el-concilio-vaticano-ii-9788491656760\/","title":{"rendered":"EL LECCIONARIO B\u00cdBLICO BIENAL DE LA LIT\u00daRGIA DE LAS HORAS TRAS EL CONCILIO VATICANO II"},"content":{"rendered":"<p><strong>El Oficio de Lectura Bienal: Historia y Desarrollo desde el Vaticano II.<\/strong><\/p>\n<p>El <strong>Concilio Vaticano II<\/strong> promovi\u00f3 una <strong>mayor presencia de la Biblia<\/strong> en la liturgia, impulsando, entre otras iniciativas, un <strong>ciclo bienal<\/strong> para el <strong>Oficio de Lectura<\/strong> en la <strong>Liturgia de las Horas<\/strong>. Sin embargo, este ciclo no lleg\u00f3 a implementarse en la edici\u00f3n t\u00edpica del libro lit\u00fargico.<\/p>\n<p>Desde entonces, se ha trabajado en una edici\u00f3n <strong>bienal<\/strong> tanto de las <strong>lecturas b\u00edblicas<\/strong> como de los <strong>textos patr\u00edsticos<\/strong>, culminando en su <strong>presentaci\u00f3n definitiva en 2020<\/strong>.<\/p>\n<p><strong>Este estudio recoge:<\/strong><\/p>\n<p><span> Un an\u00e1lisis comparativo de las <\/span><strong>citas b\u00edblicas<\/strong> en el Oficio de Lectura Bienal.<\/p>\n<p> La evoluci\u00f3n del proyecto desde el <strong>Consilium<\/strong> hasta su versi\u00f3n final.<\/p>\n<p> Un recorrido por las <strong>sentencias-resumen<\/strong> que acompa\u00f1an cada d\u00eda del a\u00f1o lit\u00fargico.<\/p>\n<p><strong>Un recurso clave<\/strong> para estudiosos de la liturgia, sacerdotes y fieles interesados en profundizar en la riqueza espiritual del Oficio de Lectura.<\/p>\n","protected":false},"excerpt":{"rendered":"<p>GO\u00d1I, JOS\u00c9 ANTONIO <\/p>\n","protected":false},"featured_media":1011851,"template":"","meta":{"_acf_changed":false,"om_disable_all_campaigns":false,"rs_blank_template":"","rs_page_bg_color":"","slide_template_v7":"","inline_featured_image":false,"_monsterinsights_skip_tracking":false,"_monsterinsights_sitenote_active":false,"_monsterinsights_sitenote_note":"","_monsterinsights_sitenote_category":0},"product_brand":[],"product_cat":[399,253,499,251,502,257],"product_tag":[],"class_list":{"0":"post-1011705","1":"product","2":"type-product","3":"status-publish","4":"has-post-thumbnail","6":"product_cat-any-liturgic-liturgia-1_espiritualidad","7":"product_cat-any-liturgic","8":"product_cat-de-las-horas","9":"product_cat-de-les-hores","10":"product_cat-obras-generales-liturgia-1_espiritualidad","11":"product_cat-obres-generals-liturgia-1_espiritualitat","13":"first","14":"instock","15":"taxable","16":"shipping-taxable","17":"purchasable","18":"product-type-simple"},"acf":{"autor":"GO\u00d1I, JOS\u00c9 ANTONIO ","codart":"849165676","libros-coleccion":"Cuadernos PHASE","ediciones":"1","encuadernacion":"R\u00fastica","fecha_de_publicacion":"14\/03\/2025","novedad":"1","paginas":"218","subtitulo":"TRAS EL CONCILIO VATICANO II","orden":"0","portada":"0","idioma":"spa","editorial":[{"ID":6172,"post_author":"3","post_date":"2022-07-28 17:46:27","post_date_gmt":"2022-07-28 15:46:27","post_content":"","post_title":"CPL","post_excerpt":"","post_status":"publish","comment_status":"closed","ping_status":"closed","post_password":"","post_name":"cpl","to_ping":"","pinged":"","post_modified":"2022-07-28 17:46:27","post_modified_gmt":"2022-07-28 15:46:27","post_content_filtered":"","post_parent":0,"guid":"http:\/\/dev.claret.cat\/editorial\/cpl\/","menu_order":0,"post_type":"editorial","post_mime_type":"","comment_count":"0","filter":"raw"}],"booktrailer":"","resenas":""},"aioseo_notices":[],"_links":{"self":[{"href":"https:\/\/www.claret.cat\/es\/wp-json\/wp\/v2\/product\/1011705","targetHints":{"allow":["GET"]}}],"collection":[{"href":"https:\/\/www.claret.cat\/es\/wp-json\/wp\/v2\/product"}],"about":[{"href":"https:\/\/www.claret.cat\/es\/wp-json\/wp\/v2\/types\/product"}],"wp:featuredmedia":[{"embeddable":true,"href":"https:\/\/www.claret.cat\/es\/wp-json\/wp\/v2\/media\/1011851"}],"wp:attachment":[{"href":"https:\/\/www.claret.cat\/es\/wp-json\/wp\/v2\/media?parent=1011705"}],"wp:term":[{"taxonomy":"product_brand","embeddable":true,"href":"https:\/\/www.claret.cat\/es\/wp-json\/wp\/v2\/product_brand?post=1011705"},{"taxonomy":"product_cat","embeddable":true,"href":"https:\/\/www.claret.cat\/es\/wp-json\/wp\/v2\/product_cat?post=1011705"},{"taxonomy":"product_tag","embeddable":true,"href":"https:\/\/www.claret.cat\/es\/wp-json\/wp\/v2\/product_tag?post=1011705"}],"curies":[{"name":"wp","href":"https:\/\/api.w.org\/{rel}","templated":true}]}}