{"id":101177,"date":"2022-10-12T08:03:32","date_gmt":"2022-10-12T06:03:32","guid":{"rendered":"http:\/\/dev.claret.cat\/producte\/exposicion-del-salmo-118\/"},"modified":"2024-05-22T23:00:00","modified_gmt":"2024-05-22T21:00:00","slug":"exposicion-del-salmo-118-9788497154802","status":"publish","type":"product","link":"https:\/\/www.claret.cat\/es\/libro\/exposicion-del-salmo-118-9788497154802\/","title":{"rendered":"EXPOSICI\u00d3N DEL SALMO 118"},"content":{"rendered":"<p>Desde el primer momento de su tarea episcopal, san Ambrosio fue consciente de la importancia de la ex\u00e9gesis escritur\u00edstica en el desempe\u00f1o de su cargo pastoral. No en vano sus primeras obras se dedican a comentar escenas del libro del G\u00e9nesis. Luego, a lo largo de los a\u00f1os tuvo que dedicar su atenci\u00f3n de pastor y su producci\u00f3n literaria a otros temas perentorios, como los cuatro discursos de consolaci\u00f3n ante la muerte de diferentes personajes de su entorno o la explicaci\u00f3n del s\u00edmbolo niceno de la fe y de los sacramentos cristianos.<\/p>\n<p> Al final de su vida, se vuelve de nuevo a la sagrada Escritura, concretamente al libro de los Salmos. En su af\u00e1n de pastor ha valorado siempre la Sagrada Escritura como el camino que hace posible un encuentro personal del alma con Dios: no solo a pocos que se encuentran en la cima de las virtudes o a la altura de experiencias m\u00edsticas, sino a todos los creyentes, porque cada hombre es capaz de encontrar a Cristo en la lectura de los textos sagrados, en sus milagros y en sus palabras.<\/p>\n<p> \u00c9l personalmente se enfrenta a la palabra revelada con suma reverencia, porque desea participar en su infinitud y su inescrutabilidad, considerando que la Revelaci\u00f3n es amplia como el mar en el que desembocan todos los r\u00edos de la sabidur\u00eda y el conocimiento.<\/p>\n<p> El comentario del obispo de Mil\u00e1n al Salmo CXVIII que se ofrece en estas p\u00e1ginas es traducido al castellano por primera vez.<\/p>\n","protected":false},"excerpt":{"rendered":"<p>MIL\u00c1N, AMBROSIO DE<\/p>\n","protected":false},"featured_media":387779,"template":"","meta":{"_acf_changed":false,"om_disable_all_campaigns":false,"rs_blank_template":"","rs_page_bg_color":"","slide_template_v7":"","inline_featured_image":false,"_monsterinsights_skip_tracking":false,"_monsterinsights_sitenote_active":false,"_monsterinsights_sitenote_note":"","_monsterinsights_sitenote_category":0},"product_brand":[],"product_cat":[90,540],"product_tag":[],"class_list":{"0":"post-101177","1":"product","2":"type-product","3":"status-publish","4":"has-post-thumbnail","6":"product_cat-altres","7":"product_cat-otros","9":"first","10":"instock","11":"taxable","12":"shipping-taxable","13":"purchasable","14":"product-type-simple"},"acf":{"editorial":[{"ID":6157,"post_author":"3","post_date":"2022-07-28 17:46:07","post_date_gmt":"2022-07-28 15:46:07","post_content":"","post_title":"Ciudad Nueva","post_excerpt":"","post_status":"publish","comment_status":"closed","ping_status":"closed","post_password":"","post_name":"ciudad-nueva","to_ping":"","pinged":"","post_modified":"2022-07-28 17:46:07","post_modified_gmt":"2022-07-28 15:46:07","post_content_filtered":"","post_parent":0,"guid":"http:\/\/dev.claret.cat\/editorial\/ciudad-nueva\/","menu_order":0,"post_type":"editorial","post_mime_type":"","comment_count":"0","filter":"raw"}],"autor":"MIL\u00c1N, AMBROSIO DE","codart":"849715480","libros-coleccion":"Biblioteca de Patr\u00edstica","ediciones":"1","encuadernacion":"R\u00fastica","fecha_de_publicacion":"19\/11\/2020","novedad":"1","paginas":"704","subtitulo":"","orden":"0","portada":"0","idioma":"spa","autores-libros":[{"ID":149995,"post_author":"3","post_date":"2022-10-14 14:29:23","post_date_gmt":"2022-10-14 12:29:23","post_content":"","post_title":"AMBROSIO DE MIL\u00c1N","post_excerpt":"","post_status":"publish","comment_status":"closed","ping_status":"closed","post_password":"","post_name":"ambrosio-de-milan","to_ping":"","pinged":"","post_modified":"2022-10-14 14:29:23","post_modified_gmt":"2022-10-14 12:29:23","post_content_filtered":"","post_parent":0,"guid":"http:\/\/dev.claret.cat\/autor\/ambrosio-de-milan\/","menu_order":0,"post_type":"autor","post_mime_type":"","comment_count":"0","filter":"raw"}]},"aioseo_notices":[],"_links":{"self":[{"href":"https:\/\/www.claret.cat\/es\/wp-json\/wp\/v2\/product\/101177","targetHints":{"allow":["GET"]}}],"collection":[{"href":"https:\/\/www.claret.cat\/es\/wp-json\/wp\/v2\/product"}],"about":[{"href":"https:\/\/www.claret.cat\/es\/wp-json\/wp\/v2\/types\/product"}],"wp:featuredmedia":[{"embeddable":true,"href":"https:\/\/www.claret.cat\/es\/wp-json\/wp\/v2\/media\/387779"}],"wp:attachment":[{"href":"https:\/\/www.claret.cat\/es\/wp-json\/wp\/v2\/media?parent=101177"}],"wp:term":[{"taxonomy":"product_brand","embeddable":true,"href":"https:\/\/www.claret.cat\/es\/wp-json\/wp\/v2\/product_brand?post=101177"},{"taxonomy":"product_cat","embeddable":true,"href":"https:\/\/www.claret.cat\/es\/wp-json\/wp\/v2\/product_cat?post=101177"},{"taxonomy":"product_tag","embeddable":true,"href":"https:\/\/www.claret.cat\/es\/wp-json\/wp\/v2\/product_tag?post=101177"}],"curies":[{"name":"wp","href":"https:\/\/api.w.org\/{rel}","templated":true}]}}