{"id":101189,"date":"2022-10-12T08:03:41","date_gmt":"2022-10-12T06:03:41","guid":{"rendered":"http:\/\/dev.claret.cat\/producte\/por-que-ser-feliz-el-camino-japones-a-la-aceptacion\/"},"modified":"2025-01-20T17:16:20","modified_gmt":"2025-01-20T16:16:20","slug":"por-que-ser-feliz-el-camino-japones-a-la-aceptacion-9788491875727","status":"publish","type":"product","link":"https:\/\/www.claret.cat\/es\/libro\/por-que-ser-feliz-el-camino-japones-a-la-aceptacion-9788491875727\/","title":{"rendered":"\u00bfPOR QU\u00c9 SER FELIZ? EL CAMINO JAPON\u00c9S A LA ACEPTACI\u00d3N"},"content":{"rendered":"<p>Los japoneses tienen muchos t\u00e9rminos para expresar aceptaci\u00f3n.El m\u00e1s conmovedor de todos es ukeireru, un concepto que hace referencia a la actitud amorosa con la que una madre recibe algo de manos de su hijo. Ukeireru es una met\u00e1fora sobre acoger lo que viene dado, para aceptar todo lo que nos rodea tal y como es.El psic\u00f3logo Scott Haas ha hallado una manera simple y efectiva de alcanzar la felicidad gracias a su conocimiento profundo de la cultura japonesa. Tras un an\u00e1lisis riguroso de las costumbres de los mundos occidental y oriental, y con una prosa sencilla e inspiradora, nos explica c\u00f3mo, adem\u00e1s de aplicando ciertas costumbres orientales -como hacer la siesta o la ceremonia del t\u00e9-, al concepto ukeireru puede alejarnos del estr\u00e9s y la ansiedad.Ukeireru: un ant\u00eddoto para hallar la calma y el equilibrio.<\/p>\n","protected":false},"excerpt":{"rendered":"<p>HASS SCOTT<\/p>\n","protected":false},"featured_media":101190,"template":"","meta":{"_acf_changed":false,"om_disable_all_campaigns":false,"rs_blank_template":"","rs_page_bg_color":"","slide_template_v7":"","inline_featured_image":false,"_monsterinsights_skip_tracking":false,"_monsterinsights_sitenote_active":false,"_monsterinsights_sitenote_note":"","_monsterinsights_sitenote_category":0},"product_brand":[],"product_cat":[179,377],"product_tag":[],"class_list":{"0":"post-101189","1":"product","2":"type-product","3":"status-publish","4":"has-post-thumbnail","6":"product_cat-autoajuda-i-salut-mental","7":"product_cat-autoayuda-y-salud-mental","9":"first","10":"instock","11":"taxable","12":"shipping-taxable","13":"purchasable","14":"product-type-simple"},"acf":{"editorial":[{"ID":148734,"post_author":"3","post_date":"2022-10-14 12:00:33","post_date_gmt":"2022-10-14 10:00:33","post_content":"","post_title":"RBA Bolsillo","post_excerpt":"","post_status":"publish","comment_status":"closed","ping_status":"closed","post_password":"","post_name":"rba-bolsillo","to_ping":"","pinged":"","post_modified":"2022-10-14 12:00:33","post_modified_gmt":"2022-10-14 10:00:33","post_content_filtered":"","post_parent":0,"guid":"http:\/\/dev.claret.cat\/editorial\/rba-bolsillo\/","menu_order":0,"post_type":"editorial","post_mime_type":"","comment_count":"0","filter":"raw"}],"autor":"HASS SCOTT","codart":"849187572","libros-coleccion":"Divulgaci\u00f3n","ediciones":"1","encuadernacion":"R\u00fastica","fecha_de_publicacion":"01\/11\/2020","novedad":"1","paginas":"267","subtitulo":"","orden":"0","portada":"0","idioma":"spa","autores-libros":[{"ID":157399,"post_author":"3","post_date":"2022-10-14 15:28:31","post_date_gmt":"2022-10-14 13:28:31","post_content":"","post_title":"HASS SCOTT","post_excerpt":"","post_status":"publish","comment_status":"closed","ping_status":"closed","post_password":"","post_name":"hass-scott","to_ping":"","pinged":"","post_modified":"2022-10-14 15:28:31","post_modified_gmt":"2022-10-14 13:28:31","post_content_filtered":"","post_parent":0,"guid":"http:\/\/dev.claret.cat\/autor\/hass-scott\/","menu_order":0,"post_type":"autor","post_mime_type":"","comment_count":"0","filter":"raw"}]},"aioseo_notices":[],"_links":{"self":[{"href":"https:\/\/www.claret.cat\/es\/wp-json\/wp\/v2\/product\/101189","targetHints":{"allow":["GET"]}}],"collection":[{"href":"https:\/\/www.claret.cat\/es\/wp-json\/wp\/v2\/product"}],"about":[{"href":"https:\/\/www.claret.cat\/es\/wp-json\/wp\/v2\/types\/product"}],"wp:featuredmedia":[{"embeddable":true,"href":"https:\/\/www.claret.cat\/es\/wp-json\/wp\/v2\/media\/101190"}],"wp:attachment":[{"href":"https:\/\/www.claret.cat\/es\/wp-json\/wp\/v2\/media?parent=101189"}],"wp:term":[{"taxonomy":"product_brand","embeddable":true,"href":"https:\/\/www.claret.cat\/es\/wp-json\/wp\/v2\/product_brand?post=101189"},{"taxonomy":"product_cat","embeddable":true,"href":"https:\/\/www.claret.cat\/es\/wp-json\/wp\/v2\/product_cat?post=101189"},{"taxonomy":"product_tag","embeddable":true,"href":"https:\/\/www.claret.cat\/es\/wp-json\/wp\/v2\/product_tag?post=101189"}],"curies":[{"name":"wp","href":"https:\/\/api.w.org\/{rel}","templated":true}]}}