{"id":1011902,"date":"2025-03-17T12:40:02","date_gmt":"2025-03-17T11:40:02","guid":{"rendered":"https:\/\/www.claret.cat\/llibre\/animales-salvajes-popup-de-cuento-9788410318007\/"},"modified":"2025-03-17T13:36:10","modified_gmt":"2025-03-17T12:36:10","slug":"animales-salvajes-popup-de-cuento-9788410318007","status":"publish","type":"product","link":"https:\/\/www.claret.cat\/es\/libro\/animales-salvajes-popup-de-cuento-9788410318007\/","title":{"rendered":"ANIMALES SALVAJES (POP-UP DE CUENTO)"},"content":{"rendered":"<p>Un incre\u00edble libro pop-up con texto rimado para que los ni\u00f1os y las ni\u00f1as descubran los animales de la selva. En la selva hay animales superpertidos. \u00a1Incluso un le\u00f3n que suelta un gran rugido! \u00a1Son todos impresionantes! \u00bfHab\u00edas visto algo as\u00ed antes? Descubre \u00abPop-up de cuento\u00bb, la colecci\u00f3n para ni\u00f1os y ni\u00f1as con un pop-up en cada p\u00e1gina. Historias rimadas para vivir la magia de los cuentos en 3D, disfrutando como nunca de los cuentos de siempre. \u00a1Animales incre\u00edbles, ilustraciones a todo color y pop-up: la mezcla perfecta para que los m\u00e1s peque\u00f1os se lo pasen en grande! \u00bfPor qu\u00e9 destaca este cuento?<br \/>&#8211; FORMATO PERFECTO PARA PEQUE\u00d1AS MANITAS: este \u00e1lbum ilustrado pop-up tiene unas maravillosas ilustraciones que llamar\u00e1n la atenci\u00f3n de ni\u00f1os y ni\u00f1as. &#8211; ELEMENTOS POP-UP: los componentes tridimensionales, t\u00e1ctiles y sensoriales aumentar\u00e1n la curiosidad de los peque\u00f1os lectores, que disfrutar\u00e1n manipulando las figuras de los animales. &#8211; TEXTO RIMADO: simplifica la estructura narrativa y es ideal para que los ni\u00f1os en edad preescolar disfruten de la experiencia a la vez que aprenden nuevas palabras y desarrollan sus habilidades ling\u00fc\u00edsticas. &#8211; TEMA QUE FASCINA A LOS NI\u00d1OS: los animales de la selva siempre interesan a los peques, pero, en esta ocasi\u00f3n, los conocer\u00e1n mediante un libro que estimular\u00e1 su amor por la lectura y su imaginaci\u00f3n. &#8211; LIBRO REGALO: con tapa dura y de tama\u00f1o grande, este libro es perfecto para regalar a ni\u00f1os de 0, 1, 2, 3, 4 o 5 a\u00f1os. Descubre todos los libros de la colecci\u00f3n \u00abPop-up de cuento\u00bb: Descubre todos los libros de la colecci\u00f3n \u00abPop-up de cuento\u00bb: Los tres cerditos Dinosaurios pertidos Los animales de la granja Navidad m\u00e1gica con Pap\u00e1 Noel Los Reyes Magos Caperucita Roja Animales salvajes<\/p>\n","protected":false},"excerpt":{"rendered":"<p>VV.AA<\/p>\n","protected":false},"featured_media":1011903,"template":"","meta":{"_acf_changed":false,"om_disable_all_campaigns":false,"rs_blank_template":"","rs_page_bg_color":"","slide_template_v7":"","inline_featured_image":false,"_monsterinsights_skip_tracking":false,"_monsterinsights_sitenote_active":false,"_monsterinsights_sitenote_note":"","_monsterinsights_sitenote_category":0},"product_brand":[],"product_cat":[131,361],"product_tag":[],"class_list":{"0":"post-1011902","1":"product","2":"type-product","3":"status-publish","4":"has-post-thumbnail","6":"product_cat-contes-per-infants-0-6-anys","7":"product_cat-cuentos-para-ninos-0-6-anos","9":"first","10":"instock","11":"taxable","12":"shipping-taxable","13":"purchasable","14":"product-type-simple"},"acf":{"autor":"VV.AA","codart":"841031800","libros-coleccion":"FORA DE COL.LECCI\u00d3","ediciones":"1","encuadernacion":"Carton\u00e9","fecha_de_publicacion":"01\/03\/2025","novedad":"1","paginas":"10","subtitulo":"CON POP-UP EN CADA P\u00c1GINA PARA NI\u00d1OS Y NI\u00d1AS","orden":"0","portada":"0","idioma":"spa","editorial":[{"ID":148657,"post_author":"3","post_date":"2022-10-14 11:59:58","post_date_gmt":"2022-10-14 09:59:58","post_content":"","post_title":"Penguin Kids","post_excerpt":"","post_status":"publish","comment_status":"closed","ping_status":"closed","post_password":"","post_name":"penguin-kids","to_ping":"","pinged":"","post_modified":"2022-10-14 11:59:58","post_modified_gmt":"2022-10-14 09:59:58","post_content_filtered":"","post_parent":0,"guid":"http:\/\/dev.claret.cat\/editorial\/penguin-kids\/","menu_order":0,"post_type":"editorial","post_mime_type":"","comment_count":"0","filter":"raw"}]},"aioseo_notices":[],"_links":{"self":[{"href":"https:\/\/www.claret.cat\/es\/wp-json\/wp\/v2\/product\/1011902","targetHints":{"allow":["GET"]}}],"collection":[{"href":"https:\/\/www.claret.cat\/es\/wp-json\/wp\/v2\/product"}],"about":[{"href":"https:\/\/www.claret.cat\/es\/wp-json\/wp\/v2\/types\/product"}],"wp:featuredmedia":[{"embeddable":true,"href":"https:\/\/www.claret.cat\/es\/wp-json\/wp\/v2\/media\/1011903"}],"wp:attachment":[{"href":"https:\/\/www.claret.cat\/es\/wp-json\/wp\/v2\/media?parent=1011902"}],"wp:term":[{"taxonomy":"product_brand","embeddable":true,"href":"https:\/\/www.claret.cat\/es\/wp-json\/wp\/v2\/product_brand?post=1011902"},{"taxonomy":"product_cat","embeddable":true,"href":"https:\/\/www.claret.cat\/es\/wp-json\/wp\/v2\/product_cat?post=1011902"},{"taxonomy":"product_tag","embeddable":true,"href":"https:\/\/www.claret.cat\/es\/wp-json\/wp\/v2\/product_tag?post=1011902"}],"curies":[{"name":"wp","href":"https:\/\/api.w.org\/{rel}","templated":true}]}}