{"id":1011908,"date":"2025-03-17T12:40:27","date_gmt":"2025-03-17T11:40:27","guid":{"rendered":"https:\/\/www.claret.cat\/llibre\/les-bruixes-9788410190740\/"},"modified":"2025-03-22T13:15:12","modified_gmt":"2025-03-22T12:15:12","slug":"les-bruixes-9788410190740","status":"publish","type":"product","link":"https:\/\/www.claret.cat\/es\/libro\/les-bruixes-9788410190740\/","title":{"rendered":"LES BRUIXES"},"content":{"rendered":"<p>Gaudeix dels cl\u00e0ssics de Roald Dahl amb la col\u00b7lecci\u00f3 L\u2019Esparver. Una hist\u00f2ria de Roald Dahl, gran autor de la literatura infantil. Les bruixes de tot el m\u00f3n, sota l&#8221;aparen\u00e7a de senyores normals i corrents, estan celebrant la Reuni\u00f3 Anual. Han decidit convertir tots els infants en ratolins mitjan\u00e7ant una f\u00f3rmula m\u00e0gica. Les podran v\u00e8ncer, el protagonista d&#8221;aquesta hist\u00f2ria i la seva \u00e0via? Il\u00b7lustrat per Quentin Blake<\/p>\n","protected":false},"excerpt":{"rendered":"<p>DAHL, ROALD<\/p>\n","protected":false},"featured_media":1011909,"template":"","meta":{"_acf_changed":false,"om_disable_all_campaigns":false,"rs_blank_template":"","rs_page_bg_color":"","slide_template_v7":"","inline_featured_image":false,"_monsterinsights_skip_tracking":false,"_monsterinsights_sitenote_active":false,"_monsterinsights_sitenote_note":"","_monsterinsights_sitenote_category":0},"product_brand":[],"product_cat":[131,361],"product_tag":[],"class_list":{"0":"post-1011908","1":"product","2":"type-product","3":"status-publish","4":"has-post-thumbnail","6":"product_cat-contes-per-infants-0-6-anys","7":"product_cat-cuentos-para-ninos-0-6-anos","9":"first","10":"instock","11":"taxable","12":"shipping-taxable","13":"purchasable","14":"product-type-simple"},"acf":{"autor":"DAHL, ROALD","codart":"841019074","libros-coleccion":"FORA DE COL.LECCI\u00d3","ediciones":"1","encuadernacion":"R\u00fastica","fecha_de_publicacion":"01\/03\/2025","novedad":"1","paginas":"206","subtitulo":"TEXTOS ORIGINALS DE L''AUTOR","orden":"0","portada":"0","idioma":"cat","editorial":[{"ID":6118,"post_author":"3","post_date":"2022-07-28 17:45:17","post_date_gmt":"2022-07-28 15:45:17","post_content":"","post_title":"ALFAGUARA","post_excerpt":"","post_status":"publish","comment_status":"closed","ping_status":"closed","post_password":"","post_name":"alfaguara","to_ping":"","pinged":"","post_modified":"2022-07-28 17:45:17","post_modified_gmt":"2022-07-28 15:45:17","post_content_filtered":"","post_parent":0,"guid":"http:\/\/dev.claret.cat\/editorial\/alfaguara\/","menu_order":0,"post_type":"editorial","post_mime_type":"","comment_count":"0","filter":"raw"}]},"aioseo_notices":[],"_links":{"self":[{"href":"https:\/\/www.claret.cat\/es\/wp-json\/wp\/v2\/product\/1011908","targetHints":{"allow":["GET"]}}],"collection":[{"href":"https:\/\/www.claret.cat\/es\/wp-json\/wp\/v2\/product"}],"about":[{"href":"https:\/\/www.claret.cat\/es\/wp-json\/wp\/v2\/types\/product"}],"wp:featuredmedia":[{"embeddable":true,"href":"https:\/\/www.claret.cat\/es\/wp-json\/wp\/v2\/media\/1011909"}],"wp:attachment":[{"href":"https:\/\/www.claret.cat\/es\/wp-json\/wp\/v2\/media?parent=1011908"}],"wp:term":[{"taxonomy":"product_brand","embeddable":true,"href":"https:\/\/www.claret.cat\/es\/wp-json\/wp\/v2\/product_brand?post=1011908"},{"taxonomy":"product_cat","embeddable":true,"href":"https:\/\/www.claret.cat\/es\/wp-json\/wp\/v2\/product_cat?post=1011908"},{"taxonomy":"product_tag","embeddable":true,"href":"https:\/\/www.claret.cat\/es\/wp-json\/wp\/v2\/product_tag?post=1011908"}],"curies":[{"name":"wp","href":"https:\/\/api.w.org\/{rel}","templated":true}]}}