{"id":1011914,"date":"2025-03-17T12:45:02","date_gmt":"2025-03-17T11:45:02","guid":{"rendered":"https:\/\/www.claret.cat\/llibre\/tu-eres-el-detective-con-los-buscapistas-6-misterio-en-la-estacion-espacial-9788410050747\/"},"modified":"2025-06-05T17:15:19","modified_gmt":"2025-06-05T15:15:19","slug":"tu-eres-el-detective-con-los-buscapistas-6-misterio-en-la-estacion-espacial-9788410050747","status":"publish","type":"product","link":"https:\/\/www.claret.cat\/es\/libro\/tu-eres-el-detective-con-los-buscapistas-6-misterio-en-la-estacion-espacial-9788410050747\/","title":{"rendered":"T\u00da ERES EL DETECTIVE CON LOS BUSCAPISTAS 6 &#8211; MISTERIO EN LA ESTACI\u00d3N ESPACIAL"},"content":{"rendered":"<p>En la nueva serie de Los Buscapistas, \u00a1T\u00da ERES EL DETECTIVE! Sigue las pistas y resuelve el misterio: \u00a1LEE, INVESTIGA Y DIVI\u00c9RTETE! LOS BUSCAPISTAS NECESITAN TU AYUDA PARA RESOLVER EL MISTERIO Pepa y Maxi tienen que resolver un nuevo caso en una estaci\u00f3n espacial: \u00a1todos los astronautas est\u00e1n sufriendo accidentes antes de salir al espacio! \u00bfQui\u00e9n estar\u00e1 detr\u00e1s de estos sucesos? Solo podr\u00e1n encontrar al culpable con la ayuda de un gran detective: \u00a1T\u00da! &#8216; Interroga a los sospechosos del caso. &#8216; Encuentra las pistas escondidas en las ilustraciones. &#8216; Elige cu\u00e1l ser\u00e1 el siguiente paso en la investigaci\u00f3n, \u00a1y decide c\u00f3mo sigue la historia! \u00a1Resuelve todos los misterios y convi\u00e9rtete en detective con Pepa Pistas y Maxi Casos! ____ LOS BUSCAPISTAS ES LA SERIE QUE TRIUNFA: \u00a1M\u00c1S DE 500.000 PEQUE\u00d1OS DETECTIVES HAN LE\u00cdDO SUS AVENTURAS! \u00bfPor qu\u00e9 es son los libros favoritos de ni\u00f1os y ni\u00f1as? &#8211; Con letra grande para una lectura f\u00e1cil y amena &#8211; Repleto de divertidas ilustraciones que acompa\u00f1an al texto &#8211; Una historia muy entretenida que enganchar\u00e1 a los ni\u00f1os y a las ni\u00f1as &#8211; Un misterio que convertir\u00e1 a los peque\u00f1os lectores en investigadores &#8211; Con un tama\u00f1o perfecto para manejar y para llevar a cualquier parte<\/p>\n","protected":false},"excerpt":{"rendered":"<p>BLANCH, TERESA \/ LABARI, JOS\u00c9 \u00c1NGEL<\/p>\n","protected":false},"featured_media":1011915,"template":"","meta":{"_acf_changed":false,"om_disable_all_campaigns":false,"rs_blank_template":"","rs_page_bg_color":"","slide_template_v7":"","inline_featured_image":false,"_monsterinsights_skip_tracking":false,"_monsterinsights_sitenote_active":false,"_monsterinsights_sitenote_note":"","_monsterinsights_sitenote_category":0},"product_brand":[],"product_cat":[132,362],"product_tag":[],"class_list":{"0":"post-1011914","1":"product","2":"type-product","3":"status-publish","4":"has-post-thumbnail","6":"product_cat-lectures-per-preadolescents-6-12-anys","7":"product_cat-libros-preadolescentes-6-12-anos","9":"first","10":"instock","11":"taxable","12":"shipping-taxable","13":"purchasable","14":"product-type-simple"},"acf":{"autor":"BLANCH, TERESA \/ LABARI, JOS\u00c9 \u00c1NGEL","codart":"841005074","libros-coleccion":"Montena","ediciones":"1","encuadernacion":"R\u00fastica","fecha_de_publicacion":"01\/03\/2025","novedad":"1","paginas":"96","subtitulo":"","orden":"0","portada":"0","idioma":"spa","editorial":[{"ID":6310,"post_author":"3","post_date":"2022-07-28 17:49:26","post_date_gmt":"2022-07-28 15:49:26","post_content":"","post_title":"MONTENA","post_excerpt":"","post_status":"publish","comment_status":"closed","ping_status":"closed","post_password":"","post_name":"montena","to_ping":"","pinged":"","post_modified":"2022-07-28 17:49:26","post_modified_gmt":"2022-07-28 15:49:26","post_content_filtered":"","post_parent":0,"guid":"http:\/\/dev.claret.cat\/editorial\/montena\/","menu_order":0,"post_type":"editorial","post_mime_type":"","comment_count":"0","filter":"raw"}],"booktrailer":"","resenas":""},"aioseo_notices":[],"_links":{"self":[{"href":"https:\/\/www.claret.cat\/es\/wp-json\/wp\/v2\/product\/1011914","targetHints":{"allow":["GET"]}}],"collection":[{"href":"https:\/\/www.claret.cat\/es\/wp-json\/wp\/v2\/product"}],"about":[{"href":"https:\/\/www.claret.cat\/es\/wp-json\/wp\/v2\/types\/product"}],"wp:featuredmedia":[{"embeddable":true,"href":"https:\/\/www.claret.cat\/es\/wp-json\/wp\/v2\/media\/1011915"}],"wp:attachment":[{"href":"https:\/\/www.claret.cat\/es\/wp-json\/wp\/v2\/media?parent=1011914"}],"wp:term":[{"taxonomy":"product_brand","embeddable":true,"href":"https:\/\/www.claret.cat\/es\/wp-json\/wp\/v2\/product_brand?post=1011914"},{"taxonomy":"product_cat","embeddable":true,"href":"https:\/\/www.claret.cat\/es\/wp-json\/wp\/v2\/product_cat?post=1011914"},{"taxonomy":"product_tag","embeddable":true,"href":"https:\/\/www.claret.cat\/es\/wp-json\/wp\/v2\/product_tag?post=1011914"}],"curies":[{"name":"wp","href":"https:\/\/api.w.org\/{rel}","templated":true}]}}